{"id":759990,"date":"2025-08-28T08:50:53","date_gmt":"2025-08-28T05:50:53","guid":{"rendered":"https:\/\/roveyayinevi.com.tr\/index.php\/urun\/dune-grafik-roman-2-cilt-muaddib\/"},"modified":"2026-04-16T03:13:00","modified_gmt":"2026-04-16T00:13:00","slug":"dune-grafik-roman-2-cilt-muaddib","status":"publish","type":"product","link":"https:\/\/roveyayinevi.com.tr\/index.php\/urun\/dune-grafik-roman-2-cilt-muaddib\/","title":{"rendered":"Dune Grafik Roman: 2.Cilt &#8211; Muad&#8217;Dib"},"content":{"rendered":"<p>FRANK HERBERT\u2019IN BILIMKURGU ROMANI DUNE\u2019UN KUSURSUZ GRAF\u0130K ROMAN UYARLAMASI: DUNE \u2013 2. KISIM: MUAD\u2019D\u0130B   Feodal bir uzak gelecekte ge\u00e7en Dune gen\u00e7 Paul Atreides\u2019in hik\u00e2yesini anlat\u0131r. Paul ve annesi Leydi Jessica, Arrakis\u2019in \u00e7\u00f6llerinde mahsur kalm\u0131\u015flard\u0131r. Hain Doktor Yueh taraf\u0131ndan ihanete u\u011frayan ve en b\u00fcy\u00fck d\u00fc\u015fmanlar\u0131 Harkonnenler taraf\u0131ndan hanedanl\u0131klar\u0131 yok edilen Paul ve Jessica, gizemli Fremenleri bulmak zorundad\u0131r. Gezegenin \u00e7ok s\u0131k\u0131 korunan s\u0131rlar\u0131n\u0131 \u00e7\u00f6zmeye devam ederken, her ikisi de kaderlerini ve hayatlar\u0131n\u0131 sonsuza dek de\u011fi\u015ftirecek se\u00e7imlerle kar\u015f\u0131 kar\u015f\u0131ya kalacaklard\u0131r.   Brian Herbert ve Kevin J. Anderson\u2019\u0131n orijinal esere birebir sad\u0131k kalan \u00fc\u00e7 ciltlik adaptasyonunun ikinci cildini de Ra\u00fal All\u00e9n ve Patricia Mart\u00edn \u015fahane \u00e7izimleriyle g\u00f6rsele aktar\u0131yor.   \u201cBu \u00e7izgi roman, Dune destan\u0131n\u0131 okumak ve roman\u0131n ayr\u0131nt\u0131lar\u0131na dalmak i\u00e7in harika bir yol. Anla\u015f\u0131l\u0131r ve \u00f6zenli \u00e7izimler anlat\u0131y\u0131 takip etmeyi kolayla\u015ft\u0131r\u0131yor ve hik\u00e2yeye grafik romanlar\u0131n sundu\u011fu en \u015f\u0131k meziyetleri kat\u0131yor.\u201d \u2014Alex Ross <\/p>\n","protected":false},"excerpt":{"rendered":"<p>FRANK HERBERT\u2019IN BILIMKURGU ROMANI DUNE\u2019UN KUSURSUZ GRAF\u0130K ROMAN UYARLAMASI: DUNE \u2013 2. KISIM: MUAD\u2019D\u0130B Feodal bir uzak gelecekte ge\u00e7en Dune gen\u00e7 Paul Atreides\u2019in hik\u00e2yesini anlat\u0131r. Paul<span class=\"excerpt-hellip\"> [\u2026]<\/span><\/p>\n","protected":false},"featured_media":0,"template":"","meta":{"_monsterinsights_skip_tracking":false,"_monsterinsights_sitenote_active":false,"_monsterinsights_sitenote_note":"","_monsterinsights_sitenote_category":0},"product_brand":[],"product_cat":[12416,12291],"product_tag":[],"class_list":{"0":"post-759990","1":"product","2":"type-product","3":"status-publish","5":"product_cat-cizgi-roman","6":"product_cat-edebiyat","7":"pa_cilt-ciltsiz","8":"pa_tur-kitap","9":"pa_yayinevi-ithaki-yayinlari","10":"pa_yazar-frank-herbert","12":"first","13":"instock","14":"sale","15":"shipping-taxable","16":"purchasable","17":"product-type-simple"},"_links":{"self":[{"href":"https:\/\/roveyayinevi.com.tr\/index.php\/wp-json\/wp\/v2\/product\/759990","targetHints":{"allow":["GET"]}}],"collection":[{"href":"https:\/\/roveyayinevi.com.tr\/index.php\/wp-json\/wp\/v2\/product"}],"about":[{"href":"https:\/\/roveyayinevi.com.tr\/index.php\/wp-json\/wp\/v2\/types\/product"}],"wp:attachment":[{"href":"https:\/\/roveyayinevi.com.tr\/index.php\/wp-json\/wp\/v2\/media?parent=759990"}],"wp:term":[{"taxonomy":"product_brand","embeddable":true,"href":"https:\/\/roveyayinevi.com.tr\/index.php\/wp-json\/wp\/v2\/product_brand?post=759990"},{"taxonomy":"product_cat","embeddable":true,"href":"https:\/\/roveyayinevi.com.tr\/index.php\/wp-json\/wp\/v2\/product_cat?post=759990"},{"taxonomy":"product_tag","embeddable":true,"href":"https:\/\/roveyayinevi.com.tr\/index.php\/wp-json\/wp\/v2\/product_tag?post=759990"}],"curies":[{"name":"wp","href":"https:\/\/api.w.org\/{rel}","templated":true}]}}