{"id":759989,"date":"2025-08-28T08:50:51","date_gmt":"2025-08-28T05:50:51","guid":{"rendered":"https:\/\/roveyayinevi.com.tr\/index.php\/urun\/dort-boyutlu-adam\/"},"modified":"2026-04-16T03:13:00","modified_gmt":"2026-04-16T00:13:00","slug":"dort-boyutlu-adam","status":"publish","type":"product","link":"https:\/\/roveyayinevi.com.tr\/index.php\/urun\/dort-boyutlu-adam\/","title":{"rendered":"D\u00f6rt Boyutlu Adam"},"content":{"rendered":"<p>\u201c\u015eu an ya\u015fad\u0131\u011f\u0131m\u0131z gezegenin ne zaman yok olaca\u011f\u0131n\u0131 kim bilebilir ki? G\u00f6kbilimcilerin tahminlerine g\u00f6re bu gezegenin sonu, ba\u015fka bir gezegenle \u00e7arp\u0131\u015ft\u0131\u011f\u0131 ve her \u015feyin duman gibi bo\u015flu\u011fa da\u011f\u0131ld\u0131\u011f\u0131 o \u00e2n olacak. G\u00f6kbilimciler, mevzubahis olay\u0131n milyarlarca y\u0131l sonra ger\u00e7ekle\u015fece\u011fini s\u00f6yl\u00fcyorlar. Bu d\u00fcped\u00fcz bir yalan. Ya\u015fad\u0131\u011f\u0131m\u0131z d\u00fcnyan\u0131n sonu \u00e7ok yak\u0131n; sadece on dakika sonra! Bunu t\u00fcm ciddiyetimle s\u00f6yl\u00fcyorum&#8230;\u201d    Japon bilimkurgusunun \u00f6nc\u00fcs\u00fc kabul edilen Cuza Unno yazarl\u0131k kariyerine 1928\u2019de ba\u015flad\u0131. Ba\u015fta Jules Verne olmak \u00fczere Bat\u0131l\u0131 yazarlardan esinlenen Unno, kendisinden \u00f6nce Japon edebiyat\u0131nda \u00f6rne\u011fi g\u00f6r\u00fclmeyen robotlar, \u00e7ok boyutlu varl\u0131klar, g\u00f6r\u00fcnt\u00fcl\u00fc konu\u015fma, uzay seyahatleri gibi konulara hik\u00e2yelerinde yer verdi.    Zaman zaman g\u00f6r\u00fcnmez olan bir adam, ya\u015fad\u0131\u011f\u0131 gezegenin sonunun geldi\u011fini bilen ve son s\u00f6zlerini evrene duyurmak isteyen bir fizik profes\u00f6r\u00fc, ger\u00e7ek ile r\u00fcya aras\u0131nda bir hayat, gezegen kolonizasyonu hakk\u0131nda bir tart\u0131\u015fma ve bin y\u0131l sonraki d\u00fcnyaya s\u0131rad\u0131\u015f\u0131 bir yolculuk bu \u00f6zg\u00fcn derlemede kendine yer buluyor. <\/p>\n","protected":false},"excerpt":{"rendered":"<p>\u201c\u015eu an ya\u015fad\u0131\u011f\u0131m\u0131z gezegenin ne zaman yok olaca\u011f\u0131n\u0131 kim bilebilir ki? G\u00f6kbilimcilerin tahminlerine g\u00f6re bu gezegenin sonu, ba\u015fka bir gezegenle \u00e7arp\u0131\u015ft\u0131\u011f\u0131 ve her \u015feyin duman gibi<span class=\"excerpt-hellip\"> [\u2026]<\/span><\/p>\n","protected":false},"featured_media":0,"template":"","meta":{"_monsterinsights_skip_tracking":false,"_monsterinsights_sitenote_active":false,"_monsterinsights_sitenote_note":"","_monsterinsights_sitenote_category":0},"product_brand":[],"product_cat":[12540,12291],"product_tag":[],"class_list":{"0":"post-759989","1":"product","2":"type-product","3":"status-publish","5":"product_cat-bilim-kurgu","6":"product_cat-edebiyat","7":"pa_cilt-ciltsiz","8":"pa_tur-kitap","9":"pa_yayinevi-ithaki-yayinlari","10":"pa_yazar-cuza-unno","12":"first","13":"instock","14":"sale","15":"shipping-taxable","16":"purchasable","17":"product-type-simple"},"_links":{"self":[{"href":"https:\/\/roveyayinevi.com.tr\/index.php\/wp-json\/wp\/v2\/product\/759989","targetHints":{"allow":["GET"]}}],"collection":[{"href":"https:\/\/roveyayinevi.com.tr\/index.php\/wp-json\/wp\/v2\/product"}],"about":[{"href":"https:\/\/roveyayinevi.com.tr\/index.php\/wp-json\/wp\/v2\/types\/product"}],"wp:attachment":[{"href":"https:\/\/roveyayinevi.com.tr\/index.php\/wp-json\/wp\/v2\/media?parent=759989"}],"wp:term":[{"taxonomy":"product_brand","embeddable":true,"href":"https:\/\/roveyayinevi.com.tr\/index.php\/wp-json\/wp\/v2\/product_brand?post=759989"},{"taxonomy":"product_cat","embeddable":true,"href":"https:\/\/roveyayinevi.com.tr\/index.php\/wp-json\/wp\/v2\/product_cat?post=759989"},{"taxonomy":"product_tag","embeddable":true,"href":"https:\/\/roveyayinevi.com.tr\/index.php\/wp-json\/wp\/v2\/product_tag?post=759989"}],"curies":[{"name":"wp","href":"https:\/\/api.w.org\/{rel}","templated":true}]}}