{"id":759986,"date":"2025-08-28T08:50:45","date_gmt":"2025-08-28T05:50:45","guid":{"rendered":"https:\/\/roveyayinevi.com.tr\/index.php\/urun\/minecraft-zor-secim\/"},"modified":"2026-04-16T03:12:59","modified_gmt":"2026-04-16T00:12:59","slug":"minecraft-zor-secim","status":"publish","type":"product","link":"https:\/\/roveyayinevi.com.tr\/index.php\/urun\/minecraft-zor-secim\/","title":{"rendered":"Minecraft Zor Se\u00e7im"},"content":{"rendered":"<p>KARANLIKTA KORKUN\u00c7 B\u0130R TEHL\u0130KE SAKLANIYOR\u2026 PEK\u0130 BU TAV\u015eANLAR DA NEREDEN \u00c7IKTI?   Po ve arkada\u015flar\u0131 Uyand\u0131r\u0131c\u0131 Kral\u2019\u0131n bir ba\u015fka \u00fcrk\u00fct\u00fcc\u00fc par\u00e7as\u0131yla y\u00fczle\u015fmek i\u00e7in yer alt\u0131n\u0131n derinliklerine gidiyor. Bu par\u00e7a, Minecraft\u2019taki her yarat\u0131\u011f\u0131 onlara d\u00fc\u015fman edebilir. Ama bu i\u015fin kolay k\u0131sm\u0131 \u00e7\u00fcnk\u00fc ger\u00e7ek d\u00fcnyada Po, okul ba\u015fkanl\u0131\u011f\u0131na aday oldu! \u00dcstelik Po\u2019ya oy vermek, krize davetiye \u00e7\u0131karmak demek! <\/p>\n","protected":false},"excerpt":{"rendered":"<p>KARANLIKTA KORKUN\u00c7 B\u0130R TEHL\u0130KE SAKLANIYOR\u2026 PEK\u0130 BU TAV\u015eANLAR DA NEREDEN \u00c7IKTI? Po ve arkada\u015flar\u0131 Uyand\u0131r\u0131c\u0131 Kral\u2019\u0131n bir ba\u015fka \u00fcrk\u00fct\u00fcc\u00fc par\u00e7as\u0131yla y\u00fczle\u015fmek i\u00e7in yer alt\u0131n\u0131n derinliklerine gidiyor.<span class=\"excerpt-hellip\"> [\u2026]<\/span><\/p>\n","protected":false},"featured_media":0,"template":"","meta":{"_monsterinsights_skip_tracking":false,"_monsterinsights_sitenote_active":false,"_monsterinsights_sitenote_note":"","_monsterinsights_sitenote_category":0},"product_brand":[],"product_cat":[12275,12274],"product_tag":[],"class_list":{"0":"post-759986","1":"product","2":"type-product","3":"status-publish","5":"product_cat-6-12-yas-kitaplari","6":"product_cat-cocuk-ve-genclik-kitaplari","7":"pa_cilt-ciltsiz","8":"pa_tur-kitap","9":"pa_yayinevi-dogan-cocuk","10":"pa_yazar-nick-eliopulos-alan-batson-chris-hill","12":"first","13":"instock","14":"sale","15":"shipping-taxable","16":"purchasable","17":"product-type-simple"},"_links":{"self":[{"href":"https:\/\/roveyayinevi.com.tr\/index.php\/wp-json\/wp\/v2\/product\/759986","targetHints":{"allow":["GET"]}}],"collection":[{"href":"https:\/\/roveyayinevi.com.tr\/index.php\/wp-json\/wp\/v2\/product"}],"about":[{"href":"https:\/\/roveyayinevi.com.tr\/index.php\/wp-json\/wp\/v2\/types\/product"}],"wp:attachment":[{"href":"https:\/\/roveyayinevi.com.tr\/index.php\/wp-json\/wp\/v2\/media?parent=759986"}],"wp:term":[{"taxonomy":"product_brand","embeddable":true,"href":"https:\/\/roveyayinevi.com.tr\/index.php\/wp-json\/wp\/v2\/product_brand?post=759986"},{"taxonomy":"product_cat","embeddable":true,"href":"https:\/\/roveyayinevi.com.tr\/index.php\/wp-json\/wp\/v2\/product_cat?post=759986"},{"taxonomy":"product_tag","embeddable":true,"href":"https:\/\/roveyayinevi.com.tr\/index.php\/wp-json\/wp\/v2\/product_tag?post=759986"}],"curies":[{"name":"wp","href":"https:\/\/api.w.org\/{rel}","templated":true}]}}