{"id":759985,"date":"2025-08-28T08:50:43","date_gmt":"2025-08-28T05:50:43","guid":{"rendered":"https:\/\/roveyayinevi.com.tr\/index.php\/urun\/hepimiz-gokyuzu-olmak-istedik-3-deliler-ve-cellatlar\/"},"modified":"2026-04-16T03:12:59","modified_gmt":"2026-04-16T00:12:59","slug":"hepimiz-gokyuzu-olmak-istedik-3-deliler-ve-cellatlar","status":"publish","type":"product","link":"https:\/\/roveyayinevi.com.tr\/index.php\/urun\/hepimiz-gokyuzu-olmak-istedik-3-deliler-ve-cellatlar\/","title":{"rendered":"Hepimiz G\u00f6ky\u00fcz\u00fc Olmak \u0130stedik 3 &#8211; Deliler ve Cellatlar"},"content":{"rendered":"<p>Yakmaya ba\u015flayana dek yanacaks\u0131n!   Tanr\u0131\u00e7alar\u0131n uyan\u0131\u015f\u0131ndan sonra Nova ve Daren aylar sonra diyara d\u00f6ner. Cehennem krali\u00e7esini geri getirmek hi\u00e7 de sand\u0131\u011f\u0131 gibi olmaz. Art\u0131k t\u00fcm lordlar ve v\u00e2risler tehdit alt\u0131ndad\u0131r. Karanl\u0131k maddeyi kullanmak diyar\u0131n d\u00f6rt bir yan\u0131ndan ordular\u0131n kap\u0131ya dayanmas\u0131na neden olur. Toprak V\u00e2risi yeni kurdu\u011fu m\u00fcttefiklerle kaybetti\u011fi g\u00fcc\u00fcn\u00fc kazan\u0131rken, Ate\u015f Krall\u0131\u011f\u0131 taht m\u00fccadelesine dahil olur.  Hava Krall\u0131\u011f\u0131\u2019n\u0131n birle\u015fme partisi, Su V\u00e2risi\u2019nin takdimi ve Ate\u015f Krall\u0131\u011f\u0131 merasimi Nova\u2019y\u0131 zorlu kararlar almak zorunda b\u0131rak\u0131r. Be\u015finci element ile y\u00fczle\u015fen Nova krall\u0131\u011f\u0131n\u0131 kurtarmak i\u00e7in Atlantis\u2019in pe\u015fine d\u00fc\u015ferken, Ate\u015f Lordu\u2019na kaybettiklerini geri vermeye kararl\u0131d\u0131r. <\/p>\n","protected":false},"excerpt":{"rendered":"<p>Yakmaya ba\u015flayana dek yanacaks\u0131n! Tanr\u0131\u00e7alar\u0131n uyan\u0131\u015f\u0131ndan sonra Nova ve Daren aylar sonra diyara d\u00f6ner. Cehennem krali\u00e7esini geri getirmek hi\u00e7 de sand\u0131\u011f\u0131 gibi olmaz. Art\u0131k t\u00fcm lordlar<span class=\"excerpt-hellip\"> [\u2026]<\/span><\/p>\n","protected":false},"featured_media":0,"template":"","meta":{"_monsterinsights_skip_tracking":false,"_monsterinsights_sitenote_active":false,"_monsterinsights_sitenote_note":"","_monsterinsights_sitenote_category":0},"product_brand":[],"product_cat":[12291,14777],"product_tag":[],"class_list":{"0":"post-759985","1":"product","2":"type-product","3":"status-publish","5":"product_cat-edebiyat","6":"product_cat-fantastik","7":"pa_cilt-ciltsiz","8":"pa_tur-kitap","9":"pa_yayinevi-dex-yayinevi","10":"pa_yazar-n-g-kabal","12":"first","13":"instock","14":"sale","15":"shipping-taxable","16":"purchasable","17":"product-type-simple"},"_links":{"self":[{"href":"https:\/\/roveyayinevi.com.tr\/index.php\/wp-json\/wp\/v2\/product\/759985","targetHints":{"allow":["GET"]}}],"collection":[{"href":"https:\/\/roveyayinevi.com.tr\/index.php\/wp-json\/wp\/v2\/product"}],"about":[{"href":"https:\/\/roveyayinevi.com.tr\/index.php\/wp-json\/wp\/v2\/types\/product"}],"wp:attachment":[{"href":"https:\/\/roveyayinevi.com.tr\/index.php\/wp-json\/wp\/v2\/media?parent=759985"}],"wp:term":[{"taxonomy":"product_brand","embeddable":true,"href":"https:\/\/roveyayinevi.com.tr\/index.php\/wp-json\/wp\/v2\/product_brand?post=759985"},{"taxonomy":"product_cat","embeddable":true,"href":"https:\/\/roveyayinevi.com.tr\/index.php\/wp-json\/wp\/v2\/product_cat?post=759985"},{"taxonomy":"product_tag","embeddable":true,"href":"https:\/\/roveyayinevi.com.tr\/index.php\/wp-json\/wp\/v2\/product_tag?post=759985"}],"curies":[{"name":"wp","href":"https:\/\/api.w.org\/{rel}","templated":true}]}}