{"id":759984,"date":"2025-08-28T08:50:41","date_gmt":"2025-08-28T05:50:41","guid":{"rendered":"https:\/\/roveyayinevi.com.tr\/index.php\/urun\/hepimiz-gokyuzu-olmak-istedik-2-5-ejderha-ve-yildiz\/"},"modified":"2026-04-16T03:12:59","modified_gmt":"2026-04-16T00:12:59","slug":"hepimiz-gokyuzu-olmak-istedik-2-5-ejderha-ve-yildiz","status":"publish","type":"product","link":"https:\/\/roveyayinevi.com.tr\/index.php\/urun\/hepimiz-gokyuzu-olmak-istedik-2-5-ejderha-ve-yildiz\/","title":{"rendered":"Hepimiz G\u00f6ky\u00fcz\u00fc Olmak \u0130stedik 2.5 &#8211; Ejderha ve Y\u0131ld\u0131z"},"content":{"rendered":"<p>YILDIZLARA YAZILI KALB\u0130N\u0130N DENG\u0130.   Daren ve Nova diyardaki zorlu kar\u015f\u0131la\u015fman\u0131n ard\u0131ndan insanlar\u0131n aras\u0131na kar\u0131\u015fm\u0131\u015ft\u0131r. Nova i\u00e7in \u00e7ok tan\u0131d\u0131k olsa da art\u0131k eski d\u00fcnyas\u0131nda hi\u00e7 kimse onu hat\u0131rlam\u0131yor. Nova geride b\u0131rakt\u0131\u011f\u0131 krall\u0131\u011f\u0131na dair endi\u015fe i\u00e7indeyken Daren, Nova\u2019n\u0131n eski ya\u015fam\u0131n\u0131n her \u00e2n\u0131n\u0131 \u00f6\u011frenmek i\u00e7in heveslidir. \u0130nsanlar\u0131n aras\u0131nda ge\u00e7irecekleri s\u00fcrede yapt\u0131klar\u0131 anla\u015fma onlar\u0131 daha \u00e7ok yak\u0131nla\u015ft\u0131r\u0131rken su\u00e7lu hissetmemek m\u00fcmk\u00fcn de\u011fil. \u0130nsan ka\u00e7 kez Ate\u015f Lordu ile sinemaya ve konsere gidebilir? Nova bu kadar e\u011flenceli olaca\u011f\u0131n\u0131 hesaba katmam\u0131\u015ft\u0131 ve d\u00f6n\u00fc\u015f zaman\u0131 yakla\u015f\u0131yordu.   Nova ve Daren\u2019in ili\u015fkilerini anlatan Ejderha ve Y\u0131ld\u0131z\u2019\u0131n, serinin ikinci kitab\u0131 Krallar ve Soytar\u0131lar\u0131\u2019ndan sonra, \u00fc\u00e7\u00fcnc\u00fc kitab\u0131 Deliler ve Cellatlar\u2019dan \u00f6nce okunmas\u0131 tavsiye edilir. <\/p>\n","protected":false},"excerpt":{"rendered":"<p>YILDIZLARA YAZILI KALB\u0130N\u0130N DENG\u0130. Daren ve Nova diyardaki zorlu kar\u015f\u0131la\u015fman\u0131n ard\u0131ndan insanlar\u0131n aras\u0131na kar\u0131\u015fm\u0131\u015ft\u0131r. Nova i\u00e7in \u00e7ok tan\u0131d\u0131k olsa da art\u0131k eski d\u00fcnyas\u0131nda hi\u00e7 kimse onu<span class=\"excerpt-hellip\"> [\u2026]<\/span><\/p>\n","protected":false},"featured_media":0,"template":"","meta":{"_monsterinsights_skip_tracking":false,"_monsterinsights_sitenote_active":false,"_monsterinsights_sitenote_note":"","_monsterinsights_sitenote_category":0},"product_brand":[],"product_cat":[12291,14777],"product_tag":[],"class_list":{"0":"post-759984","1":"product","2":"type-product","3":"status-publish","5":"product_cat-edebiyat","6":"product_cat-fantastik","7":"pa_cilt-ciltsiz","8":"pa_tur-kitap","9":"pa_yayinevi-dex-yayinevi","10":"pa_yazar-n-g-kabal","12":"first","13":"instock","14":"sale","15":"shipping-taxable","16":"purchasable","17":"product-type-simple"},"_links":{"self":[{"href":"https:\/\/roveyayinevi.com.tr\/index.php\/wp-json\/wp\/v2\/product\/759984","targetHints":{"allow":["GET"]}}],"collection":[{"href":"https:\/\/roveyayinevi.com.tr\/index.php\/wp-json\/wp\/v2\/product"}],"about":[{"href":"https:\/\/roveyayinevi.com.tr\/index.php\/wp-json\/wp\/v2\/types\/product"}],"wp:attachment":[{"href":"https:\/\/roveyayinevi.com.tr\/index.php\/wp-json\/wp\/v2\/media?parent=759984"}],"wp:term":[{"taxonomy":"product_brand","embeddable":true,"href":"https:\/\/roveyayinevi.com.tr\/index.php\/wp-json\/wp\/v2\/product_brand?post=759984"},{"taxonomy":"product_cat","embeddable":true,"href":"https:\/\/roveyayinevi.com.tr\/index.php\/wp-json\/wp\/v2\/product_cat?post=759984"},{"taxonomy":"product_tag","embeddable":true,"href":"https:\/\/roveyayinevi.com.tr\/index.php\/wp-json\/wp\/v2\/product_tag?post=759984"}],"curies":[{"name":"wp","href":"https:\/\/api.w.org\/{rel}","templated":true}]}}