{"id":759982,"date":"2025-08-28T08:50:38","date_gmt":"2025-08-28T05:50:38","guid":{"rendered":"https:\/\/roveyayinevi.com.tr\/index.php\/urun\/agaclarin-gizli-yasami\/"},"modified":"2026-04-16T03:12:59","modified_gmt":"2026-04-16T00:12:59","slug":"agaclarin-gizli-yasami","status":"publish","type":"product","link":"https:\/\/roveyayinevi.com.tr\/index.php\/urun\/agaclarin-gizli-yasami\/","title":{"rendered":"A\u011fa\u00e7lar\u0131n Gizli Ya\u015fam\u0131"},"content":{"rendered":"<p>A\u011fa\u00e7lar sosyal varl\u0131klar m\u0131? A\u011fa\u00e7lar nas\u0131l ya\u015farlar? Ac\u0131 hissederler mi ya da \u00e7evrelerini fark\u0131ndalar m\u0131?   Peter Wohlleben, A\u011fa\u00e7lar\u0131n Gizli Ya\u015fam\u0131\u2019nda bilimsel ara\u015ft\u0131rmalara dayanarak, a\u011fa\u00e7lar\u0131n aileler gibi \u00e7ocuklar\u0131yla ya\u015fad\u0131klar\u0131n\u0131, onlarla haberle\u015ftiklerini, hasta olanlarla besin kaynaklar\u0131n\u0131 payla\u015farak onlar\u0131 desteklediklerini ve hatta yakla\u015fan tehlikeler konusunda onlar\u0131 uyard\u0131klar\u0131n\u0131 anlat\u0131yor. Wohlleben ayn\u0131 zamanda g\u00f6zlemledi\u011fi m\u00fcthi\u015f ya\u015fam d\u00f6ng\u00fclerinden bahsederek a\u011fa\u00e7lara ve ormanlara duydu\u011fu derin sevgiyi dile getiriyor.   A\u011fa\u00e7lar\u0131n Gizli Ya\u015fam\u0131 \u00e7\u0131\u011f\u0131r a\u00e7\u0131yor\u2026 Wohlleben a\u011fa\u00e7lar\u0131 dinlemi\u015f ve dillerini \u00e7\u00f6zm\u00fc\u015f. \u015eimdi onlar ad\u0131na konu\u015fuyor.                     Thomas Pakenham, New York Review of Books   Bir ilan-\u0131 a\u015fk, a\u011fa\u00e7lar hakk\u0131nda olgular ve do\u011faya m\u00fcthi\u015f bir hayranl\u0131kla dolu, ilgi \u00e7ekici bir el kitab\u0131.   Washington Post <\/p>\n","protected":false},"excerpt":{"rendered":"<p>A\u011fa\u00e7lar sosyal varl\u0131klar m\u0131? A\u011fa\u00e7lar nas\u0131l ya\u015farlar? Ac\u0131 hissederler mi ya da \u00e7evrelerini fark\u0131ndalar m\u0131? Peter Wohlleben, A\u011fa\u00e7lar\u0131n Gizli Ya\u015fam\u0131\u2019nda bilimsel ara\u015ft\u0131rmalara dayanarak, a\u011fa\u00e7lar\u0131n aileler gibi<span class=\"excerpt-hellip\"> [\u2026]<\/span><\/p>\n","protected":false},"featured_media":0,"template":"","meta":{"_monsterinsights_skip_tracking":false,"_monsterinsights_sitenote_active":false,"_monsterinsights_sitenote_note":"","_monsterinsights_sitenote_category":0},"product_brand":[],"product_cat":[52477],"product_tag":[],"class_list":{"0":"post-759982","1":"product","2":"type-product","3":"status-publish","5":"product_cat-arastirma","6":"pa_cilt-ciltsiz","7":"pa_tur-kitap","8":"pa_yayinevi-dogan-kitap","9":"pa_yazar-peter-wohlleben","11":"first","12":"instock","13":"sale","14":"shipping-taxable","15":"purchasable","16":"product-type-simple"},"_links":{"self":[{"href":"https:\/\/roveyayinevi.com.tr\/index.php\/wp-json\/wp\/v2\/product\/759982","targetHints":{"allow":["GET"]}}],"collection":[{"href":"https:\/\/roveyayinevi.com.tr\/index.php\/wp-json\/wp\/v2\/product"}],"about":[{"href":"https:\/\/roveyayinevi.com.tr\/index.php\/wp-json\/wp\/v2\/types\/product"}],"wp:attachment":[{"href":"https:\/\/roveyayinevi.com.tr\/index.php\/wp-json\/wp\/v2\/media?parent=759982"}],"wp:term":[{"taxonomy":"product_brand","embeddable":true,"href":"https:\/\/roveyayinevi.com.tr\/index.php\/wp-json\/wp\/v2\/product_brand?post=759982"},{"taxonomy":"product_cat","embeddable":true,"href":"https:\/\/roveyayinevi.com.tr\/index.php\/wp-json\/wp\/v2\/product_cat?post=759982"},{"taxonomy":"product_tag","embeddable":true,"href":"https:\/\/roveyayinevi.com.tr\/index.php\/wp-json\/wp\/v2\/product_tag?post=759982"}],"curies":[{"name":"wp","href":"https:\/\/api.w.org\/{rel}","templated":true}]}}