{"id":759979,"date":"2025-08-28T08:50:33","date_gmt":"2025-08-28T05:50:33","guid":{"rendered":"https:\/\/roveyayinevi.com.tr\/index.php\/urun\/kriz-doneminde-stratejik-yonetim-3\/"},"modified":"2026-04-16T03:12:59","modified_gmt":"2026-04-16T00:12:59","slug":"kriz-doneminde-stratejik-yonetim-3","status":"publish","type":"product","link":"https:\/\/roveyayinevi.com.tr\/index.php\/urun\/kriz-doneminde-stratejik-yonetim-3\/","title":{"rendered":"Kriz D\u00f6neminde Stratejik Y\u00f6netim-3"},"content":{"rendered":"<p>Muhammed Yunus; 1976 y\u0131l\u0131nda deneysel bir \u00e7al\u0131\u015fma yapmak \u00fczere bir soka\u011fa \u00e7\u0131kt\u0131\u011f\u0131nda, o bambu sandalyesi yapan kad\u0131n\u0131n asl\u0131nda bir tefecilik bata\u011f\u0131n\u0131n i\u00e7erisinde debelendi\u011fini g\u00f6r\u00fcyor ve cebindeki 27 dolarla 42 ki\u015fiye kredi veriyor. Bug\u00fcn mikrokredi uygulamas\u0131ndan yakla\u015f\u0131k 500 milyon insan istifade ediyor. (Prof. Dr. Aziz Akg\u00fcl-T\u00fcrkiye \u0130sraf\u0131 \u00d6nleme Vakf\u0131 Kurucusu) ***** Yapay zek\u00e2 ve makine \u00f6\u011frenmesi dedi\u011fimiz o noktaya gelene kadar bir\u00e7ok a\u015famada farkl\u0131 y\u00f6ntemleri, metotlar\u0131 ve teknolojileri bir araya getirmek gerekiyor. Teknolojiler, bizim i\u00e7in itici g\u00fc\u00e7. Bunu hangi ama\u00e7la ve nas\u0131l kullanaca\u011f\u0131m\u0131z\u0131 da s\u00fcre\u00e7ler ve insanlar belirliyor asl\u0131nda. Yani \u00fc\u00e7l\u00fc sac aya\u011f\u0131 \u00e7ok \u00e7ok \u00f6nemli. (Derya \u0130ren-Siemens Senior Associate) ***** 2018\u2019de T\u00fcrkiye\u2019de ilk defa bir hastane olarak yapay zek\u00e2 destekli ila\u00e7 tasar\u0131m\u0131 yapt\u0131k. Verileri girdikten sonra size o ki\u015fi i\u00e7in her seansta ne kadar doz verece\u011finizi s\u00f6yl\u00fcyor. (Meri \u0130stiroti-Liv Hastanesi Grup Koordinat\u00f6r\u00fc) ***** T\u00fcrkiye&#8217;de 30 milyon kad\u0131n\u0131n yaln\u0131zca 10 milyonu i\u015f g\u00fcc\u00fcnde yer al\u0131yor. Kalan 8 bu\u00e7uk milyonu i\u015f g\u00fcc\u00fcne dahil edebilirsek 250 milyon dolar kazan\u00e7 elde etmi\u015f olaca\u011f\u0131z. \u0130\u015fte n\u00fcfusumuzun neredeyse yar\u0131s\u0131n\u0131 etkin bir \u015fekilde kullanam\u0131yoruz. (Fatma Aydo\u011fdu-Tezmaksan Makine San.ve Tic. A.\u015e. Y\u00f6netim Kurulu \u00dcyesi) ***** Moda olsun, g\u0131da olsun her ne yap\u0131yorsak yerel al\u0131ma d\u00f6nd\u00fck. Globalle\u015fme asla bitmeyecek fakat farkl\u0131 bir globalle\u015fmeye do\u011fru gidiyoruz, kuvvetli yerel markalar olu\u015fuyor. Sosyal medya ve dijitalin de g\u00fcc\u00fcyle yerel markalar, bu defa globale gidecekler. (Zeynep Selgur-Benetton Genel M\u00fcd\u00fcr\u00fc) *** Ya\u015fayabilmek ve i\u015f yapabilmek i\u00e7in t\u00fcm ili\u015fkilerimizde sayg\u0131, zorunlu bir \u015fey. Sevgi, sayg\u0131, ho\u015fg\u00f6r\u00fc, anlay\u0131\u015f, anlatabilme, anlayabilme\u2026 Ayn\u0131 \u015fekilde dinlemeyi de bilmemiz laz\u0131m. San\u0131r\u0131m en az bilinen \u015fey bu. (Berna Sa\u011flam Naipo\u011flu- Bernaylafem \u0130leti\u015fim ve Marka Y\u00f6netimi Ajans Ba\u015fkan\u0131\/Akademisyen) <\/p>\n","protected":false},"excerpt":{"rendered":"<p>Muhammed Yunus; 1976 y\u0131l\u0131nda deneysel bir \u00e7al\u0131\u015fma yapmak \u00fczere bir soka\u011fa \u00e7\u0131kt\u0131\u011f\u0131nda, o bambu sandalyesi yapan kad\u0131n\u0131n asl\u0131nda bir tefecilik bata\u011f\u0131n\u0131n i\u00e7erisinde debelendi\u011fini g\u00f6r\u00fcyor ve cebindeki<span class=\"excerpt-hellip\"> [\u2026]<\/span><\/p>\n","protected":false},"featured_media":0,"template":"","meta":{"_monsterinsights_skip_tracking":false,"_monsterinsights_sitenote_active":false,"_monsterinsights_sitenote_note":"","_monsterinsights_sitenote_category":0},"product_brand":[],"product_cat":[13043,17647],"product_tag":[],"class_list":{"0":"post-759979","1":"product","2":"type-product","3":"status-publish","5":"product_cat-ekonomi","6":"product_cat-is-dunyasi","7":"pa_cilt-ciltsiz","8":"pa_tur-kitap","9":"pa_yayinevi-cinaralti-yayinlari","10":"pa_yazar-nurdan-tumbek-tekeoglu","12":"first","13":"instock","14":"sale","15":"shipping-taxable","16":"purchasable","17":"product-type-simple"},"_links":{"self":[{"href":"https:\/\/roveyayinevi.com.tr\/index.php\/wp-json\/wp\/v2\/product\/759979","targetHints":{"allow":["GET"]}}],"collection":[{"href":"https:\/\/roveyayinevi.com.tr\/index.php\/wp-json\/wp\/v2\/product"}],"about":[{"href":"https:\/\/roveyayinevi.com.tr\/index.php\/wp-json\/wp\/v2\/types\/product"}],"wp:attachment":[{"href":"https:\/\/roveyayinevi.com.tr\/index.php\/wp-json\/wp\/v2\/media?parent=759979"}],"wp:term":[{"taxonomy":"product_brand","embeddable":true,"href":"https:\/\/roveyayinevi.com.tr\/index.php\/wp-json\/wp\/v2\/product_brand?post=759979"},{"taxonomy":"product_cat","embeddable":true,"href":"https:\/\/roveyayinevi.com.tr\/index.php\/wp-json\/wp\/v2\/product_cat?post=759979"},{"taxonomy":"product_tag","embeddable":true,"href":"https:\/\/roveyayinevi.com.tr\/index.php\/wp-json\/wp\/v2\/product_tag?post=759979"}],"curies":[{"name":"wp","href":"https:\/\/api.w.org\/{rel}","templated":true}]}}