{"id":759978,"date":"2025-08-28T08:50:31","date_gmt":"2025-08-28T05:50:31","guid":{"rendered":"https:\/\/roveyayinevi.com.tr\/index.php\/urun\/fiyakali-hayat\/"},"modified":"2026-04-16T03:12:59","modified_gmt":"2026-04-16T00:12:59","slug":"fiyakali-hayat","status":"publish","type":"product","link":"https:\/\/roveyayinevi.com.tr\/index.php\/urun\/fiyakali-hayat\/","title":{"rendered":"Fiyakal\u0131 Hayat"},"content":{"rendered":"<p>Ey g\u00fczel g\u00fcl\u00fc\u015flerle g\u00fczel g\u00fcnlere hamile dua bah\u00e7esi! Bah\u00e7\u0131van\u0131n sulad\u0131\u011f\u0131 g\u00f6zlerinden g\u00f6\u011f\u00fcm\u00fcze taze g\u00fcl demeti, biraz ye\u015filli biraz mavili yasemin saks\u0131lar\u0131nda yeniden diplerinden filiz veren umut, umudum! Gidelim ab-\u0131 hayat\u0131m. Atlar ve uzaklar bize hayran iken biz, \u015fehre ve \u00e7i\u00e7eklerin mutfa\u011f\u0131ndaki o ziyafete gidelim. \u00c7ay olsun. Tats\u0131z tuzsuz olsa da hayat; bizimki ya\u015famak, biraz zeytin, bir tutam ka\u00e7amak d\u00fcnya, tam bir fiyaka! <\/p>\n","protected":false},"excerpt":{"rendered":"<p>Ey g\u00fczel g\u00fcl\u00fc\u015flerle g\u00fczel g\u00fcnlere hamile dua bah\u00e7esi! Bah\u00e7\u0131van\u0131n sulad\u0131\u011f\u0131 g\u00f6zlerinden g\u00f6\u011f\u00fcm\u00fcze taze g\u00fcl demeti, biraz ye\u015filli biraz mavili yasemin saks\u0131lar\u0131nda yeniden diplerinden filiz veren umut,<span class=\"excerpt-hellip\"> [\u2026]<\/span><\/p>\n","protected":false},"featured_media":0,"template":"","meta":{"_monsterinsights_skip_tracking":false,"_monsterinsights_sitenote_active":false,"_monsterinsights_sitenote_note":"","_monsterinsights_sitenote_category":0},"product_brand":[],"product_cat":[12777,12291],"product_tag":[],"class_list":{"0":"post-759978","1":"product","2":"type-product","3":"status-publish","5":"product_cat-deneme","6":"product_cat-edebiyat","7":"pa_cilt-ciltsiz","8":"pa_tur-kitap","9":"pa_yayinevi-cinaralti-yayinlari","10":"pa_yazar-yasemin-kuloglu","12":"first","13":"instock","14":"sale","15":"shipping-taxable","16":"purchasable","17":"product-type-simple"},"_links":{"self":[{"href":"https:\/\/roveyayinevi.com.tr\/index.php\/wp-json\/wp\/v2\/product\/759978","targetHints":{"allow":["GET"]}}],"collection":[{"href":"https:\/\/roveyayinevi.com.tr\/index.php\/wp-json\/wp\/v2\/product"}],"about":[{"href":"https:\/\/roveyayinevi.com.tr\/index.php\/wp-json\/wp\/v2\/types\/product"}],"wp:attachment":[{"href":"https:\/\/roveyayinevi.com.tr\/index.php\/wp-json\/wp\/v2\/media?parent=759978"}],"wp:term":[{"taxonomy":"product_brand","embeddable":true,"href":"https:\/\/roveyayinevi.com.tr\/index.php\/wp-json\/wp\/v2\/product_brand?post=759978"},{"taxonomy":"product_cat","embeddable":true,"href":"https:\/\/roveyayinevi.com.tr\/index.php\/wp-json\/wp\/v2\/product_cat?post=759978"},{"taxonomy":"product_tag","embeddable":true,"href":"https:\/\/roveyayinevi.com.tr\/index.php\/wp-json\/wp\/v2\/product_tag?post=759978"}],"curies":[{"name":"wp","href":"https:\/\/api.w.org\/{rel}","templated":true}]}}