{"id":759977,"date":"2025-08-28T08:50:29","date_gmt":"2025-08-28T05:50:29","guid":{"rendered":"https:\/\/roveyayinevi.com.tr\/index.php\/urun\/badem-yagli-cif-cilali\/"},"modified":"2026-04-16T03:12:59","modified_gmt":"2026-04-16T00:12:59","slug":"badem-yagli-cif-cilali","status":"publish","type":"product","link":"https:\/\/roveyayinevi.com.tr\/index.php\/urun\/badem-yagli-cif-cilali\/","title":{"rendered":"Badem Ya\u011fl\u0131 \u00c7if Cilal\u0131"},"content":{"rendered":"<p>Badem Ya\u011fl\u0131 \u00c7if Cilal\u0131, g\u00f6zya\u015f\u0131na ter kar\u0131\u015fan insanlar\u0131n hik\u00e2yesidir. Kalbi k\u0131r\u0131k \u00e7ocuklar\u0131n, uyan\u0131k memurlar\u0131n, day\u0131s\u0131 vali olanlara ders veren b\u00fcrokratik kumpaslar\u0131n, has\u0131l\u0131 Anadolu\u2019da ya\u015fananlar\u0131n hik\u00e2yesidir. Bahane aramadan Anadolu insan\u0131nda a\u00e7\u0131lan yaralara s\u00fcr\u00fclen merhem hik\u00e2yeler\u2026 \u0130nsanlar\u0131 ate\u015flere atan sistemin duyars\u0131zl\u0131\u011f\u0131 kar\u015f\u0131s\u0131nda kalbinden ge\u00e7enleri k\u00e2\u011f\u0131da ak\u0131tan damlalar, organik hik\u00e2yeler\u2026 Hayat m\u0131 kurgu, kurgu mu hayat? Ba\u015f\u0131ndan ge\u00e7enleri \u201cDur, bir hik\u00e2ye anlatay\u0131m.\u201d a\u015fk\u0131yla kaleme alan yazar, t\u0131rmand\u0131\u011f\u0131 da\u011flarda kaybolmadan bilinen patikalardan \u015fehre indiriyor okuyucular\u0131n\u0131.  Yoku\u015f a\u015fa\u011f\u0131 h\u0131zlanan y\u00fcr\u00fcy\u00fc\u015flere fren olmak murad\u0131nda bir kitap\u2026 <\/p>\n","protected":false},"excerpt":{"rendered":"<p>Badem Ya\u011fl\u0131 \u00c7if Cilal\u0131, g\u00f6zya\u015f\u0131na ter kar\u0131\u015fan insanlar\u0131n hik\u00e2yesidir. Kalbi k\u0131r\u0131k \u00e7ocuklar\u0131n, uyan\u0131k memurlar\u0131n, day\u0131s\u0131 vali olanlara ders veren b\u00fcrokratik kumpaslar\u0131n, has\u0131l\u0131 Anadolu\u2019da ya\u015fananlar\u0131n hik\u00e2yesidir. Bahane<span class=\"excerpt-hellip\"> [\u2026]<\/span><\/p>\n","protected":false},"featured_media":0,"template":"","meta":{"_monsterinsights_skip_tracking":false,"_monsterinsights_sitenote_active":false,"_monsterinsights_sitenote_note":"","_monsterinsights_sitenote_category":0},"product_brand":[],"product_cat":[12291,18202],"product_tag":[],"class_list":{"0":"post-759977","1":"product","2":"type-product","3":"status-publish","5":"product_cat-edebiyat","6":"product_cat-hikaye","7":"pa_cilt-ciltsiz","8":"pa_tur-kitap","9":"pa_yayinevi-cinaralti-yayinlari","10":"pa_yazar-yilmaz-cigdem","12":"first","13":"instock","14":"sale","15":"shipping-taxable","16":"purchasable","17":"product-type-simple"},"_links":{"self":[{"href":"https:\/\/roveyayinevi.com.tr\/index.php\/wp-json\/wp\/v2\/product\/759977","targetHints":{"allow":["GET"]}}],"collection":[{"href":"https:\/\/roveyayinevi.com.tr\/index.php\/wp-json\/wp\/v2\/product"}],"about":[{"href":"https:\/\/roveyayinevi.com.tr\/index.php\/wp-json\/wp\/v2\/types\/product"}],"wp:attachment":[{"href":"https:\/\/roveyayinevi.com.tr\/index.php\/wp-json\/wp\/v2\/media?parent=759977"}],"wp:term":[{"taxonomy":"product_brand","embeddable":true,"href":"https:\/\/roveyayinevi.com.tr\/index.php\/wp-json\/wp\/v2\/product_brand?post=759977"},{"taxonomy":"product_cat","embeddable":true,"href":"https:\/\/roveyayinevi.com.tr\/index.php\/wp-json\/wp\/v2\/product_cat?post=759977"},{"taxonomy":"product_tag","embeddable":true,"href":"https:\/\/roveyayinevi.com.tr\/index.php\/wp-json\/wp\/v2\/product_tag?post=759977"}],"curies":[{"name":"wp","href":"https:\/\/api.w.org\/{rel}","templated":true}]}}