{"id":759976,"date":"2025-08-28T08:50:28","date_gmt":"2025-08-28T05:50:28","guid":{"rendered":"https:\/\/roveyayinevi.com.tr\/index.php\/urun\/ustunluk-soylemi\/"},"modified":"2026-04-16T03:12:59","modified_gmt":"2026-04-16T00:12:59","slug":"ustunluk-soylemi","status":"publish","type":"product","link":"https:\/\/roveyayinevi.com.tr\/index.php\/urun\/ustunluk-soylemi\/","title":{"rendered":"\u00dcst\u00fcnl\u00fck S\u00f6ylemi"},"content":{"rendered":"<p>\u0130kona k\u0131r\u0131c\u0131s\u0131, tere sat\u0131c\u0131s\u0131 \u015f\u00f6yle buyurdu: Yorgunum, \u00fc\u015f\u00fcyorum, k\u0131rg\u0131n ve k\u0131zg\u0131n\u0131m dostlar. \u0130nsanlar\u0131 hep sevdim. \u0130nsandaki ince ruhu, sanat\u0131, \u015fefkati ve ger\u00e7ek g\u00fczelli\u011fi sevdim. \u00c7o\u011fu insan\u0131n aksine hayat\u0131 t\u0131pk\u0131 bir \u00e7ocuk gibi sevdim. Ben \u00fczg\u00fcn, dalg\u0131n, \u015fa\u015fk\u0131n ve yolunu arayan \u00e7ocuklar\u0131 sevdim. Her \u00e7ocu\u011fun ac\u0131s\u0131n\u0131 kendi \u00e7ocuklu\u011fum gibi hissettim. Sonra, kedileri sevdim ben. T\u0131pk\u0131 \u00e7ocuklar gibi sakarl\u0131klar\u0131 beni g\u00fcld\u00fcrd\u00fc. \u00c7ocuklar gibi oyunlar\u0131na kat\u0131ld\u0131m. Sonra, onlar\u0131n haks\u0131z \u00f6l\u00fcmlerine \u015fahit oldum. \u00c7ocuklar gibi haks\u0131zl\u0131\u011fa u\u011frayan bir\u00e7ok insan\u0131n ac\u0131s\u0131n\u0131 g\u00f6rd\u00fcm. Sonra, b\u00fcy\u00fck g\u00f6r\u00fcnen insanlar g\u00f6rd\u00fcm. Hi\u00e7bir \u015fey yapmad\u0131lar, yapamad\u0131lar. Anlad\u0131m ve g\u00f6rd\u00fcm ki b\u00fcy\u00fck g\u00f6r\u00fcnen insanlar, zay\u0131f insanlar\u0131n zay\u0131fl\u0131klar\u0131ndan beslenmekteydiler. Sonra ahl\u00e2k anlatan insanlar\u0131 g\u00f6rd\u00fcm. Hi\u00e7 \u00e2dil olmad\u0131lar. G\u00fc\u00e7 istenci, daima ma\u011fduriyet do\u011furmaktad\u0131r. Geleneksel ahlak\u0131n evrensel ahlaka d\u00f6n\u00fc\u015f\u00fcm\u00fc i\u00e7in g\u00fc\u00e7 putunun k\u0131r\u0131lmas\u0131 gerekir. G\u00fcc\u00fcn\u00fc d\u00f6n\u00fc\u015ft\u00fcren insan, kendini ger\u00e7ekle\u015ftiren a\u015fk\u0131n insand\u0131r. Ama-s\u0131z, fakat-s\u0131z ya\u015far. Sonra kendime d\u00f6nd\u00fcm ve dedim ki: \u201cSen anlam arayan koca bir hi\u00e7sin. Senin k\u00fc\u00e7\u00fckl\u00fc\u011f\u00fcndedir b\u00fcy\u00fckl\u00fc\u011f\u00fcn. Senin yoklu\u011fundad\u0131r varl\u0131\u011f\u0131n, azl\u0131\u011f\u0131ndad\u0131r \u00e7oklu\u011fun\u2026\u201d <\/p>\n","protected":false},"excerpt":{"rendered":"<p>\u0130kona k\u0131r\u0131c\u0131s\u0131, tere sat\u0131c\u0131s\u0131 \u015f\u00f6yle buyurdu: Yorgunum, \u00fc\u015f\u00fcyorum, k\u0131rg\u0131n ve k\u0131zg\u0131n\u0131m dostlar. \u0130nsanlar\u0131 hep sevdim. \u0130nsandaki ince ruhu, sanat\u0131, \u015fefkati ve ger\u00e7ek g\u00fczelli\u011fi sevdim. \u00c7o\u011fu insan\u0131n<span class=\"excerpt-hellip\"> [\u2026]<\/span><\/p>\n","protected":false},"featured_media":0,"template":"","meta":{"_monsterinsights_skip_tracking":false,"_monsterinsights_sitenote_active":false,"_monsterinsights_sitenote_note":"","_monsterinsights_sitenote_category":0},"product_brand":[],"product_cat":[52477],"product_tag":[],"class_list":{"0":"post-759976","1":"product","2":"type-product","3":"status-publish","5":"product_cat-arastirma","6":"pa_cilt-ciltsiz","7":"pa_tur-kitap","8":"pa_yayinevi-cinaralti-yayinlari","9":"pa_yazar-hasan-huseyin-selvi","11":"first","12":"instock","13":"sale","14":"shipping-taxable","15":"purchasable","16":"product-type-simple"},"_links":{"self":[{"href":"https:\/\/roveyayinevi.com.tr\/index.php\/wp-json\/wp\/v2\/product\/759976","targetHints":{"allow":["GET"]}}],"collection":[{"href":"https:\/\/roveyayinevi.com.tr\/index.php\/wp-json\/wp\/v2\/product"}],"about":[{"href":"https:\/\/roveyayinevi.com.tr\/index.php\/wp-json\/wp\/v2\/types\/product"}],"wp:attachment":[{"href":"https:\/\/roveyayinevi.com.tr\/index.php\/wp-json\/wp\/v2\/media?parent=759976"}],"wp:term":[{"taxonomy":"product_brand","embeddable":true,"href":"https:\/\/roveyayinevi.com.tr\/index.php\/wp-json\/wp\/v2\/product_brand?post=759976"},{"taxonomy":"product_cat","embeddable":true,"href":"https:\/\/roveyayinevi.com.tr\/index.php\/wp-json\/wp\/v2\/product_cat?post=759976"},{"taxonomy":"product_tag","embeddable":true,"href":"https:\/\/roveyayinevi.com.tr\/index.php\/wp-json\/wp\/v2\/product_tag?post=759976"}],"curies":[{"name":"wp","href":"https:\/\/api.w.org\/{rel}","templated":true}]}}