{"id":759970,"date":"2025-08-28T08:50:18","date_gmt":"2025-08-28T05:50:18","guid":{"rendered":"https:\/\/roveyayinevi.com.tr\/index.php\/urun\/beraber-mevsimler\/"},"modified":"2026-04-16T03:12:59","modified_gmt":"2026-04-16T00:12:59","slug":"beraber-mevsimler","status":"publish","type":"product","link":"https:\/\/roveyayinevi.com.tr\/index.php\/urun\/beraber-mevsimler\/","title":{"rendered":"Beraber Mevsimler"},"content":{"rendered":"<p>Beraber Mevsimler, Ceyhun Atuf Kansu\u2019nun e\u015fi Muzaffer Kansu\u2019ya adad\u0131\u011f\u0131 ve 67 y\u0131l sonra ilk kez g\u00fcn \u0131\u015f\u0131\u011f\u0131na \u00e7\u0131kan a\u015fk, sevgi \u015fiirlerinden olu\u015fuyor. \u015eiirler, \u00f6l\u00fcm\u00fcnden sonra \u00e7ocuklar\u0131 taraf\u0131ndan Ceyhun At\u0131f Kansu\u2019nun el yaz\u0131lar\u0131n\u0131 ve g\u00fcnl\u00fcklerini \u00f6zenle korudu\u011fu ah\u015fap dolab\u0131nda bulundu. Eskilerin \u201cAn\u0131 Defteri\u201d dedi\u011fi, her sayfas\u0131n\u0131n kenarlar\u0131 s\u00fcsl\u00fc, gri kapl\u0131 bir al\u00e7akg\u00f6n\u00fcll\u00fc deftere m\u00fcrekkepli kalem be el yaz\u0131s\u0131yla yaz\u0131lm\u0131\u015f \u015fiirleri, dizilmi\u015f hallerinin yan\u0131 s\u0131ra t\u0131pk\u0131 bas\u0131m tekni\u011fi ile yay\u0131mlanan yaz\u0131n tarihi a\u00e7\u0131s\u0131ndan de\u011ferli olaca\u011f\u0131n\u0131 \u00f6ng\u00f6rd\u00fck. Okurlar\u0131m\u0131z\u0131n b\u00f6yle sunu\u015f ile Ceyhun At\u0131f Kansu \u015fiirlerinden ayr\u0131 co\u015fkunluk duyacaklar\u0131na inan\u0131yoruz <\/p>\n","protected":false},"excerpt":{"rendered":"<p>Beraber Mevsimler, Ceyhun Atuf Kansu\u2019nun e\u015fi Muzaffer Kansu\u2019ya adad\u0131\u011f\u0131 ve 67 y\u0131l sonra ilk kez g\u00fcn \u0131\u015f\u0131\u011f\u0131na \u00e7\u0131kan a\u015fk, sevgi \u015fiirlerinden olu\u015fuyor. \u015eiirler, \u00f6l\u00fcm\u00fcnden sonra \u00e7ocuklar\u0131<span class=\"excerpt-hellip\"> [\u2026]<\/span><\/p>\n","protected":false},"featured_media":0,"template":"","meta":{"_monsterinsights_skip_tracking":false,"_monsterinsights_sitenote_active":false,"_monsterinsights_sitenote_note":"","_monsterinsights_sitenote_category":0},"product_brand":[],"product_cat":[12291,12509],"product_tag":[],"class_list":{"0":"post-759970","1":"product","2":"type-product","3":"status-publish","5":"product_cat-edebiyat","6":"product_cat-siir","7":"pa_cilt-ciltsiz","8":"pa_tur-kitap","9":"pa_yayinevi-cumhuriyet-kitaplari","10":"pa_yazar-ceyhun-atif-kansu","12":"first","13":"instock","14":"sale","15":"shipping-taxable","16":"purchasable","17":"product-type-simple"},"_links":{"self":[{"href":"https:\/\/roveyayinevi.com.tr\/index.php\/wp-json\/wp\/v2\/product\/759970","targetHints":{"allow":["GET"]}}],"collection":[{"href":"https:\/\/roveyayinevi.com.tr\/index.php\/wp-json\/wp\/v2\/product"}],"about":[{"href":"https:\/\/roveyayinevi.com.tr\/index.php\/wp-json\/wp\/v2\/types\/product"}],"wp:attachment":[{"href":"https:\/\/roveyayinevi.com.tr\/index.php\/wp-json\/wp\/v2\/media?parent=759970"}],"wp:term":[{"taxonomy":"product_brand","embeddable":true,"href":"https:\/\/roveyayinevi.com.tr\/index.php\/wp-json\/wp\/v2\/product_brand?post=759970"},{"taxonomy":"product_cat","embeddable":true,"href":"https:\/\/roveyayinevi.com.tr\/index.php\/wp-json\/wp\/v2\/product_cat?post=759970"},{"taxonomy":"product_tag","embeddable":true,"href":"https:\/\/roveyayinevi.com.tr\/index.php\/wp-json\/wp\/v2\/product_tag?post=759970"}],"curies":[{"name":"wp","href":"https:\/\/api.w.org\/{rel}","templated":true}]}}