{"id":759967,"date":"2025-08-28T08:50:12","date_gmt":"2025-08-28T05:50:12","guid":{"rendered":"https:\/\/roveyayinevi.com.tr\/index.php\/urun\/nagmelerle-ankara\/"},"modified":"2026-04-16T03:12:59","modified_gmt":"2026-04-16T00:12:59","slug":"nagmelerle-ankara","status":"publish","type":"product","link":"https:\/\/roveyayinevi.com.tr\/index.php\/urun\/nagmelerle-ankara\/","title":{"rendered":"Na\u011fmelerle Ankara"},"content":{"rendered":"<p>H\u00fcseyin Kaygusuz\u2019un bestelenmi\u015f ESERLER\u0130; Ay Y\u00fczl\u00fcm, G\u00f6n\u00fcl Paresi, \u00c7aml\u0131dere Hastas\u0131y\u0131m, Vasiyetim Garda\u015f, Ben K\u00f6y\u00fcme D\u00f6nece\u011fim, Can\u0131m Ankara ve di\u011ferleri olmak \u00fczere 16 eseri halen \u0130nternet ortam\u0131nda ilgiyle dinlenmektedir.   <\/p>\n","protected":false},"excerpt":{"rendered":"<p>H\u00fcseyin Kaygusuz\u2019un bestelenmi\u015f ESERLER\u0130; Ay Y\u00fczl\u00fcm, G\u00f6n\u00fcl Paresi, \u00c7aml\u0131dere Hastas\u0131y\u0131m, Vasiyetim Garda\u015f, Ben K\u00f6y\u00fcme D\u00f6nece\u011fim, Can\u0131m Ankara ve di\u011ferleri olmak \u00fczere 16 eseri halen \u0130nternet ortam\u0131nda<span class=\"excerpt-hellip\"> [\u2026]<\/span><\/p>\n","protected":false},"featured_media":0,"template":"","meta":{"_monsterinsights_skip_tracking":false,"_monsterinsights_sitenote_active":false,"_monsterinsights_sitenote_note":"","_monsterinsights_sitenote_category":0},"product_brand":[],"product_cat":[12291,12509],"product_tag":[],"class_list":{"0":"post-759967","1":"product","2":"type-product","3":"status-publish","5":"product_cat-edebiyat","6":"product_cat-siir","7":"pa_cilt-ciltsiz","8":"pa_tur-kitap","9":"pa_yayinevi-zet-yayinlari","10":"pa_yazar-huseyin-kaygusuz","12":"first","13":"instock","14":"sale","15":"shipping-taxable","16":"purchasable","17":"product-type-simple"},"_links":{"self":[{"href":"https:\/\/roveyayinevi.com.tr\/index.php\/wp-json\/wp\/v2\/product\/759967","targetHints":{"allow":["GET"]}}],"collection":[{"href":"https:\/\/roveyayinevi.com.tr\/index.php\/wp-json\/wp\/v2\/product"}],"about":[{"href":"https:\/\/roveyayinevi.com.tr\/index.php\/wp-json\/wp\/v2\/types\/product"}],"wp:attachment":[{"href":"https:\/\/roveyayinevi.com.tr\/index.php\/wp-json\/wp\/v2\/media?parent=759967"}],"wp:term":[{"taxonomy":"product_brand","embeddable":true,"href":"https:\/\/roveyayinevi.com.tr\/index.php\/wp-json\/wp\/v2\/product_brand?post=759967"},{"taxonomy":"product_cat","embeddable":true,"href":"https:\/\/roveyayinevi.com.tr\/index.php\/wp-json\/wp\/v2\/product_cat?post=759967"},{"taxonomy":"product_tag","embeddable":true,"href":"https:\/\/roveyayinevi.com.tr\/index.php\/wp-json\/wp\/v2\/product_tag?post=759967"}],"curies":[{"name":"wp","href":"https:\/\/api.w.org\/{rel}","templated":true}]}}