{"id":759966,"date":"2025-08-28T08:50:10","date_gmt":"2025-08-28T05:50:10","guid":{"rendered":"https:\/\/roveyayinevi.com.tr\/index.php\/urun\/mevsimlerde-ask-ve-kelimeler\/"},"modified":"2026-04-16T03:12:59","modified_gmt":"2026-04-16T00:12:59","slug":"mevsimlerde-ask-ve-kelimeler","status":"publish","type":"product","link":"https:\/\/roveyayinevi.com.tr\/index.php\/urun\/mevsimlerde-ask-ve-kelimeler\/","title":{"rendered":"Mevsimlerde A\u015fk ve Kelimeler"},"content":{"rendered":"<p>Tutkunun i\u00e7inde en b\u00fcy\u00fck tutku yan\u0131yor Ate\u015fin i\u00e7inde en b\u00fcy\u00fck ate\u015f yan\u0131yor A\u015fk\u0131n i\u00e7inde en b\u00fcy\u00fck a\u015fk yan\u0131yor <\/p>\n","protected":false},"excerpt":{"rendered":"<p>Tutkunun i\u00e7inde en b\u00fcy\u00fck tutku yan\u0131yor Ate\u015fin i\u00e7inde en b\u00fcy\u00fck ate\u015f yan\u0131yor A\u015fk\u0131n i\u00e7inde en b\u00fcy\u00fck a\u015fk yan\u0131yor<\/p>\n","protected":false},"featured_media":0,"template":"","meta":{"_monsterinsights_skip_tracking":false,"_monsterinsights_sitenote_active":false,"_monsterinsights_sitenote_note":"","_monsterinsights_sitenote_category":0},"product_brand":[],"product_cat":[12291,12509],"product_tag":[],"class_list":{"0":"post-759966","1":"product","2":"type-product","3":"status-publish","5":"product_cat-edebiyat","6":"product_cat-siir","7":"pa_cilt-ciltsiz","8":"pa_tur-kitap","9":"pa_yayinevi-zet-yayinlari","10":"pa_yazar-murat-tosun","12":"first","13":"instock","14":"sale","15":"shipping-taxable","16":"purchasable","17":"product-type-simple"},"_links":{"self":[{"href":"https:\/\/roveyayinevi.com.tr\/index.php\/wp-json\/wp\/v2\/product\/759966","targetHints":{"allow":["GET"]}}],"collection":[{"href":"https:\/\/roveyayinevi.com.tr\/index.php\/wp-json\/wp\/v2\/product"}],"about":[{"href":"https:\/\/roveyayinevi.com.tr\/index.php\/wp-json\/wp\/v2\/types\/product"}],"wp:attachment":[{"href":"https:\/\/roveyayinevi.com.tr\/index.php\/wp-json\/wp\/v2\/media?parent=759966"}],"wp:term":[{"taxonomy":"product_brand","embeddable":true,"href":"https:\/\/roveyayinevi.com.tr\/index.php\/wp-json\/wp\/v2\/product_brand?post=759966"},{"taxonomy":"product_cat","embeddable":true,"href":"https:\/\/roveyayinevi.com.tr\/index.php\/wp-json\/wp\/v2\/product_cat?post=759966"},{"taxonomy":"product_tag","embeddable":true,"href":"https:\/\/roveyayinevi.com.tr\/index.php\/wp-json\/wp\/v2\/product_tag?post=759966"}],"curies":[{"name":"wp","href":"https:\/\/api.w.org\/{rel}","templated":true}]}}