{"id":759965,"date":"2025-08-28T08:50:08","date_gmt":"2025-08-28T05:50:08","guid":{"rendered":"https:\/\/roveyayinevi.com.tr\/index.php\/urun\/sevgilim-evliymis\/"},"modified":"2026-04-16T03:12:59","modified_gmt":"2026-04-16T00:12:59","slug":"sevgilim-evliymis","status":"publish","type":"product","link":"https:\/\/roveyayinevi.com.tr\/index.php\/urun\/sevgilim-evliymis\/","title":{"rendered":"Sevgilim Evliymi\u015f"},"content":{"rendered":"<p>Bu hik\u00e2yede sevginin yeri ve zaman\u0131 yoktur, \u00e7\u00fcnk\u00fc y\u00fcre\u011fin kimi sevece\u011fini bilemezsin. Y\u00fcre\u011fimi ald\u0131, sevdim, sevildim. Sevdi\u011fim k\u0131z\u0131n evli bir kad\u0131n oldu\u011funu \u00f6\u011frenmek ne ac\u0131 bir \u015fey ne ac\u0131mas\u0131z bir hik\u00e2yedir. T\u00fcm hayallerim y\u0131k\u0131ld\u0131, t\u00fcm emeklerim yok olup gitti. \u0130hanet, ilgiye dayanmaz. Bir y\u00fcrek k\u0131rmak, bir can koparmak gibidir. <\/p>\n","protected":false},"excerpt":{"rendered":"<p>Bu hik\u00e2yede sevginin yeri ve zaman\u0131 yoktur, \u00e7\u00fcnk\u00fc y\u00fcre\u011fin kimi sevece\u011fini bilemezsin. Y\u00fcre\u011fimi ald\u0131, sevdim, sevildim. Sevdi\u011fim k\u0131z\u0131n evli bir kad\u0131n oldu\u011funu \u00f6\u011frenmek ne ac\u0131 bir<span class=\"excerpt-hellip\"> [\u2026]<\/span><\/p>\n","protected":false},"featured_media":0,"template":"","meta":{"_monsterinsights_skip_tracking":false,"_monsterinsights_sitenote_active":false,"_monsterinsights_sitenote_note":"","_monsterinsights_sitenote_category":0},"product_brand":[],"product_cat":[14009,12291],"product_tag":[],"class_list":{"0":"post-759965","1":"product","2":"type-product","3":"status-publish","5":"product_cat-biyografi-otobiyografi-edebiyat","6":"product_cat-edebiyat","7":"pa_cilt-ciltsiz","8":"pa_tur-kitap","9":"pa_yayinevi-zet-yayinlari","10":"pa_yazar-mohammed-ridha-faisal","12":"first","13":"instock","14":"sale","15":"shipping-taxable","16":"purchasable","17":"product-type-simple"},"_links":{"self":[{"href":"https:\/\/roveyayinevi.com.tr\/index.php\/wp-json\/wp\/v2\/product\/759965","targetHints":{"allow":["GET"]}}],"collection":[{"href":"https:\/\/roveyayinevi.com.tr\/index.php\/wp-json\/wp\/v2\/product"}],"about":[{"href":"https:\/\/roveyayinevi.com.tr\/index.php\/wp-json\/wp\/v2\/types\/product"}],"wp:attachment":[{"href":"https:\/\/roveyayinevi.com.tr\/index.php\/wp-json\/wp\/v2\/media?parent=759965"}],"wp:term":[{"taxonomy":"product_brand","embeddable":true,"href":"https:\/\/roveyayinevi.com.tr\/index.php\/wp-json\/wp\/v2\/product_brand?post=759965"},{"taxonomy":"product_cat","embeddable":true,"href":"https:\/\/roveyayinevi.com.tr\/index.php\/wp-json\/wp\/v2\/product_cat?post=759965"},{"taxonomy":"product_tag","embeddable":true,"href":"https:\/\/roveyayinevi.com.tr\/index.php\/wp-json\/wp\/v2\/product_tag?post=759965"}],"curies":[{"name":"wp","href":"https:\/\/api.w.org\/{rel}","templated":true}]}}