{"id":759964,"date":"2025-08-28T08:50:07","date_gmt":"2025-08-28T05:50:07","guid":{"rendered":"https:\/\/roveyayinevi.com.tr\/index.php\/urun\/tecelliname\/"},"modified":"2026-04-16T03:12:59","modified_gmt":"2026-04-16T00:12:59","slug":"tecelliname","status":"publish","type":"product","link":"https:\/\/roveyayinevi.com.tr\/index.php\/urun\/tecelliname\/","title":{"rendered":"Tecelliname"},"content":{"rendered":"<p>Hakikat tektir. Gel g\u00f6r ki bin t\u00fcrl\u00fc yoldan var\u0131labilir hakikate. Fakat sadece yolda yolcu olanlar i\u00e7indir t\u00fcm var\u0131\u015flar. Yolcu, yoluna sad\u0131k ise yolun eri\u015fti\u011fi konak da yerinde durmakta ve yolcular\u0131n\u0131 beklemektedir. Sorun \u015fudur ki hemen her yol, kendini en olgun ve do\u011fru yol olarak g\u00f6sterir. Dolay\u0131s\u0131yla her yolun kendine has s\u00f6ylemleri mevcuttur. \u0130lm\u00ee olarak ifade edilen her konu, ki\u015fileri \u00e7e\u015fitli felsefi, din\u00ee ve ideolojik yollara, yorumlara do\u011fru g\u00f6t\u00fcr\u00fcr. Her yol, kendinin en do\u011fru oldu\u011funu ispat edebilmek i\u00e7in evrensel ve toplumsal ahlaka, bar\u0131\u015fa en uygun s\u00f6ylemleri kullan\u0131r. S\u00f6ylemler o kadar do\u011frudur ki herkes hakikat tan\u0131kl\u0131\u011f\u0131n\u0131 sorgulamadan, s\u00f6ylemlere aldan\u0131p bir yol tutar gider. S\u00f6ylem ve eylem aras\u0131nda bir mant\u0131k aranmaz. Akl\u0131 ve vicdan\u0131 olanlar ise ilmin mutlak do\u011frular\u0131n\u0131 sadece ezberlenmi\u015f s\u00f6zlerde aramaz. Kendilerine s\u00f6ylenen s\u00f6zleri delil edip dilde olan\u0131 de\u011fil h\u00e2ldeki, yani tan\u0131kl\u0131klardaki hakikati yine kendinde arar. S\u00f6z ve eylem mant\u0131\u011f\u0131 b\u00f6ylece tamam olur.   \u201cTecelliname\u201d b\u00fct\u00fcn tasavvuf, mezhep, felsefe ve din yollar\u0131n\u0131n dahi incelemesi gereken \u00f6nemli bir eserdir. \u0130\u00e7inde b\u00fct\u00fcn manevi \u00e2lemlerin \u015fehadetlerini bar\u0131nd\u0131rmaktad\u0131r. Ruhun y\u00fckselme makamlar\u0131ndaki \u015fehadetinin anlat\u0131lmas\u0131, kendini tan\u0131mak isteyenlere \u00f6nemli ibretler sunmaktad\u0131r. Bu tan\u0131kl\u0131klar\u0131n sadece birini ya da birka\u00e7\u0131n\u0131 madde ya da mana \u00e2leminde ya\u015fayanlar dahi hakikat s\u0131rlar\u0131na vak\u0131f olduklar\u0131n\u0131 d\u00fc\u015f\u00fcn\u00fcrken, \u201cTecelliname\u201d ruhun hem madde hem de mana \u00e2leminde derece derece makamlar\u0131n\u0131 hangi ispatlarla ya\u015fayacaklar\u0131n\u0131 dile getirmektedir. Arayan i\u00e7in ak\u0131l ve vicdan meselesidir anlat\u0131lanlar. \u201cEsfeli safilin\u201d denilen, en a\u015fa\u011f\u0131 mertebeden ba\u015flayan hakikati aray\u0131\u015f\u0131n insan\u0131 k\u00e2mil\/kulluk makam\u0131 aras\u0131ndaki m\u00fcthi\u015f ve mucizevi seyrine ispatlar\u0131yla haz\u0131r olun.   \u201cTecelliname\u201d b\u00fct\u00fcn evrenin diline terc\u00fcmand\u0131r\u2026 B\u00fct\u00fcn ruhlar\u0131n arad\u0131\u011f\u0131 define haritas\u0131d\u0131r. <\/p>\n","protected":false},"excerpt":{"rendered":"<p>Hakikat tektir. Gel g\u00f6r ki bin t\u00fcrl\u00fc yoldan var\u0131labilir hakikate. Fakat sadece yolda yolcu olanlar i\u00e7indir t\u00fcm var\u0131\u015flar. Yolcu, yoluna sad\u0131k ise yolun eri\u015fti\u011fi konak da<span class=\"excerpt-hellip\"> [\u2026]<\/span><\/p>\n","protected":false},"featured_media":0,"template":"","meta":{"_monsterinsights_skip_tracking":false,"_monsterinsights_sitenote_active":false,"_monsterinsights_sitenote_note":"","_monsterinsights_sitenote_category":0},"product_brand":[],"product_cat":[12718],"product_tag":[],"class_list":{"0":"post-759964","1":"product","2":"type-product","3":"status-publish","5":"product_cat-din","6":"pa_cilt-ciltsiz","7":"pa_tur-kitap","8":"pa_yayinevi-la-kitap-yayinlari","9":"pa_yazar-ismail-metin","11":"first","12":"instock","13":"sale","14":"shipping-taxable","15":"purchasable","16":"product-type-simple"},"_links":{"self":[{"href":"https:\/\/roveyayinevi.com.tr\/index.php\/wp-json\/wp\/v2\/product\/759964","targetHints":{"allow":["GET"]}}],"collection":[{"href":"https:\/\/roveyayinevi.com.tr\/index.php\/wp-json\/wp\/v2\/product"}],"about":[{"href":"https:\/\/roveyayinevi.com.tr\/index.php\/wp-json\/wp\/v2\/types\/product"}],"wp:attachment":[{"href":"https:\/\/roveyayinevi.com.tr\/index.php\/wp-json\/wp\/v2\/media?parent=759964"}],"wp:term":[{"taxonomy":"product_brand","embeddable":true,"href":"https:\/\/roveyayinevi.com.tr\/index.php\/wp-json\/wp\/v2\/product_brand?post=759964"},{"taxonomy":"product_cat","embeddable":true,"href":"https:\/\/roveyayinevi.com.tr\/index.php\/wp-json\/wp\/v2\/product_cat?post=759964"},{"taxonomy":"product_tag","embeddable":true,"href":"https:\/\/roveyayinevi.com.tr\/index.php\/wp-json\/wp\/v2\/product_tag?post=759964"}],"curies":[{"name":"wp","href":"https:\/\/api.w.org\/{rel}","templated":true}]}}