{"id":759962,"date":"2025-08-28T08:50:03","date_gmt":"2025-08-28T05:50:03","guid":{"rendered":"https:\/\/roveyayinevi.com.tr\/index.php\/urun\/morana\/"},"modified":"2025-12-30T11:22:42","modified_gmt":"2025-12-30T08:22:42","slug":"morana","status":"publish","type":"product","link":"https:\/\/roveyayinevi.com.tr\/index.php\/urun\/morana\/","title":{"rendered":"Morana"},"content":{"rendered":"<p>Ben Tara Roya Baver. Annem i\u00e7in K\u00f6t\u00fcl\u00fck Tohumu. Insanlar i\u00e7in Tara. Onun i\u00e7in Roya. Bir r\u00fcya.   I\u015f\u0131k aramak yerine karanl\u0131\u011f\u0131n en derinliklerine s\u00fcr\u00fckleniyordum. Biliyordum ki bu karanl\u0131ktan kurtulamayacakt\u0131m. Sonra o geldi, benim karanl\u0131\u011f\u0131m onun karanl\u0131\u011f\u0131n\u0131 tan\u0131d\u0131. Ben Tara Roya Baver, annesinin deyimiyle k\u00f6t\u00fcl\u00fck tohumu, \u0131\u015f\u0131\u011fa de\u011fil onun karanl\u0131\u011f\u0131na ihtiya\u00e7 duydum.   On dokuz ya\u015f\u0131nda Savana \u015fehrinin en iyi keskin ni\u015fanc\u0131s\u0131 \u015eahing\u00f6z taraf\u0131ndan e\u011fitilen Tara Roya Baver hi\u00e7bir \u00f6rg\u00fct ile \u00e7al\u0131\u015fmamaya kararl\u0131d\u0131r. Ancak annesini mutlak bir \u00f6l\u00fcmden kurtarmak i\u00e7in Savana\u2019daki en g\u00fc\u00e7l\u00fc \u00f6rg\u00fct lideri Arsen Lloyd Morana ile anla\u015fmak zorunda kal\u0131r. Tara\u2019n\u0131n, Morana i\u00e7in \u00e7al\u0131\u015fmaktan ba\u015fka \u015fans\u0131 yoktur.   \u0130ki taraf\u0131n da s\u0131rlar\u0131 vard\u0131r. Bu s\u0131rlar her \u015feyi de\u011fi\u015ftirecektir.   A\u015fk m\u0131 daha g\u00fc\u00e7l\u00fcd\u00fcr, \u00f6l\u00fcm m\u00fc? Bu oyunda kartlar en ba\u015ftan da\u011f\u0131t\u0131lacakt\u0131r.   Morana, orada karanl\u0131ktan ba\u015fka bir \u015fey yok. Ama belki\u2026 Belki karanl\u0131\u011f\u0131n karanl\u0131\u011f\u0131m\u0131 tan\u0131r. I\u015f\u0131k yok, umut yok, sadece bir y\u0131ld\u0131z var. S\u00f6nmek \u00fczere olan bir y\u0131ld\u0131z. <\/p>\n","protected":false},"excerpt":{"rendered":"<p>Ben Tara Roya Baver. Annem i\u00e7in K\u00f6t\u00fcl\u00fck Tohumu. Insanlar i\u00e7in Tara. Onun i\u00e7in Roya. Bir r\u00fcya. I\u015f\u0131k aramak yerine karanl\u0131\u011f\u0131n en derinliklerine s\u00fcr\u00fckleniyordum. Biliyordum ki bu<span class=\"excerpt-hellip\"> [\u2026]<\/span><\/p>\n","protected":false},"featured_media":0,"template":"","meta":{"_monsterinsights_skip_tracking":false,"_monsterinsights_sitenote_active":false,"_monsterinsights_sitenote_note":"","_monsterinsights_sitenote_category":0},"product_brand":[],"product_cat":[12291,12711],"product_tag":[],"class_list":{"0":"post-759962","1":"product","2":"type-product","3":"status-publish","5":"product_cat-edebiyat","6":"product_cat-roman-oyku","7":"pa_cilt-ciltsiz","8":"pa_tur-kitap","9":"pa_yayinevi-indigo-kitap","10":"pa_yazar-isilsu-gultekin","12":"first","13":"instock","14":"sale","15":"shipping-taxable","16":"purchasable","17":"product-type-simple"},"_links":{"self":[{"href":"https:\/\/roveyayinevi.com.tr\/index.php\/wp-json\/wp\/v2\/product\/759962","targetHints":{"allow":["GET"]}}],"collection":[{"href":"https:\/\/roveyayinevi.com.tr\/index.php\/wp-json\/wp\/v2\/product"}],"about":[{"href":"https:\/\/roveyayinevi.com.tr\/index.php\/wp-json\/wp\/v2\/types\/product"}],"wp:attachment":[{"href":"https:\/\/roveyayinevi.com.tr\/index.php\/wp-json\/wp\/v2\/media?parent=759962"}],"wp:term":[{"taxonomy":"product_brand","embeddable":true,"href":"https:\/\/roveyayinevi.com.tr\/index.php\/wp-json\/wp\/v2\/product_brand?post=759962"},{"taxonomy":"product_cat","embeddable":true,"href":"https:\/\/roveyayinevi.com.tr\/index.php\/wp-json\/wp\/v2\/product_cat?post=759962"},{"taxonomy":"product_tag","embeddable":true,"href":"https:\/\/roveyayinevi.com.tr\/index.php\/wp-json\/wp\/v2\/product_tag?post=759962"}],"curies":[{"name":"wp","href":"https:\/\/api.w.org\/{rel}","templated":true}]}}