{"id":759960,"date":"2025-08-28T08:50:00","date_gmt":"2025-08-28T05:50:00","guid":{"rendered":"https:\/\/roveyayinevi.com.tr\/index.php\/urun\/atiksiz-yasam-rehberi\/"},"modified":"2026-04-16T03:12:59","modified_gmt":"2026-04-16T00:12:59","slug":"atiksiz-yasam-rehberi","status":"publish","type":"product","link":"https:\/\/roveyayinevi.com.tr\/index.php\/urun\/atiksiz-yasam-rehberi\/","title":{"rendered":"At\u0131ks\u0131z Ya\u015fam Rehberi"},"content":{"rendered":"<p>G\u00fcn\u00fcm\u00fczdeki artan t\u00fcketim al\u0131\u015fkanl\u0131klar\u0131 ve bununla birlikte ortaya \u00e7\u0131kan ekolojik ve sa\u011fl\u0131k sorunlar\u0131, insanlar ve gezegenimiz i\u00e7in ciddi problemlere neden olmaktad\u0131r. Bu durum, bireylerin ya\u015fam tarzlar\u0131n\u0131 ve t\u00fcketim al\u0131\u015fkanl\u0131klar\u0131n\u0131 g\u00f6zden ge\u00e7irmelerini gerektirmektedir. \u201cAt\u0131ks\u0131z Ya\u015fam\u201d kavram\u0131, s\u00fcrd\u00fcr\u00fclebilir bir gelecek i\u00e7in hem bireysel hem de toplumsal d\u00fczeyde \u00f6nemli bir g\u00f6stergedir. Kitap, at\u0131ks\u0131z ya\u015fam\u0131n tarih\u00e7esinden g\u00fcn\u00fcm\u00fczdeki pop\u00fclerli\u011fine, sa\u011flad\u0131\u011f\u0131 faydalardan g\u00fcnl\u00fck ya\u015fant\u0131m\u0131za entegrasyonuna kadar geni\u015f bir yelpazede bilgi sunmaktad\u0131r. S\u00fcrd\u00fcr\u00fclebilirlik, sa\u011fl\u0131k, teknoloji ve daha bir\u00e7ok a\u00e7\u0131dan at\u0131ks\u0131z ya\u015fam\u0131 ele alarak, okuyuculara pratik \u00e7\u00f6z\u00fcmler ve uygulanabilir \u00f6neriler sunmay\u0131 hedeflemektedir. Her bir b\u00f6l\u00fcm, at\u0131ks\u0131z ya\u015fam\u0131n farkl\u0131 y\u00f6nlerini detayl\u0131 bir \u015fekilde ele almakta ve bu ya\u015fam tarz\u0131n\u0131n nas\u0131l benimsenebilece\u011fine dair somut \u00f6neriler sunmaktad\u0131r. Kitap, at\u0131ks\u0131z ya\u015fam\u0131n sadece bireysel bir tercih olmad\u0131\u011f\u0131n\u0131, ayn\u0131 zamanda toplumsal bir sorumluluk oldu\u011funu vurgulayarak, s\u00fcrd\u00fcr\u00fclebilir bir d\u00fcnya i\u00e7in bu ya\u015fam tarz\u0131na ge\u00e7i\u015fin \u00f6nemini vurgulamaktad\u0131r. Bu kitap, at\u0131ks\u0131z ya\u015fam\u0131n heyecan verici ser\u00fcvenine kap\u0131 aralamakla kalmay\u0131p, ya\u015fam tarz\u0131n\u0131n derin k\u00f6klerinden g\u00fcn\u00fcm\u00fczdeki y\u00fcksek talebine kadar uzanan renkli bir hikayeyi anlatmaktad\u0131r. S\u00fcrd\u00fcr\u00fclebilirlik, sa\u011fl\u0131k, teknoloji ve di\u011fer \u00f6nemli konularda at\u0131ks\u0131z ya\u015fam\u0131n avantajlar\u0131n\u0131 detayl\u0131 bir \u015fekilde ele alarak, okuyuculara bilgi vermenin \u00f6tesinde renkli bir palet i\u00e7inde pratik \u00e7\u00f6z\u00fcmler ve uygulanabilir \u00f6neriler sunmay\u0131 ama\u00e7lamaktad\u0131r. <\/p>\n","protected":false},"excerpt":{"rendered":"<p>G\u00fcn\u00fcm\u00fczdeki artan t\u00fcketim al\u0131\u015fkanl\u0131klar\u0131 ve bununla birlikte ortaya \u00e7\u0131kan ekolojik ve sa\u011fl\u0131k sorunlar\u0131, insanlar ve gezegenimiz i\u00e7in ciddi problemlere neden olmaktad\u0131r. Bu durum, bireylerin ya\u015fam tarzlar\u0131n\u0131<span class=\"excerpt-hellip\"> [\u2026]<\/span><\/p>\n","protected":false},"featured_media":0,"template":"","meta":{"_monsterinsights_skip_tracking":false,"_monsterinsights_sitenote_active":false,"_monsterinsights_sitenote_note":"","_monsterinsights_sitenote_category":0},"product_brand":[],"product_cat":[23323,12364],"product_tag":[],"class_list":{"0":"post-759960","1":"product","2":"type-product","3":"status-publish","5":"product_cat-ekoloji","6":"product_cat-genel-konular","7":"pa_cilt-ciltsiz","8":"pa_tur-kitap","9":"pa_yayinevi-alfa-yayinlari","10":"pa_yazar-ozlem-cercioglu","12":"first","13":"instock","14":"sale","15":"shipping-taxable","16":"purchasable","17":"product-type-simple"},"_links":{"self":[{"href":"https:\/\/roveyayinevi.com.tr\/index.php\/wp-json\/wp\/v2\/product\/759960","targetHints":{"allow":["GET"]}}],"collection":[{"href":"https:\/\/roveyayinevi.com.tr\/index.php\/wp-json\/wp\/v2\/product"}],"about":[{"href":"https:\/\/roveyayinevi.com.tr\/index.php\/wp-json\/wp\/v2\/types\/product"}],"wp:attachment":[{"href":"https:\/\/roveyayinevi.com.tr\/index.php\/wp-json\/wp\/v2\/media?parent=759960"}],"wp:term":[{"taxonomy":"product_brand","embeddable":true,"href":"https:\/\/roveyayinevi.com.tr\/index.php\/wp-json\/wp\/v2\/product_brand?post=759960"},{"taxonomy":"product_cat","embeddable":true,"href":"https:\/\/roveyayinevi.com.tr\/index.php\/wp-json\/wp\/v2\/product_cat?post=759960"},{"taxonomy":"product_tag","embeddable":true,"href":"https:\/\/roveyayinevi.com.tr\/index.php\/wp-json\/wp\/v2\/product_tag?post=759960"}],"curies":[{"name":"wp","href":"https:\/\/api.w.org\/{rel}","templated":true}]}}