{"id":759958,"date":"2025-08-28T08:49:57","date_gmt":"2025-08-28T05:49:57","guid":{"rendered":"https:\/\/roveyayinevi.com.tr\/index.php\/urun\/felaket-kurbanlarinin-kimliklendirilmesi\/"},"modified":"2026-04-16T03:12:59","modified_gmt":"2026-04-16T00:12:59","slug":"felaket-kurbanlarinin-kimliklendirilmesi","status":"publish","type":"product","link":"https:\/\/roveyayinevi.com.tr\/index.php\/urun\/felaket-kurbanlarinin-kimliklendirilmesi\/","title":{"rendered":"Felaket Kurbanlar\u0131n\u0131n Kimliklendirilmesi"},"content":{"rendered":"<p>Felaket kurbanlar\u0131n\u0131n kimliklendirilmesi,hem insani hem de bilimsel a\u00e7\u0131dan karma\u015f\u0131k ve \u00f6nemli bir s\u00fcreci ifade eder.Bu s\u00fcre\u00e7,insan haklar\u0131na sayg\u0131,adli gereklilikler ve toplumun sa\u011fl\u0131k ve g\u00fcvenli\u011fi koruma amac\u0131yla y\u00fcr\u00fct\u00fclen bir dizi y\u00f6ntemin birle\u015fimidir.\u2019\u2019Felaket Kurbanlar\u0131n\u0131n Kimliklendirilmesi\u2019\u2019adl\u0131 bu kitap,\u0130nterpol\u2019\u00fcn DVI k\u0131lavuzunu rehber edinerek,felaket ma\u011fd\u0131rlar\u0131n\u0131n kimliklerini tespit etme s\u00fcrecini kapsaml\u0131 bir \u015fekilde a\u00e7\u0131klamaktad\u0131r.<\/p>\n","protected":false},"excerpt":{"rendered":"<p>Felaket kurbanlar\u0131n\u0131n kimliklendirilmesi,hem insani hem de bilimsel a\u00e7\u0131dan karma\u015f\u0131k ve \u00f6nemli bir s\u00fcreci ifade eder.Bu s\u00fcre\u00e7,insan haklar\u0131na sayg\u0131,adli gereklilikler ve toplumun sa\u011fl\u0131k ve g\u00fcvenli\u011fi koruma amac\u0131yla<span class=\"excerpt-hellip\"> [\u2026]<\/span><\/p>\n","protected":false},"featured_media":0,"template":"","meta":{"_monsterinsights_skip_tracking":false,"_monsterinsights_sitenote_active":false,"_monsterinsights_sitenote_note":"","_monsterinsights_sitenote_category":0},"product_brand":[],"product_cat":[15499,13488],"product_tag":[],"class_list":{"0":"post-759958","1":"product","2":"type-product","3":"status-publish","5":"product_cat-antropoloji","6":"product_cat-toplum-ve-insan","7":"pa_cilt-ciltsiz","8":"pa_tur-kitap","9":"pa_yayinevi-bilgin-kultur-sanat","10":"pa_yazar-nevin-goksal","12":"first","13":"instock","14":"sale","15":"shipping-taxable","16":"purchasable","17":"product-type-simple"},"_links":{"self":[{"href":"https:\/\/roveyayinevi.com.tr\/index.php\/wp-json\/wp\/v2\/product\/759958","targetHints":{"allow":["GET"]}}],"collection":[{"href":"https:\/\/roveyayinevi.com.tr\/index.php\/wp-json\/wp\/v2\/product"}],"about":[{"href":"https:\/\/roveyayinevi.com.tr\/index.php\/wp-json\/wp\/v2\/types\/product"}],"wp:attachment":[{"href":"https:\/\/roveyayinevi.com.tr\/index.php\/wp-json\/wp\/v2\/media?parent=759958"}],"wp:term":[{"taxonomy":"product_brand","embeddable":true,"href":"https:\/\/roveyayinevi.com.tr\/index.php\/wp-json\/wp\/v2\/product_brand?post=759958"},{"taxonomy":"product_cat","embeddable":true,"href":"https:\/\/roveyayinevi.com.tr\/index.php\/wp-json\/wp\/v2\/product_cat?post=759958"},{"taxonomy":"product_tag","embeddable":true,"href":"https:\/\/roveyayinevi.com.tr\/index.php\/wp-json\/wp\/v2\/product_tag?post=759958"}],"curies":[{"name":"wp","href":"https:\/\/api.w.org\/{rel}","templated":true}]}}