{"id":759956,"date":"2025-08-28T08:49:55","date_gmt":"2025-08-28T05:49:55","guid":{"rendered":"https:\/\/roveyayinevi.com.tr\/index.php\/urun\/olan-biteni-hissetmek\/"},"modified":"2026-04-16T03:12:59","modified_gmt":"2026-04-16T00:12:59","slug":"olan-biteni-hissetmek","status":"publish","type":"product","link":"https:\/\/roveyayinevi.com.tr\/index.php\/urun\/olan-biteni-hissetmek\/","title":{"rendered":"Olan Biteni Hissetmek"},"content":{"rendered":"<p>Yenilik\u00e7i bilimsel d\u00fc\u015f\u00fcnme \u015fekli ve net ifade bi\u00e7imiyle tan\u0131nan Antonio Damasio, bu kitab\u0131nda en derinlerde yatan sorular\u0131 ve yan\u0131tlar\u0131n\u0131 ele alarak bilin\u00e7 konusuna yeni bir anlay\u0131\u015f getiriyor: Ne bildi\u011fimizi nas\u0131l biliyoruz? Bilin\u00e7 kazanm\u0131\u015f insan zihninde benlik alg\u0131s\u0131 nas\u0131l olu\u015fuyor? Beyin hasar\u0131 bulunan hastalara y\u0131llar boyunca \u00e7areler sunan yetenekli t\u0131p doktoru Damasio, Descartes\u2019\u0131n Yan\u0131lg\u0131s\u0131 adl\u0131 kitab\u0131n\u0131n devam\u0131 niteli\u011finde olan bu \u00e7\u0131\u011f\u0131r a\u00e7acak \u00e7al\u0131\u015fmada bilincin biyolojik temellerini ve hayatta kalmada \u00f6zel rol\u00fcn\u00fc ara\u015ft\u0131r\u0131yor. \u0130nsan\u0131n varolu\u015funu anlamaya \u00e7al\u0131\u015f\u0131rken beden ve duyguyu ili\u015fkilendiren bu e\u015fsiz \u00e7al\u0131\u015fma, New York Times\u2019\u0131n da dedi\u011fi gibi, \u201cbenlikle ilgili bildiklerinizi alt\u00fcst edecek.\u201d <\/p>\n","protected":false},"excerpt":{"rendered":"<p>Yenilik\u00e7i bilimsel d\u00fc\u015f\u00fcnme \u015fekli ve net ifade bi\u00e7imiyle tan\u0131nan Antonio Damasio, bu kitab\u0131nda en derinlerde yatan sorular\u0131 ve yan\u0131tlar\u0131n\u0131 ele alarak bilin\u00e7 konusuna yeni bir anlay\u0131\u015f<span class=\"excerpt-hellip\"> [\u2026]<\/span><\/p>\n","protected":false},"featured_media":0,"template":"","meta":{"_monsterinsights_skip_tracking":false,"_monsterinsights_sitenote_active":false,"_monsterinsights_sitenote_note":"","_monsterinsights_sitenote_category":0},"product_brand":[],"product_cat":[12357],"product_tag":[],"class_list":{"0":"post-759956","1":"product","2":"type-product","3":"status-publish","5":"product_cat-psikoloji","6":"pa_cilt-ciltsiz","7":"pa_tur-kitap","8":"pa_yayinevi-odtu-gelistirme-vakfi-yayincilik","9":"pa_yazar-antonio-damasio","11":"first","12":"instock","13":"sale","14":"shipping-taxable","15":"purchasable","16":"product-type-simple"},"_links":{"self":[{"href":"https:\/\/roveyayinevi.com.tr\/index.php\/wp-json\/wp\/v2\/product\/759956","targetHints":{"allow":["GET"]}}],"collection":[{"href":"https:\/\/roveyayinevi.com.tr\/index.php\/wp-json\/wp\/v2\/product"}],"about":[{"href":"https:\/\/roveyayinevi.com.tr\/index.php\/wp-json\/wp\/v2\/types\/product"}],"wp:attachment":[{"href":"https:\/\/roveyayinevi.com.tr\/index.php\/wp-json\/wp\/v2\/media?parent=759956"}],"wp:term":[{"taxonomy":"product_brand","embeddable":true,"href":"https:\/\/roveyayinevi.com.tr\/index.php\/wp-json\/wp\/v2\/product_brand?post=759956"},{"taxonomy":"product_cat","embeddable":true,"href":"https:\/\/roveyayinevi.com.tr\/index.php\/wp-json\/wp\/v2\/product_cat?post=759956"},{"taxonomy":"product_tag","embeddable":true,"href":"https:\/\/roveyayinevi.com.tr\/index.php\/wp-json\/wp\/v2\/product_tag?post=759956"}],"curies":[{"name":"wp","href":"https:\/\/api.w.org\/{rel}","templated":true}]}}