{"id":759954,"date":"2025-08-28T08:49:51","date_gmt":"2025-08-28T05:49:51","guid":{"rendered":"https:\/\/roveyayinevi.com.tr\/index.php\/urun\/assassins-creed-shao-junun-kilici\/"},"modified":"2026-04-16T03:12:59","modified_gmt":"2026-04-16T00:12:59","slug":"assassins-creed-shao-junun-kilici","status":"publish","type":"product","link":"https:\/\/roveyayinevi.com.tr\/index.php\/urun\/assassins-creed-shao-junun-kilici\/","title":{"rendered":"Assassin&#8217;s Creed Shao Jun&#8217;un K\u0131l\u0131c\u0131"},"content":{"rendered":"<p>Sene 1526. B\u00fcy\u00fck Ming \u0130mparatorlu\u011fu taraf\u0131ndan y\u00f6netilen\u00c7in&#8217;de siyasi hamleler, \u00fclkeyi kas\u0131p kavuruyor. \u0130mparatorluk g\u00fcc\u00fcne g\u00fc\u00e7 katsa da \u00fclkede bir karga\u015fa, kaos havas\u0131 h\u00fck\u00fcm s\u00fcr\u00fcyor. Shao Jun, yolda\u015flar\u0131 katledilince \u00c7in&#8217;in son suikast\u00e7\u0131s\u0131 h\u00e2line geldi\u011fi i\u00e7in Avrupa&#8217;ya ka\u00e7m\u0131\u015ft\u0131. Ancak \u015fimdi d\u00f6n\u00fc\u015f vakti. Akl\u0131nda ise tek bir \u015fey var: \u0130ntikam!<\/p>\n","protected":false},"excerpt":{"rendered":"<p>Sene 1526. B\u00fcy\u00fck Ming \u0130mparatorlu\u011fu taraf\u0131ndan y\u00f6netilen\u00c7in&#8217;de siyasi hamleler, \u00fclkeyi kas\u0131p kavuruyor. \u0130mparatorluk g\u00fcc\u00fcne g\u00fc\u00e7 katsa da \u00fclkede bir karga\u015fa, kaos havas\u0131 h\u00fck\u00fcm s\u00fcr\u00fcyor. Shao Jun,<span class=\"excerpt-hellip\"> [\u2026]<\/span><\/p>\n","protected":false},"featured_media":0,"template":"","meta":{"_monsterinsights_skip_tracking":false,"_monsterinsights_sitenote_active":false,"_monsterinsights_sitenote_note":"","_monsterinsights_sitenote_category":0},"product_brand":[],"product_cat":[12416,12291],"product_tag":[],"class_list":{"0":"post-759954","1":"product","2":"type-product","3":"status-publish","5":"product_cat-cizgi-roman","6":"product_cat-edebiyat","7":"pa_cilt-ciltsiz","8":"pa_tur-kitap","9":"pa_yayinevi-senpai-yayinlari","10":"pa_yazar-minoji-kurata","12":"first","13":"instock","14":"sale","15":"shipping-taxable","16":"purchasable","17":"product-type-simple"},"_links":{"self":[{"href":"https:\/\/roveyayinevi.com.tr\/index.php\/wp-json\/wp\/v2\/product\/759954","targetHints":{"allow":["GET"]}}],"collection":[{"href":"https:\/\/roveyayinevi.com.tr\/index.php\/wp-json\/wp\/v2\/product"}],"about":[{"href":"https:\/\/roveyayinevi.com.tr\/index.php\/wp-json\/wp\/v2\/types\/product"}],"wp:attachment":[{"href":"https:\/\/roveyayinevi.com.tr\/index.php\/wp-json\/wp\/v2\/media?parent=759954"}],"wp:term":[{"taxonomy":"product_brand","embeddable":true,"href":"https:\/\/roveyayinevi.com.tr\/index.php\/wp-json\/wp\/v2\/product_brand?post=759954"},{"taxonomy":"product_cat","embeddable":true,"href":"https:\/\/roveyayinevi.com.tr\/index.php\/wp-json\/wp\/v2\/product_cat?post=759954"},{"taxonomy":"product_tag","embeddable":true,"href":"https:\/\/roveyayinevi.com.tr\/index.php\/wp-json\/wp\/v2\/product_tag?post=759954"}],"curies":[{"name":"wp","href":"https:\/\/api.w.org\/{rel}","templated":true}]}}