{"id":759951,"date":"2025-08-28T08:49:47","date_gmt":"2025-08-28T05:49:47","guid":{"rendered":"https:\/\/roveyayinevi.com.tr\/index.php\/urun\/menderesler-yazmak\/"},"modified":"2026-04-16T03:12:59","modified_gmt":"2026-04-16T00:12:59","slug":"menderesler-yazmak","status":"publish","type":"product","link":"https:\/\/roveyayinevi.com.tr\/index.php\/urun\/menderesler-yazmak\/","title":{"rendered":"Menderesler Yazmak"},"content":{"rendered":"<p>Menderes: Bir \u0131rma\u011f\u0131n \u00e7izdi\u011fi d\u00fczenli dolamba\u00e7, az e\u011fimli koyak ve d\u00fczl\u00fcklerde olu\u015fturdu\u011fu S benzeri k\u0131vr\u0131m, d\u00f6ng\u00fc.Yazmak: Ki\u015finin elini kullanmak durumunda oldu\u011fu fiil (edim) \u2013 eli\u015fi.Enis Batur, G\u00fclmekten \u00d6lmek ve Denemek Sapmak&#8217;\u0131n ard\u0131ndan \u00c7ekmeceler Kitab\u0131&#8217;n\u0131n \u00fc\u00e7\u00fcnc\u00fcs\u00fc Menderesler Yazmak ile yaz\u0131 merdivenine yeni basamaklar ekliyor.<\/p>\n","protected":false},"excerpt":{"rendered":"<p>Menderes: Bir \u0131rma\u011f\u0131n \u00e7izdi\u011fi d\u00fczenli dolamba\u00e7, az e\u011fimli koyak ve d\u00fczl\u00fcklerde olu\u015fturdu\u011fu S benzeri k\u0131vr\u0131m, d\u00f6ng\u00fc.Yazmak: Ki\u015finin elini kullanmak durumunda oldu\u011fu fiil (edim) \u2013 eli\u015fi.Enis Batur,<span class=\"excerpt-hellip\"> [\u2026]<\/span><\/p>\n","protected":false},"featured_media":0,"template":"","meta":{"_monsterinsights_skip_tracking":false,"_monsterinsights_sitenote_active":false,"_monsterinsights_sitenote_note":"","_monsterinsights_sitenote_category":0},"product_brand":[],"product_cat":[12777,12291],"product_tag":[],"class_list":{"0":"post-759951","1":"product","2":"type-product","3":"status-publish","5":"product_cat-deneme","6":"product_cat-edebiyat","7":"pa_cilt-ciltsiz","8":"pa_tur-kitap","9":"pa_yayinevi-sel-yayincilik","10":"pa_yazar-enis-batur","12":"first","13":"instock","14":"sale","15":"shipping-taxable","16":"purchasable","17":"product-type-simple"},"_links":{"self":[{"href":"https:\/\/roveyayinevi.com.tr\/index.php\/wp-json\/wp\/v2\/product\/759951","targetHints":{"allow":["GET"]}}],"collection":[{"href":"https:\/\/roveyayinevi.com.tr\/index.php\/wp-json\/wp\/v2\/product"}],"about":[{"href":"https:\/\/roveyayinevi.com.tr\/index.php\/wp-json\/wp\/v2\/types\/product"}],"wp:attachment":[{"href":"https:\/\/roveyayinevi.com.tr\/index.php\/wp-json\/wp\/v2\/media?parent=759951"}],"wp:term":[{"taxonomy":"product_brand","embeddable":true,"href":"https:\/\/roveyayinevi.com.tr\/index.php\/wp-json\/wp\/v2\/product_brand?post=759951"},{"taxonomy":"product_cat","embeddable":true,"href":"https:\/\/roveyayinevi.com.tr\/index.php\/wp-json\/wp\/v2\/product_cat?post=759951"},{"taxonomy":"product_tag","embeddable":true,"href":"https:\/\/roveyayinevi.com.tr\/index.php\/wp-json\/wp\/v2\/product_tag?post=759951"}],"curies":[{"name":"wp","href":"https:\/\/api.w.org\/{rel}","templated":true}]}}