{"id":759950,"date":"2025-08-28T08:49:46","date_gmt":"2025-08-28T05:49:46","guid":{"rendered":"https:\/\/roveyayinevi.com.tr\/index.php\/urun\/yildizlara-yoldas-olmak\/"},"modified":"2026-04-16T03:12:59","modified_gmt":"2026-04-16T00:12:59","slug":"yildizlara-yoldas-olmak","status":"publish","type":"product","link":"https:\/\/roveyayinevi.com.tr\/index.php\/urun\/yildizlara-yoldas-olmak\/","title":{"rendered":"Y\u0131ld\u0131zlara Yolda\u015f Olmak"},"content":{"rendered":"<p>\u201cMuhammed Allah\u2019\u0131n resul\u00fcd\u00fcr. Beraberinde bulunanlar da k\u00e2firlere kar\u015f\u0131 \u00e7etin, kendi aralar\u0131nda merhametlidirler. Onlar\u0131 r\u00fck\u00fba var\u0131rken, secde ederken g\u00f6r\u00fcrs\u00fcn. Allah\u2019tan l\u00fctuf ve r\u0131za isterler. Onlar\u0131n ni\u015fanlar\u0131 y\u00fczlerindeki secde izidir. Bu, onlar\u0131n Tevrat\u2019taki vas\u0131flar\u0131d\u0131r. \u0130ncil\u2019deki vas\u0131flar\u0131 da \u015f\u00f6yledir: Onlar filizini yar\u0131p \u00e7\u0131karm\u0131\u015f, gittik\u00e7e onu kuvvetlendirerek kal\u0131nla\u015fm\u0131\u015f, g\u00f6vdesi \u00fczerine dikilmi\u015f bir ekine benzerler ki bu, \u00e7ift\u00e7ilerin ho\u015funa gider. Allah b\u00f6ylece onlar\u0131 \u00e7o\u011falt\u0131p kuvvetlendirmekle k\u00e2firleri \u00f6fkelendirir. Allah onlardan iman edip salih ameller i\u015fleyenlere ma\u011ffiret ve b\u00fcy\u00fck m\u00fck\u00e2fat vadetmi\u015ftir.\u201d (El-Fetih 48\/29)   \u201cY\u0131ld\u0131zlar seman\u0131n emniyetidir. Y\u0131ld\u0131zlar gitti mi, vadedilen \u015fey semaya gelir. Ben de Ashab\u0131m i\u00e7in bir emniyetim. Ben gittim mi, onlara vadedilen \u015fey gelecektir. Ashab\u0131m da \u00fcmmetim i\u00e7in bir emniyettir. Ashab\u0131m gitti mi \u00fcmmetime vadedilen \u015fey gelir.\u201d (M\u00fcslim, Fedailu\u2019s-Sahabe 207) <\/p>\n","protected":false},"excerpt":{"rendered":"<p>\u201cMuhammed Allah\u2019\u0131n resul\u00fcd\u00fcr. Beraberinde bulunanlar da k\u00e2firlere kar\u015f\u0131 \u00e7etin, kendi aralar\u0131nda merhametlidirler. Onlar\u0131 r\u00fck\u00fba var\u0131rken, secde ederken g\u00f6r\u00fcrs\u00fcn. Allah\u2019tan l\u00fctuf ve r\u0131za isterler. Onlar\u0131n ni\u015fanlar\u0131 y\u00fczlerindeki<span class=\"excerpt-hellip\"> [\u2026]<\/span><\/p>\n","protected":false},"featured_media":0,"template":"","meta":{"_monsterinsights_skip_tracking":false,"_monsterinsights_sitenote_active":false,"_monsterinsights_sitenote_note":"","_monsterinsights_sitenote_category":0},"product_brand":[],"product_cat":[12718,12719],"product_tag":[],"class_list":{"0":"post-759950","1":"product","2":"type-product","3":"status-publish","5":"product_cat-din","6":"product_cat-islam","7":"pa_cilt-ciltsiz","8":"pa_tur-kitap","9":"pa_yayinevi-gulnar-yayinlari","10":"pa_yazar-ismet-erdal","12":"first","13":"instock","14":"sale","15":"shipping-taxable","16":"purchasable","17":"product-type-simple"},"_links":{"self":[{"href":"https:\/\/roveyayinevi.com.tr\/index.php\/wp-json\/wp\/v2\/product\/759950","targetHints":{"allow":["GET"]}}],"collection":[{"href":"https:\/\/roveyayinevi.com.tr\/index.php\/wp-json\/wp\/v2\/product"}],"about":[{"href":"https:\/\/roveyayinevi.com.tr\/index.php\/wp-json\/wp\/v2\/types\/product"}],"wp:attachment":[{"href":"https:\/\/roveyayinevi.com.tr\/index.php\/wp-json\/wp\/v2\/media?parent=759950"}],"wp:term":[{"taxonomy":"product_brand","embeddable":true,"href":"https:\/\/roveyayinevi.com.tr\/index.php\/wp-json\/wp\/v2\/product_brand?post=759950"},{"taxonomy":"product_cat","embeddable":true,"href":"https:\/\/roveyayinevi.com.tr\/index.php\/wp-json\/wp\/v2\/product_cat?post=759950"},{"taxonomy":"product_tag","embeddable":true,"href":"https:\/\/roveyayinevi.com.tr\/index.php\/wp-json\/wp\/v2\/product_tag?post=759950"}],"curies":[{"name":"wp","href":"https:\/\/api.w.org\/{rel}","templated":true}]}}