{"id":759946,"date":"2025-08-28T08:49:40","date_gmt":"2025-08-28T05:49:40","guid":{"rendered":"https:\/\/roveyayinevi.com.tr\/index.php\/urun\/national-geographic-kids-thomas-edison\/"},"modified":"2026-04-16T03:12:58","modified_gmt":"2026-04-16T00:12:58","slug":"national-geographic-kids-thomas-edison","status":"publish","type":"product","link":"https:\/\/roveyayinevi.com.tr\/index.php\/urun\/national-geographic-kids-thomas-edison\/","title":{"rendered":"National Geographic Kids &#8211; Thomas Edison"},"content":{"rendered":"<p>1888 y\u0131l\u0131ndan beri ke\u015fif, ara\u015ft\u0131rma ve yard\u0131m \u00e7al\u0131\u015fmalar\u0131 konusunda alan\u0131n\u0131n en tan\u0131nan ismi olan ve bilim d\u00fcnyas\u0131na pek \u00e7ok ke\u015fif kazand\u0131ran National Geographic\u2019in, \u00e7ocuklar i\u00e7in \u00f6zel olarak yaratt\u0131\u011f\u0131 National Geographic Kids kitaplar\u0131 art\u0131k T\u00fcrkiye\u2019de. Bilimsel merak\u0131n k\u00fc\u00e7\u00fck ya\u015flarda geli\u015ftirilmesinin \u00f6neminin bilincinde olan National Geographic, hayvanlar, ula\u015f\u0131m ara\u00e7lar\u0131, co\u011frafya, iklim, uzay, d\u00fcnyam\u0131z ve genel k\u00fclt\u00fcr gibi pek \u00e7ok konuda, \u00e7ocuklar\u0131n ilgisini \u00e7eken ve onlar\u0131n bilimsel konulalara olan kat\u0131l\u0131m\u0131n\u0131 art\u0131ran yay\u0131nlar sunmaktad\u0131r.     2.Seviye; Okuma kitaplar\u0131, daha zengin i\u00e7eri\u011fi ve daha ileri kelime bilgileriyle 1. ve 2. S\u0131n\u0131fa giden \u00e7ocuklar i\u00e7in haz\u0131rlanm\u0131\u015ft\u0131r. Fazla detaya girmeden anlat\u0131lan konular, \u00e7ocuklara uygun bir dille yaz\u0131lm\u0131\u015ft\u0131r. Her konuyu desteklemek i\u00e7in National Geographic imzas\u0131n\u0131 ta\u015f\u0131yan foto\u011fraflar kullan\u0131lm\u0131\u015ft\u0131r. Aileleriyle okumaktan zevk alan \u00e7ocuklar\u0131n yan\u0131 s\u0131ra, art\u0131k kendi ba\u015f\u0131na okuyabilen \u00e7ocuklara hitap eder. \u0130lgi \u00e7ekici konular \u00e7ocuklara uygun bir ara\u015ft\u0131rma ortam\u0131 sunar <\/p>\n","protected":false},"excerpt":{"rendered":"<p>1888 y\u0131l\u0131ndan beri ke\u015fif, ara\u015ft\u0131rma ve yard\u0131m \u00e7al\u0131\u015fmalar\u0131 konusunda alan\u0131n\u0131n en tan\u0131nan ismi olan ve bilim d\u00fcnyas\u0131na pek \u00e7ok ke\u015fif kazand\u0131ran National Geographic\u2019in, \u00e7ocuklar i\u00e7in \u00f6zel<span class=\"excerpt-hellip\"> [\u2026]<\/span><\/p>\n","protected":false},"featured_media":0,"template":"","meta":{"_monsterinsights_skip_tracking":false,"_monsterinsights_sitenote_active":false,"_monsterinsights_sitenote_note":"","_monsterinsights_sitenote_category":0},"product_brand":[],"product_cat":[13829,12274],"product_tag":[],"class_list":{"0":"post-759946","1":"product","2":"type-product","3":"status-publish","5":"product_cat-bilimsel-kitaplar","6":"product_cat-cocuk-ve-genclik-kitaplari","7":"pa_cilt-ciltsiz","8":"pa_tur-kitap","9":"pa_yayinevi-beta-kids","10":"pa_yazar-barbara-kramer","12":"first","13":"instock","14":"sale","15":"shipping-taxable","16":"purchasable","17":"product-type-simple"},"_links":{"self":[{"href":"https:\/\/roveyayinevi.com.tr\/index.php\/wp-json\/wp\/v2\/product\/759946","targetHints":{"allow":["GET"]}}],"collection":[{"href":"https:\/\/roveyayinevi.com.tr\/index.php\/wp-json\/wp\/v2\/product"}],"about":[{"href":"https:\/\/roveyayinevi.com.tr\/index.php\/wp-json\/wp\/v2\/types\/product"}],"wp:attachment":[{"href":"https:\/\/roveyayinevi.com.tr\/index.php\/wp-json\/wp\/v2\/media?parent=759946"}],"wp:term":[{"taxonomy":"product_brand","embeddable":true,"href":"https:\/\/roveyayinevi.com.tr\/index.php\/wp-json\/wp\/v2\/product_brand?post=759946"},{"taxonomy":"product_cat","embeddable":true,"href":"https:\/\/roveyayinevi.com.tr\/index.php\/wp-json\/wp\/v2\/product_cat?post=759946"},{"taxonomy":"product_tag","embeddable":true,"href":"https:\/\/roveyayinevi.com.tr\/index.php\/wp-json\/wp\/v2\/product_tag?post=759946"}],"curies":[{"name":"wp","href":"https:\/\/api.w.org\/{rel}","templated":true}]}}