{"id":759938,"date":"2025-08-28T08:49:26","date_gmt":"2025-08-28T05:49:26","guid":{"rendered":"https:\/\/roveyayinevi.com.tr\/index.php\/urun\/grandpas-grocery-dedemin-bakkali-fleksi\/"},"modified":"2026-04-16T03:12:58","modified_gmt":"2026-04-16T00:12:58","slug":"grandpas-grocery-dedemin-bakkali-fleksi","status":"publish","type":"product","link":"https:\/\/roveyayinevi.com.tr\/index.php\/urun\/grandpas-grocery-dedemin-bakkali-fleksi\/","title":{"rendered":"Grandpa\u2019s Grocery &#8211; Dedemin Bakkal\u0131 (Fleksi)"},"content":{"rendered":"<p>\u015eermin Ya\u015far&#8217;s international bestseller book Dedemin Bakkal\u0131 is now in English!   She is a hero who gives free products to poor customers and charges them to the accounts of the rich\u2026   A sharp mind that mixes beverages behind the counter to make something even better to offer  her customers\u2026   A philanthropist who collects holiday treats from her friends to send to kids in Africa&#8230;   She is an apprentice grocer who can\u2019t help but stir change with every step; a super fun, wickedly clever innovator&#8230;   She made into the business world with full of dreams, but kept bumping into the  world of adults. She ran into countless woes and obstacles, all because of them&#8230; So, with all that experience, she prepared a wonderful guidebook for you.   \u201cDelicate Issues Children Should Consider in Dealing with Adults\u201d is right here in this book. Ten full items. Read and pay attention&#8230;    Meanwhile, let me give you a secret:   Adults\u2026 They\u2019re everywhere\u2026 <\/p>\n","protected":false},"excerpt":{"rendered":"<p>\u015eermin Ya\u015far&#8217;s international bestseller book Dedemin Bakkal\u0131 is now in English! She is a hero who gives free products to poor customers and charges them to<span class=\"excerpt-hellip\"> [\u2026]<\/span><\/p>\n","protected":false},"featured_media":0,"template":"","meta":{"_monsterinsights_skip_tracking":false,"_monsterinsights_sitenote_active":false,"_monsterinsights_sitenote_note":"","_monsterinsights_sitenote_category":0},"product_brand":[],"product_cat":[12275,12274],"product_tag":[],"class_list":{"0":"post-759938","1":"product","2":"type-product","3":"status-publish","5":"product_cat-6-12-yas-kitaplari","6":"product_cat-cocuk-ve-genclik-kitaplari","7":"pa_cilt-ciltsiz","8":"pa_tur-kitap","9":"pa_yayinevi-taze-kitap","10":"pa_yazar-sermin-yasar","12":"first","13":"instock","14":"sale","15":"shipping-taxable","16":"purchasable","17":"product-type-simple"},"_links":{"self":[{"href":"https:\/\/roveyayinevi.com.tr\/index.php\/wp-json\/wp\/v2\/product\/759938","targetHints":{"allow":["GET"]}}],"collection":[{"href":"https:\/\/roveyayinevi.com.tr\/index.php\/wp-json\/wp\/v2\/product"}],"about":[{"href":"https:\/\/roveyayinevi.com.tr\/index.php\/wp-json\/wp\/v2\/types\/product"}],"wp:attachment":[{"href":"https:\/\/roveyayinevi.com.tr\/index.php\/wp-json\/wp\/v2\/media?parent=759938"}],"wp:term":[{"taxonomy":"product_brand","embeddable":true,"href":"https:\/\/roveyayinevi.com.tr\/index.php\/wp-json\/wp\/v2\/product_brand?post=759938"},{"taxonomy":"product_cat","embeddable":true,"href":"https:\/\/roveyayinevi.com.tr\/index.php\/wp-json\/wp\/v2\/product_cat?post=759938"},{"taxonomy":"product_tag","embeddable":true,"href":"https:\/\/roveyayinevi.com.tr\/index.php\/wp-json\/wp\/v2\/product_tag?post=759938"}],"curies":[{"name":"wp","href":"https:\/\/api.w.org\/{rel}","templated":true}]}}