{"id":759937,"date":"2025-08-28T08:49:25","date_gmt":"2025-08-28T05:49:25","guid":{"rendered":"https:\/\/roveyayinevi.com.tr\/index.php\/urun\/rekortmen-baskan\/"},"modified":"2026-04-16T03:12:58","modified_gmt":"2026-04-16T00:12:58","slug":"rekortmen-baskan","status":"publish","type":"product","link":"https:\/\/roveyayinevi.com.tr\/index.php\/urun\/rekortmen-baskan\/","title":{"rendered":"Rekortmen Ba\u015fkan"},"content":{"rendered":"<p>Dr. Hasan Akg\u00fcn&#8230; Yapt\u0131klar\u0131yla, yapacaklar\u0131yla, \u00f6n\u00fcne ge\u00e7ilemeyen, ucu buca\u011f\u0131 olmayan hayalleriyle tam bir uzun yol kaptan\u0131. Ya\u015fam enerjisini B\u00fcy\u00fck\u00e7ekmece\u2019den al\u0131yor, 24 saatini adad\u0131\u011f\u0131 bu semte \u00e7ok daha fazlas\u0131n\u0131 veriyor. Bunu o kadar uzun zamand\u0131r yap\u0131yor ki, en uzun s\u00fcre belediye ba\u015fkanl\u0131\u011f\u0131 rekorunun da sahibi. Belediyecilikte 47 y\u0131l&#8230; Ba\u015fkanl\u0131kta 31 y\u0131l\u2026 Dile kolay, 47 y\u0131l s\u00fcren belediyecili\u011fi boyunca, 14 ba\u015fbakan, 7 cumhurba\u015fkan\u0131 g\u00f6rd\u00fc. Bitmek t\u00fckenmek bilmeyen hayaller, her g\u00fcn bir yenisi hayata ge\u00e7irilen projeler, planlar, programlar&#8230; Yeri geldi\u011finde en sevdi\u011fi varl\u0131klar\u0131n\u0131; \u00e7ocuklar\u0131n\u0131, ailesini ikinci plana atacak kadar i\u015fine ba\u011fl\u0131 bir belediyeci, bir hizmet \u00fcstad\u0131\u2026 Avrupa\u2019ya her \u00e7\u0131kt\u0131\u011f\u0131nda, \u201cKendi belediyeme ne katabilirim\u201d diye d\u00fc\u015f\u00fcnen bir ara\u015ft\u0131rmac\u0131, bir merakl\u0131\u2026 Hayalleri ger\u00e7ekle\u015ftirmek \u00fczere, bazen 100 metrede h\u0131z rekoru, bazen sab\u0131rla, dikkatle, her bir ad\u0131m\u0131n k\u0131ymetini bilerek ko\u015fulan bir maratondur onunki. B\u00fcy\u00fck\u00e7ekmece\u2019yle b\u00fct\u00fcnle\u015fir, \u00f6zde\u015fle\u015fir, daha da h\u0131zlan\u0131r; ba\u015fkalar\u0131 i\u00e7in \u00e7oktan \u201cbiti\u015f \u00e7izgisi\u201d olabilecek kilometreleri, y\u0131llar\u0131, engelleri a\u015far. Hep ayn\u0131 heyecanla, hep ufuktaki bir sonraki m\u00fckemmele, daha iyisine, daha da iyisine ko\u015farak\u2026 Yerel y\u00f6netimin sadece g\u00fcndelik sorun \u00e7\u00f6zmek de\u011fil, sanat ve k\u00fclt\u00fcrle de beslenen, mutlaka e\u011fitim diyen yeni hayallerin, yepyeni ufuklar\u0131n pe\u015finde ko\u015fmak, halk\u0131n hem hizmetk\u00e2r\u0131 hem \u00f6nc\u00fcs\u00fc kalmak oldu\u011funun bilinciyle. K\u0131saca; mutlu etmek i\u00e7in hizmet, mutlu olmak i\u00e7in hizmettir, bu yolculu\u011fun \u00f6z\u00fc\u2026 <\/p>\n","protected":false},"excerpt":{"rendered":"<p>Dr. Hasan Akg\u00fcn&#8230; Yapt\u0131klar\u0131yla, yapacaklar\u0131yla, \u00f6n\u00fcne ge\u00e7ilemeyen, ucu buca\u011f\u0131 olmayan hayalleriyle tam bir uzun yol kaptan\u0131. Ya\u015fam enerjisini B\u00fcy\u00fck\u00e7ekmece\u2019den al\u0131yor, 24 saatini adad\u0131\u011f\u0131 bu semte \u00e7ok<span class=\"excerpt-hellip\"> [\u2026]<\/span><\/p>\n","protected":false},"featured_media":0,"template":"","meta":{"_monsterinsights_skip_tracking":false,"_monsterinsights_sitenote_active":false,"_monsterinsights_sitenote_note":"","_monsterinsights_sitenote_category":0},"product_brand":[],"product_cat":[12337],"product_tag":[],"class_list":{"0":"post-759937","1":"product","2":"type-product","3":"status-publish","5":"product_cat-politika-siyaset","6":"pa_cilt-ciltsiz","7":"pa_tur-kitap","8":"pa_yayinevi-alfa-yayinlari","9":"pa_yazar-hasan-akgun","11":"first","12":"instock","13":"sale","14":"shipping-taxable","15":"purchasable","16":"product-type-simple"},"_links":{"self":[{"href":"https:\/\/roveyayinevi.com.tr\/index.php\/wp-json\/wp\/v2\/product\/759937","targetHints":{"allow":["GET"]}}],"collection":[{"href":"https:\/\/roveyayinevi.com.tr\/index.php\/wp-json\/wp\/v2\/product"}],"about":[{"href":"https:\/\/roveyayinevi.com.tr\/index.php\/wp-json\/wp\/v2\/types\/product"}],"wp:attachment":[{"href":"https:\/\/roveyayinevi.com.tr\/index.php\/wp-json\/wp\/v2\/media?parent=759937"}],"wp:term":[{"taxonomy":"product_brand","embeddable":true,"href":"https:\/\/roveyayinevi.com.tr\/index.php\/wp-json\/wp\/v2\/product_brand?post=759937"},{"taxonomy":"product_cat","embeddable":true,"href":"https:\/\/roveyayinevi.com.tr\/index.php\/wp-json\/wp\/v2\/product_cat?post=759937"},{"taxonomy":"product_tag","embeddable":true,"href":"https:\/\/roveyayinevi.com.tr\/index.php\/wp-json\/wp\/v2\/product_tag?post=759937"}],"curies":[{"name":"wp","href":"https:\/\/api.w.org\/{rel}","templated":true}]}}