{"id":759933,"date":"2025-08-28T08:49:19","date_gmt":"2025-08-28T05:49:19","guid":{"rendered":"https:\/\/roveyayinevi.com.tr\/index.php\/urun\/koy-seyirlik-oyunlarinda-insan-doga-ve-topluluk\/"},"modified":"2026-04-16T03:12:58","modified_gmt":"2026-04-16T00:12:58","slug":"koy-seyirlik-oyunlarinda-insan-doga-ve-topluluk","status":"publish","type":"product","link":"https:\/\/roveyayinevi.com.tr\/index.php\/urun\/koy-seyirlik-oyunlarinda-insan-doga-ve-topluluk\/","title":{"rendered":"K\u00f6y Seyirlik Oyunlar\u0131nda \u0130nsan, Do\u011fa ve Topluluk"},"content":{"rendered":"<p>K\u00f6y Seyirlik Oyunlar\u0131nda \u0130nsan, Do\u011fa ve Topluluk, insan\u0131n kendisiyle, do\u011fa ve birlikte ya\u015fad\u0131\u011f\u0131 insanlarla kurdu\u011fu ba\u011fda, oyunun i\u015flevi ve konumu \u00fczerine odaklan\u0131yor. Do\u011fan\u0131n zaman\u0131n\u0131 oyunla bedenle\u015ftiren k\u00f6y seyirlik oyunlar\u0131nda, k\u0131rsal ya\u015fam bi\u00e7imi, k\u00fclt\u00fcr ve do\u011fa etkile\u015fimi ve k\u00fclt\u00fcrel pratiklerin s\u00fcre\u00e7lerini izlemek m\u00fcmk\u00fcnd\u00fcr. Halk takvimini takip eden bu oyunlarda farkl\u0131 ku\u015faklar bir araya gelerek k\u00fclt\u00fcrel bir bilgi aktar\u0131m\u0131n\u0131 deneyimlemektedirler. K\u00f6y seyirlik oyunlar\u0131 bu \u00f6zelliklerinin yan\u0131 s\u0131ra damlar\u0131, tarlalar\u0131, \u00e7e\u015fme ba\u015flar\u0131n\u0131 k\u0131sacas\u0131 k\u00f6y\u00fcn t\u00fcm alanlar\u0131n\u0131 hem seyir yerine hem de sahneye d\u00f6n\u00fc\u015ft\u00fcr\u00fcr. \u0130nsan bedeninin hayvanlara ve nesnelere d\u00f6n\u00fc\u015f\u00fcm\u00fc, bedenin s\u0131n\u0131rlar\u0131n\u0131 zorlayarak oyunculara yarat\u0131c\u0131 bir alan a\u00e7ar. Bir bellek tiyatrosu \u00f6zelli\u011fi g\u00f6steren k\u00f6y seyirlik oyunlar\u0131, geleneksel T\u00fcrk tiyatrosu i\u00e7in zengin bir ar\u015fiv ve deneysel \u00e7al\u0131\u015fma alan\u0131 olu\u015ftururlar. Oyunlar\u0131n ya\u015fam alanlar\u0131na yak\u0131ndan bakan bu kitap, T\u00fcrk tiyatrosunun kendi kavramlar\u0131n\u0131 ve kuramlar\u0131n\u0131 olu\u015fturabilmesine, oyunlar\u0131n yenilenmesine ve sanatsal bir \u00fcretime d\u00f6n\u00fc\u015fmelerine katk\u0131 verece\u011fi umudu ta\u015f\u0131maktad\u0131r. <\/p>\n","protected":false},"excerpt":{"rendered":"<p>K\u00f6y Seyirlik Oyunlar\u0131nda \u0130nsan, Do\u011fa ve Topluluk, insan\u0131n kendisiyle, do\u011fa ve birlikte ya\u015fad\u0131\u011f\u0131 insanlarla kurdu\u011fu ba\u011fda, oyunun i\u015flevi ve konumu \u00fczerine odaklan\u0131yor. Do\u011fan\u0131n zaman\u0131n\u0131 oyunla bedenle\u015ftiren<span class=\"excerpt-hellip\"> [\u2026]<\/span><\/p>\n","protected":false},"featured_media":0,"template":"","meta":{"_monsterinsights_skip_tracking":false,"_monsterinsights_sitenote_active":false,"_monsterinsights_sitenote_note":"","_monsterinsights_sitenote_category":0},"product_brand":[],"product_cat":[12409,12408],"product_tag":[],"class_list":{"0":"post-759933","1":"product","2":"type-product","3":"status-publish","5":"product_cat-fotograf-sinema-tiyatro","6":"product_cat-sanat","7":"pa_cilt-ciltsiz","8":"pa_tur-kitap","9":"pa_yayinevi-bilgesu-yayincilik","10":"pa_yazar-ezgi-metin-basat","12":"first","13":"instock","14":"sale","15":"shipping-taxable","16":"purchasable","17":"product-type-simple"},"_links":{"self":[{"href":"https:\/\/roveyayinevi.com.tr\/index.php\/wp-json\/wp\/v2\/product\/759933","targetHints":{"allow":["GET"]}}],"collection":[{"href":"https:\/\/roveyayinevi.com.tr\/index.php\/wp-json\/wp\/v2\/product"}],"about":[{"href":"https:\/\/roveyayinevi.com.tr\/index.php\/wp-json\/wp\/v2\/types\/product"}],"wp:attachment":[{"href":"https:\/\/roveyayinevi.com.tr\/index.php\/wp-json\/wp\/v2\/media?parent=759933"}],"wp:term":[{"taxonomy":"product_brand","embeddable":true,"href":"https:\/\/roveyayinevi.com.tr\/index.php\/wp-json\/wp\/v2\/product_brand?post=759933"},{"taxonomy":"product_cat","embeddable":true,"href":"https:\/\/roveyayinevi.com.tr\/index.php\/wp-json\/wp\/v2\/product_cat?post=759933"},{"taxonomy":"product_tag","embeddable":true,"href":"https:\/\/roveyayinevi.com.tr\/index.php\/wp-json\/wp\/v2\/product_tag?post=759933"}],"curies":[{"name":"wp","href":"https:\/\/api.w.org\/{rel}","templated":true}]}}