{"id":759932,"date":"2025-08-28T08:49:18","date_gmt":"2025-08-28T05:49:18","guid":{"rendered":"https:\/\/roveyayinevi.com.tr\/index.php\/urun\/zaman-uzerine-dokuz-dusunce\/"},"modified":"2026-04-16T03:12:58","modified_gmt":"2026-04-16T00:12:58","slug":"zaman-uzerine-dokuz-dusunce","status":"publish","type":"product","link":"https:\/\/roveyayinevi.com.tr\/index.php\/urun\/zaman-uzerine-dokuz-dusunce\/","title":{"rendered":"Zaman \u00dczerine Dokuz D\u00fc\u015f\u00fcnce"},"content":{"rendered":"<p>Zamanda yolculuk bilimkurgunun \u00e7ok kullan\u0131lan bir temas\u0131d\u0131r, ama ger\u00e7ekten m\u00fcmk\u00fcn m\u00fcd\u00fcr? \u015ea\u015f\u0131rt\u0131c\u0131 bir \u015fekilde, zaman yolculu\u011fu fizik yasalar\u0131 taraf\u0131ndan yasaklanmam\u0131\u015ft\u0131r ve John Gribbin, e\u011fer imk\u00e2ns\u0131z de\u011filse o zaman m\u00fcmk\u00fcn olmas\u0131 gerekti\u011fini savunmaktad\u0131r. Zaman \u00dczerine Dokuz D\u00fc\u015f\u00fcnce, Einstein&#8217;\u0131n g\u00f6relilik teorileri, kara delikler, kuantum fizi\u011fi ve \u00e7oklu evrenler gibi bilimkurgudan tan\u0131d\u0131k temalar\u0131 ger\u00e7ek d\u00fcnyadaki bilimsel kar\u015f\u0131l\u0131klar\u0131yla kar\u015f\u0131la\u015ft\u0131rarak, Robert Heinlein, Larry Niven, Carl Sagan ve di\u011ferlerinin hikayelerinden \u00f6rneklerle ayd\u0131nlatarak zaman yolculu\u011funun olas\u0131l\u0131klar\u0131n\u0131 zekice g\u00f6steriyor. Sonu\u00e7 olarak bu kitap, zaman\u0131n ger\u00e7ekten ge\u00e7ip ge\u00e7medi\u011fini ve e\u011fer ge\u00e7iyorsa, ileri mi yoksa geri mi hareket etti\u011fimizi merak etmenize neden olabilecek, Evrenin baz\u0131 derin gizemlerine e\u011flenceli bir rehberdir. Bilimkurgu hayranlar\u0131 ve derin bilimle ilgilenen herkes i\u00e7in okunmas\u0131 gereken bir kitap.   \u201cZaman\u0131n hik\u00e2yesi John Gribbin&#8217;in ustal\u0131kl\u0131 ellerinde hem bilim hem de spek\u00fclasyon a\u00e7\u0131s\u0131ndan zengin bir dokuya d\u00f6n\u00fc\u015f\u00fcyor.\u201d \u2013David Brin, Hugo \u00d6d\u00fcll\u00fc bilimkurgu yazar\u0131, Postac\u0131\u2019n\u0131n yazar\u0131   \u201cGribbin pop\u00fcler bilim yaz\u0131lar\u0131yla nesillere ilham verdi.\u201d \u2013 Jim Al-Khalili   &#8220;Pop\u00fcler bilimin en iyi ve en \u00fcretken yazarlar\u0131ndan biri.&#8221; \u2013Spectator <\/p>\n","protected":false},"excerpt":{"rendered":"<p>Zamanda yolculuk bilimkurgunun \u00e7ok kullan\u0131lan bir temas\u0131d\u0131r, ama ger\u00e7ekten m\u00fcmk\u00fcn m\u00fcd\u00fcr? \u015ea\u015f\u0131rt\u0131c\u0131 bir \u015fekilde, zaman yolculu\u011fu fizik yasalar\u0131 taraf\u0131ndan yasaklanmam\u0131\u015ft\u0131r ve John Gribbin, e\u011fer imk\u00e2ns\u0131z de\u011filse<span class=\"excerpt-hellip\"> [\u2026]<\/span><\/p>\n","protected":false},"featured_media":0,"template":"","meta":{"_monsterinsights_skip_tracking":false,"_monsterinsights_sitenote_active":false,"_monsterinsights_sitenote_note":"","_monsterinsights_sitenote_category":0},"product_brand":[],"product_cat":[13005,13006],"product_tag":[],"class_list":{"0":"post-759932","1":"product","2":"type-product","3":"status-publish","5":"product_cat-bilim-muhendislik","6":"product_cat-populer-bilim","7":"pa_cilt-ciltsiz","8":"pa_tur-kitap","9":"pa_yayinevi-alfa-yayinlari","10":"pa_yazar-john-gribbin","12":"first","13":"instock","14":"sale","15":"shipping-taxable","16":"purchasable","17":"product-type-simple"},"_links":{"self":[{"href":"https:\/\/roveyayinevi.com.tr\/index.php\/wp-json\/wp\/v2\/product\/759932","targetHints":{"allow":["GET"]}}],"collection":[{"href":"https:\/\/roveyayinevi.com.tr\/index.php\/wp-json\/wp\/v2\/product"}],"about":[{"href":"https:\/\/roveyayinevi.com.tr\/index.php\/wp-json\/wp\/v2\/types\/product"}],"wp:attachment":[{"href":"https:\/\/roveyayinevi.com.tr\/index.php\/wp-json\/wp\/v2\/media?parent=759932"}],"wp:term":[{"taxonomy":"product_brand","embeddable":true,"href":"https:\/\/roveyayinevi.com.tr\/index.php\/wp-json\/wp\/v2\/product_brand?post=759932"},{"taxonomy":"product_cat","embeddable":true,"href":"https:\/\/roveyayinevi.com.tr\/index.php\/wp-json\/wp\/v2\/product_cat?post=759932"},{"taxonomy":"product_tag","embeddable":true,"href":"https:\/\/roveyayinevi.com.tr\/index.php\/wp-json\/wp\/v2\/product_tag?post=759932"}],"curies":[{"name":"wp","href":"https:\/\/api.w.org\/{rel}","templated":true}]}}