{"id":759930,"date":"2025-08-28T08:49:15","date_gmt":"2025-08-28T05:49:15","guid":{"rendered":"https:\/\/roveyayinevi.com.tr\/index.php\/urun\/refleksif-tarihsel-sosyoloji\/"},"modified":"2026-04-16T03:12:58","modified_gmt":"2026-04-16T00:12:58","slug":"refleksif-tarihsel-sosyoloji","status":"publish","type":"product","link":"https:\/\/roveyayinevi.com.tr\/index.php\/urun\/refleksif-tarihsel-sosyoloji\/","title":{"rendered":"Refleksif Tarihsel Sosyoloji"},"content":{"rendered":"<p>Ad\u0131ndan da anla\u015f\u0131laca\u011f\u0131 gibi bu kitap, toplumsal kuram ile tarihsel sosyolojinin kesi\u015fti\u011fi noktada durmaktad\u0131r. Amac\u0131: \u00e7al\u0131\u015fmalar\u0131 tarih odakl\u0131 bir grup toplumsal d\u00fc\u015f\u00fcn\u00fcr\u00fc bir araya getirmek ve birlikte tart\u0131\u015fmakt\u0131r. \u00c7a\u011fda\u015f sa\u011fduyuya dayal\u0131 ak\u0131lc\u0131 bak\u0131\u015f a\u00e7\u0131s\u0131na g\u00f6re, toplumsal kuram ile tarihsel sosyolojiyi e\u015fle\u015ftirmek hi\u00e7 de apa\u00e7\u0131k de\u011fildir. Sosyoloji, \u00e7o\u011fu zaman \u00e7a\u011fda\u015f toplumun kar\u015f\u0131la\u015ft\u0131\u011f\u0131 sorunlar\u0131 ele alan m\u00fckemmel bir modern sosyal bilim gibi d\u00fc\u015f\u00fcn\u00fcl\u00fcr. Bu a\u00e7\u0131dan bak\u0131ld\u0131\u011f\u0131nda, tarihsel sosyoloji \u00e7a\u011fda\u015f s\u00fcre\u00e7lerin arka plan\u0131 hakk\u0131nda ge\u00e7mi\u015ften baz\u0131 bilgiler sa\u011flayabilir. Marx ve Weber, Foucault ve Elias gibi hem klasik hem de \u00e7a\u011fda\u015f d\u00f6nemin \u00e7ok \u00f6nemli ve etkili toplumsal kuramc\u0131lardan baz\u0131lar\u0131 o ya da bu \u015fekilde kesinlikle tarihsel sosyologdur.Refleksif Tarihsel Sosyoloji, kurucu isimlerin ki\u015fisel ya\u015famlar\u0131 ve kuramlar\u0131 aras\u0131nda bir ba\u011f kurmakta ve bu y\u00f6ntem sayesinde d\u00fc\u015f\u00fcncede yeni ufuklar a\u00e7may\u0131 ama\u00e7lamaktad\u0131r.<\/p>\n","protected":false},"excerpt":{"rendered":"<p>Ad\u0131ndan da anla\u015f\u0131laca\u011f\u0131 gibi bu kitap, toplumsal kuram ile tarihsel sosyolojinin kesi\u015fti\u011fi noktada durmaktad\u0131r. Amac\u0131: \u00e7al\u0131\u015fmalar\u0131 tarih odakl\u0131 bir grup toplumsal d\u00fc\u015f\u00fcn\u00fcr\u00fc bir araya getirmek ve<span class=\"excerpt-hellip\"> [\u2026]<\/span><\/p>\n","protected":false},"featured_media":0,"template":"","meta":{"_monsterinsights_skip_tracking":false,"_monsterinsights_sitenote_active":false,"_monsterinsights_sitenote_note":"","_monsterinsights_sitenote_category":0},"product_brand":[],"product_cat":[12324],"product_tag":[],"class_list":{"0":"post-759930","1":"product","2":"type-product","3":"status-publish","5":"product_cat-sosyoloji","6":"pa_cilt-ciltsiz","7":"pa_tur-kitap","8":"pa_yayinevi-islik-yayinlari","9":"pa_yazar-arpad-szakolczai","11":"first","12":"instock","13":"sale","14":"shipping-taxable","15":"purchasable","16":"product-type-simple"},"_links":{"self":[{"href":"https:\/\/roveyayinevi.com.tr\/index.php\/wp-json\/wp\/v2\/product\/759930","targetHints":{"allow":["GET"]}}],"collection":[{"href":"https:\/\/roveyayinevi.com.tr\/index.php\/wp-json\/wp\/v2\/product"}],"about":[{"href":"https:\/\/roveyayinevi.com.tr\/index.php\/wp-json\/wp\/v2\/types\/product"}],"wp:attachment":[{"href":"https:\/\/roveyayinevi.com.tr\/index.php\/wp-json\/wp\/v2\/media?parent=759930"}],"wp:term":[{"taxonomy":"product_brand","embeddable":true,"href":"https:\/\/roveyayinevi.com.tr\/index.php\/wp-json\/wp\/v2\/product_brand?post=759930"},{"taxonomy":"product_cat","embeddable":true,"href":"https:\/\/roveyayinevi.com.tr\/index.php\/wp-json\/wp\/v2\/product_cat?post=759930"},{"taxonomy":"product_tag","embeddable":true,"href":"https:\/\/roveyayinevi.com.tr\/index.php\/wp-json\/wp\/v2\/product_tag?post=759930"}],"curies":[{"name":"wp","href":"https:\/\/api.w.org\/{rel}","templated":true}]}}