{"id":759929,"date":"2025-08-28T08:49:14","date_gmt":"2025-08-28T05:49:14","guid":{"rendered":"https:\/\/roveyayinevi.com.tr\/index.php\/urun\/marksizm-ve-zaman-koyluluk-ve-ulusal-sorun\/"},"modified":"2026-04-16T03:12:58","modified_gmt":"2026-04-16T00:12:58","slug":"marksizm-ve-zaman-koyluluk-ve-ulusal-sorun","status":"publish","type":"product","link":"https:\/\/roveyayinevi.com.tr\/index.php\/urun\/marksizm-ve-zaman-koyluluk-ve-ulusal-sorun\/","title":{"rendered":"Marksizm ve Zaman &#8211; K\u00f6yl\u00fcl\u00fck ve Ulusal Sorun"},"content":{"rendered":"<p>\u0130ngiltere, Almanya, Rusya gibi farkl\u0131 \u00fclkelerin kendi i\u00e7 dinamikleri ve devinimleri gere\u011fi kapitalistle\u015fme s\u00fcre\u00e7leri de farkl\u0131 geli\u015fmi\u015ftir. Bilime ve sosyalizme bireysel, s\u0131n\u0131fsal ve toplumsal yak\u0131nl\u0131k derecelerini anlama \u00e7abas\u0131, art\u0131-de\u011ferin \u00f6\u011felerinin farkl\u0131l\u0131\u011f\u0131na i\u00e7kindir. Farkl\u0131 geli\u015fmi\u015flik derecelerinde ger\u00e7ekle\u015fen eme\u011fin \u00f6rg\u00fctlenmesi, teknolojinin geli\u015fimi ve kullan\u0131m\u0131, yani g\u00fcndelik hayat\u0131n toplumsal \u00f6rg\u00fctlenmesi, insan\u0131n hayal d\u00fcnyas\u0131 ile devrimcili\u011finin de olu\u015ftu\u011fu ham maddedir.              Bu \u00e7al\u0131\u015fma, emek ve zaman\u0131n s\u00f6m\u00fcr\u00fcs\u00fc kar\u015f\u0131s\u0131nda, insan ve k\u00fclt\u00fcr\u00fcn; insan\u0131n \u2018\u00f6z\u2019\u00fc ve esteti\u011finin, iyi ya\u015fam beklentisinin, Marx, Marksizm ve Marksistler a\u00e7\u0131s\u0131ndan farkl\u0131 d\u00fc\u015f\u00fcn\u00fclm\u00fc\u015f \u00fcretim bi\u00e7imlerinin, k\u00f6yl\u00fcl\u00fck ve ulusal sorunla kar\u015f\u0131la\u015fmas\u0131nda d\u00f6nemlere g\u00f6re incelenmesi, hayal ve devrim oda\u011f\u0131nda bilinebilmesi ve yans\u0131t\u0131lmas\u0131 \u00e7abas\u0131d\u0131r.<\/p>\n","protected":false},"excerpt":{"rendered":"<p>\u0130ngiltere, Almanya, Rusya gibi farkl\u0131 \u00fclkelerin kendi i\u00e7 dinamikleri ve devinimleri gere\u011fi kapitalistle\u015fme s\u00fcre\u00e7leri de farkl\u0131 geli\u015fmi\u015ftir. Bilime ve sosyalizme bireysel, s\u0131n\u0131fsal ve toplumsal yak\u0131nl\u0131k derecelerini<span class=\"excerpt-hellip\"> [\u2026]<\/span><\/p>\n","protected":false},"featured_media":0,"template":"","meta":{"_monsterinsights_skip_tracking":false,"_monsterinsights_sitenote_active":false,"_monsterinsights_sitenote_note":"","_monsterinsights_sitenote_category":0},"product_brand":[],"product_cat":[12364],"product_tag":[],"class_list":{"0":"post-759929","1":"product","2":"type-product","3":"status-publish","5":"product_cat-genel-konular","6":"pa_cilt-ciltsiz","7":"pa_tur-kitap","8":"pa_yayinevi-islik-yayinlari","9":"pa_yazar-kudret-emiroglu","11":"first","12":"instock","13":"sale","14":"shipping-taxable","15":"purchasable","16":"product-type-simple"},"_links":{"self":[{"href":"https:\/\/roveyayinevi.com.tr\/index.php\/wp-json\/wp\/v2\/product\/759929","targetHints":{"allow":["GET"]}}],"collection":[{"href":"https:\/\/roveyayinevi.com.tr\/index.php\/wp-json\/wp\/v2\/product"}],"about":[{"href":"https:\/\/roveyayinevi.com.tr\/index.php\/wp-json\/wp\/v2\/types\/product"}],"wp:attachment":[{"href":"https:\/\/roveyayinevi.com.tr\/index.php\/wp-json\/wp\/v2\/media?parent=759929"}],"wp:term":[{"taxonomy":"product_brand","embeddable":true,"href":"https:\/\/roveyayinevi.com.tr\/index.php\/wp-json\/wp\/v2\/product_brand?post=759929"},{"taxonomy":"product_cat","embeddable":true,"href":"https:\/\/roveyayinevi.com.tr\/index.php\/wp-json\/wp\/v2\/product_cat?post=759929"},{"taxonomy":"product_tag","embeddable":true,"href":"https:\/\/roveyayinevi.com.tr\/index.php\/wp-json\/wp\/v2\/product_tag?post=759929"}],"curies":[{"name":"wp","href":"https:\/\/api.w.org\/{rel}","templated":true}]}}