{"id":759928,"date":"2025-08-28T08:49:13","date_gmt":"2025-08-28T05:49:13","guid":{"rendered":"https:\/\/roveyayinevi.com.tr\/index.php\/urun\/antik-yunandan-skolastiklere-hukuk-felsefesi-tarihi\/"},"modified":"2026-04-16T03:12:58","modified_gmt":"2026-04-16T00:12:58","slug":"antik-yunandan-skolastiklere-hukuk-felsefesi-tarihi","status":"publish","type":"product","link":"https:\/\/roveyayinevi.com.tr\/index.php\/urun\/antik-yunandan-skolastiklere-hukuk-felsefesi-tarihi\/","title":{"rendered":"Antik Yunan\u2019dan Skolastiklere Hukuk Felsefesi Tarihi"},"content":{"rendered":"<p>Genel edit\u00f6rlu\u0308\u011fu\u0308nu\u0308 Enrico Pattaro\u2019nun yapt\u0131\u011f\u0131, \u015fu an i\u00e7in on sekizinci cilde ula\u015fan A Treatise of Legal Philosophy and General Jurisprudence \u2013 Hukuk Felsefesi ve Genel Hukukbilim Ku\u0308lliyat\u0131 ba\u015fl\u0131kl\u0131 dizinin alt\u0131nc\u0131 cildi olan Antik Yunan\u2019dan Skolastiklere Hukuk Felsefesi Tarihi, erken d\u00f6nem Yunan d\u00fc\u015f\u00fcncesinden ba\u015flay\u0131p ge\u00e7 d\u00f6nem Skolastik felsefeye kadar olan d\u00f6nemde Bat\u0131\u2019daki ve Bat\u0131\u2019n\u0131n yak\u0131n \u00e7evresindeki d\u00fc\u015f\u00fcnce geleneklerinde hukuk d\u00fc\u015f\u00fcncesinin izlerini s\u00fcr\u00fcyor. Antik Yunan, Roma ve Kilise Hukuku d\u00f6neminde hukuk anlay\u0131\u015f\u0131n\u0131n yan\u0131s\u0131ra Orta\u00e7a\u011f H\u0131ristiyan, Yahudi ve \u0130slam d\u00fc\u015f\u00fcncesinde hukuka ili\u015fkin tart\u0131\u015fmalar m\u00fcstakil b\u00f6l\u00fcmlerde ele al\u0131n\u0131yor. Hukuk d\u00fc\u015f\u00fcncesi tarihinin en \u00f6nemli isim, okul ve gelenekleri alan\u0131n uzmanlar\u0131nca tarihsel perspektifle sunuluyor. Kitapta ele al\u0131nan isimlerin bir k\u0131sm\u0131n\u0131n hukukla ilgili g\u00f6r\u00fc\u015fleri T\u00fcrk\u00e7ede ilk defa okurla bulu\u015fuyor.<\/p>\n","protected":false},"excerpt":{"rendered":"<p>Genel edit\u00f6rlu\u0308\u011fu\u0308nu\u0308 Enrico Pattaro\u2019nun yapt\u0131\u011f\u0131, \u015fu an i\u00e7in on sekizinci cilde ula\u015fan A Treatise of Legal Philosophy and General Jurisprudence \u2013 Hukuk Felsefesi ve Genel Hukukbilim<span class=\"excerpt-hellip\"> [\u2026]<\/span><\/p>\n","protected":false},"featured_media":0,"template":"","meta":{"_monsterinsights_skip_tracking":false,"_monsterinsights_sitenote_active":false,"_monsterinsights_sitenote_note":"","_monsterinsights_sitenote_category":0},"product_brand":[],"product_cat":[15350,17602],"product_tag":[],"class_list":{"0":"post-759928","1":"product","2":"type-product","3":"status-publish","5":"product_cat-hukuk","6":"product_cat-hukuk-uzerine","7":"pa_cilt-ciltsiz","8":"pa_tur-kitap","9":"pa_yayinevi-islik-yayinlari","10":"pa_yazar-kolektif","12":"first","13":"instock","14":"sale","15":"shipping-taxable","16":"purchasable","17":"product-type-simple"},"_links":{"self":[{"href":"https:\/\/roveyayinevi.com.tr\/index.php\/wp-json\/wp\/v2\/product\/759928","targetHints":{"allow":["GET"]}}],"collection":[{"href":"https:\/\/roveyayinevi.com.tr\/index.php\/wp-json\/wp\/v2\/product"}],"about":[{"href":"https:\/\/roveyayinevi.com.tr\/index.php\/wp-json\/wp\/v2\/types\/product"}],"wp:attachment":[{"href":"https:\/\/roveyayinevi.com.tr\/index.php\/wp-json\/wp\/v2\/media?parent=759928"}],"wp:term":[{"taxonomy":"product_brand","embeddable":true,"href":"https:\/\/roveyayinevi.com.tr\/index.php\/wp-json\/wp\/v2\/product_brand?post=759928"},{"taxonomy":"product_cat","embeddable":true,"href":"https:\/\/roveyayinevi.com.tr\/index.php\/wp-json\/wp\/v2\/product_cat?post=759928"},{"taxonomy":"product_tag","embeddable":true,"href":"https:\/\/roveyayinevi.com.tr\/index.php\/wp-json\/wp\/v2\/product_tag?post=759928"}],"curies":[{"name":"wp","href":"https:\/\/api.w.org\/{rel}","templated":true}]}}