{"id":759924,"date":"2025-08-28T08:49:06","date_gmt":"2025-08-28T05:49:06","guid":{"rendered":"https:\/\/roveyayinevi.com.tr\/index.php\/urun\/suda-yasayan-canlilar-eglenceli-bilim\/"},"modified":"2026-04-16T03:12:58","modified_gmt":"2026-04-16T00:12:58","slug":"suda-yasayan-canlilar-eglenceli-bilim","status":"publish","type":"product","link":"https:\/\/roveyayinevi.com.tr\/index.php\/urun\/suda-yasayan-canlilar-eglenceli-bilim\/","title":{"rendered":"Suda Ya\u015fayan Canl\u0131lar &#8211; E\u011flenceli Bilim"},"content":{"rendered":"<p>Mercan resifleri nas\u0131l olu\u015fur? Ya\u015fayan en b\u00fcy\u00fck deniz canl\u0131s\u0131 hangisidir? Dev bir ahtapotun a\u011f\u0131rl\u0131\u011f\u0131 ne kadard\u0131r? Denizy\u0131ld\u0131zlar\u0131 y\u00fczer mi? Derin denizlerde, nehirlerde ve g\u00f6llerde ya\u015fayan canl\u0131lar\u0131 ke\u015ffetmeye haz\u0131r m\u0131s\u0131n? Suda ya\u015fayan canl\u0131lar\u0131n renkli d\u00fcnyas\u0131 seni bekliyor! *K\u0131sa ve anla\u015f\u0131l\u0131r metinler *Mini S\u00f6zl\u00fck *Mini Test *Uzman ve pedagog taraf\u0131ndan kontrol edilen i\u00e7erik <\/p>\n","protected":false},"excerpt":{"rendered":"<p>Mercan resifleri nas\u0131l olu\u015fur? Ya\u015fayan en b\u00fcy\u00fck deniz canl\u0131s\u0131 hangisidir? Dev bir ahtapotun a\u011f\u0131rl\u0131\u011f\u0131 ne kadard\u0131r? Denizy\u0131ld\u0131zlar\u0131 y\u00fczer mi? Derin denizlerde, nehirlerde ve g\u00f6llerde ya\u015fayan canl\u0131lar\u0131<span class=\"excerpt-hellip\"> [\u2026]<\/span><\/p>\n","protected":false},"featured_media":0,"template":"","meta":{"_monsterinsights_skip_tracking":false,"_monsterinsights_sitenote_active":false,"_monsterinsights_sitenote_note":"","_monsterinsights_sitenote_category":0},"product_brand":[],"product_cat":[12274,12518],"product_tag":[],"class_list":{"0":"post-759924","1":"product","2":"type-product","3":"status-publish","5":"product_cat-cocuk-ve-genclik-kitaplari","6":"product_cat-okul-oncesi-kitaplar","7":"pa_cilt-ciltsiz","8":"pa_tur-kitap","9":"pa_yayinevi-is-bankasi-kultur-yayinlari","10":"pa_yazar-johanna-prinz","12":"first","13":"instock","14":"sale","15":"shipping-taxable","16":"purchasable","17":"product-type-simple"},"_links":{"self":[{"href":"https:\/\/roveyayinevi.com.tr\/index.php\/wp-json\/wp\/v2\/product\/759924","targetHints":{"allow":["GET"]}}],"collection":[{"href":"https:\/\/roveyayinevi.com.tr\/index.php\/wp-json\/wp\/v2\/product"}],"about":[{"href":"https:\/\/roveyayinevi.com.tr\/index.php\/wp-json\/wp\/v2\/types\/product"}],"wp:attachment":[{"href":"https:\/\/roveyayinevi.com.tr\/index.php\/wp-json\/wp\/v2\/media?parent=759924"}],"wp:term":[{"taxonomy":"product_brand","embeddable":true,"href":"https:\/\/roveyayinevi.com.tr\/index.php\/wp-json\/wp\/v2\/product_brand?post=759924"},{"taxonomy":"product_cat","embeddable":true,"href":"https:\/\/roveyayinevi.com.tr\/index.php\/wp-json\/wp\/v2\/product_cat?post=759924"},{"taxonomy":"product_tag","embeddable":true,"href":"https:\/\/roveyayinevi.com.tr\/index.php\/wp-json\/wp\/v2\/product_tag?post=759924"}],"curies":[{"name":"wp","href":"https:\/\/api.w.org\/{rel}","templated":true}]}}