{"id":759923,"date":"2025-08-28T08:49:04","date_gmt":"2025-08-28T05:49:04","guid":{"rendered":"https:\/\/roveyayinevi.com.tr\/index.php\/urun\/labirent-kitabi\/"},"modified":"2026-04-16T03:12:58","modified_gmt":"2026-04-16T00:12:58","slug":"labirent-kitabi","status":"publish","type":"product","link":"https:\/\/roveyayinevi.com.tr\/index.php\/urun\/labirent-kitabi\/","title":{"rendered":"Labirent Kitab\u0131"},"content":{"rendered":"<p>LABIRENT G\u0130B\u0130 YOLLAR, KARMAKARI\u015eIK \u0130PLER&#8230; BUNLARI K\u0130M \u00c7\u00d6ZECEK? \u00c7ocuklar\u0131n keyifle vakit ge\u00e7irmesi i\u00e7in haz\u0131rlanan bu kitap ayn\u0131 zamanda g\u00f6rsel alg\u0131 becerilerini ve dikkat geli\u015fimini de destekliyor. <\/p>\n","protected":false},"excerpt":{"rendered":"<p>LABIRENT G\u0130B\u0130 YOLLAR, KARMAKARI\u015eIK \u0130PLER&#8230; BUNLARI K\u0130M \u00c7\u00d6ZECEK? \u00c7ocuklar\u0131n keyifle vakit ge\u00e7irmesi i\u00e7in haz\u0131rlanan bu kitap ayn\u0131 zamanda g\u00f6rsel alg\u0131 becerilerini ve dikkat geli\u015fimini de destekliyor.<\/p>\n","protected":false},"featured_media":0,"template":"","meta":{"_monsterinsights_skip_tracking":false,"_monsterinsights_sitenote_active":false,"_monsterinsights_sitenote_note":"","_monsterinsights_sitenote_category":0},"product_brand":[],"product_cat":[12274,15842],"product_tag":[],"class_list":{"0":"post-759923","1":"product","2":"type-product","3":"status-publish","5":"product_cat-cocuk-ve-genclik-kitaplari","6":"product_cat-egitici-kitaplar","7":"pa_cilt-ciltsiz","8":"pa_tur-kitap","9":"pa_yayinevi-is-bankasi-kultur-yayinlari","10":"pa_yazar-kolektif","12":"first","13":"instock","14":"sale","15":"shipping-taxable","16":"purchasable","17":"product-type-simple"},"_links":{"self":[{"href":"https:\/\/roveyayinevi.com.tr\/index.php\/wp-json\/wp\/v2\/product\/759923","targetHints":{"allow":["GET"]}}],"collection":[{"href":"https:\/\/roveyayinevi.com.tr\/index.php\/wp-json\/wp\/v2\/product"}],"about":[{"href":"https:\/\/roveyayinevi.com.tr\/index.php\/wp-json\/wp\/v2\/types\/product"}],"wp:attachment":[{"href":"https:\/\/roveyayinevi.com.tr\/index.php\/wp-json\/wp\/v2\/media?parent=759923"}],"wp:term":[{"taxonomy":"product_brand","embeddable":true,"href":"https:\/\/roveyayinevi.com.tr\/index.php\/wp-json\/wp\/v2\/product_brand?post=759923"},{"taxonomy":"product_cat","embeddable":true,"href":"https:\/\/roveyayinevi.com.tr\/index.php\/wp-json\/wp\/v2\/product_cat?post=759923"},{"taxonomy":"product_tag","embeddable":true,"href":"https:\/\/roveyayinevi.com.tr\/index.php\/wp-json\/wp\/v2\/product_tag?post=759923"}],"curies":[{"name":"wp","href":"https:\/\/api.w.org\/{rel}","templated":true}]}}