{"id":759922,"date":"2025-08-28T08:49:03","date_gmt":"2025-08-28T05:49:03","guid":{"rendered":"https:\/\/roveyayinevi.com.tr\/index.php\/urun\/cok-tatli\/"},"modified":"2026-04-16T03:12:58","modified_gmt":"2026-04-16T00:12:58","slug":"cok-tatli","status":"publish","type":"product","link":"https:\/\/roveyayinevi.com.tr\/index.php\/urun\/cok-tatli\/","title":{"rendered":"\u00c7ok Tatl\u0131"},"content":{"rendered":"<p>I\u015f\u0131lboynuz LUCKY AY I\u015eI\u011eINDA parlayan \u00f6zel boynuzuyla \u00e7ok gurur duyuyor. Bu seneki tatl\u0131l\u0131k yar\u0131\u015fmas\u0131nda onu sergilemek i\u00e7in sab\u0131rs\u0131zlan\u0131yor. Ama patronluk taslayan, t\u00fct\u00fc giymi\u015f bir \u015e\u0130VAVA ile rakip oldu\u011funu fark etti\u011finde, \u00f6nemli olan\u0131n i\u00e7 g\u00fczellik oldu\u011funu kan\u0131tlamak zorunda kalacak\u2026 Hepimizin farkl\u0131l\u0131klar\u0131n\u0131 kutlayan, kahkahalar att\u0131ran, kalpleri \u0131s\u0131tacak bir hik\u00e2ye! <\/p>\n","protected":false},"excerpt":{"rendered":"<p>I\u015f\u0131lboynuz LUCKY AY I\u015eI\u011eINDA parlayan \u00f6zel boynuzuyla \u00e7ok gurur duyuyor. Bu seneki tatl\u0131l\u0131k yar\u0131\u015fmas\u0131nda onu sergilemek i\u00e7in sab\u0131rs\u0131zlan\u0131yor. Ama patronluk taslayan, t\u00fct\u00fc giymi\u015f bir \u015e\u0130VAVA ile<span class=\"excerpt-hellip\"> [\u2026]<\/span><\/p>\n","protected":false},"featured_media":0,"template":"","meta":{"_monsterinsights_skip_tracking":false,"_monsterinsights_sitenote_active":false,"_monsterinsights_sitenote_note":"","_monsterinsights_sitenote_category":0},"product_brand":[],"product_cat":[12274,12284],"product_tag":[],"class_list":{"0":"post-759922","1":"product","2":"type-product","3":"status-publish","5":"product_cat-cocuk-ve-genclik-kitaplari","6":"product_cat-hikayeler","7":"pa_cilt-ciltsiz","8":"pa_tur-kitap","9":"pa_yayinevi-is-bankasi-kultur-yayinlari","10":"pa_yazar-pip-bird","12":"first","13":"instock","14":"sale","15":"shipping-taxable","16":"purchasable","17":"product-type-simple"},"_links":{"self":[{"href":"https:\/\/roveyayinevi.com.tr\/index.php\/wp-json\/wp\/v2\/product\/759922","targetHints":{"allow":["GET"]}}],"collection":[{"href":"https:\/\/roveyayinevi.com.tr\/index.php\/wp-json\/wp\/v2\/product"}],"about":[{"href":"https:\/\/roveyayinevi.com.tr\/index.php\/wp-json\/wp\/v2\/types\/product"}],"wp:attachment":[{"href":"https:\/\/roveyayinevi.com.tr\/index.php\/wp-json\/wp\/v2\/media?parent=759922"}],"wp:term":[{"taxonomy":"product_brand","embeddable":true,"href":"https:\/\/roveyayinevi.com.tr\/index.php\/wp-json\/wp\/v2\/product_brand?post=759922"},{"taxonomy":"product_cat","embeddable":true,"href":"https:\/\/roveyayinevi.com.tr\/index.php\/wp-json\/wp\/v2\/product_cat?post=759922"},{"taxonomy":"product_tag","embeddable":true,"href":"https:\/\/roveyayinevi.com.tr\/index.php\/wp-json\/wp\/v2\/product_tag?post=759922"}],"curies":[{"name":"wp","href":"https:\/\/api.w.org\/{rel}","templated":true}]}}