{"id":759915,"date":"2025-08-28T08:48:52","date_gmt":"2025-08-28T05:48:52","guid":{"rendered":"https:\/\/roveyayinevi.com.tr\/index.php\/urun\/baron-bagge-ciltli\/"},"modified":"2026-04-16T03:12:58","modified_gmt":"2026-04-16T00:12:58","slug":"baron-bagge-ciltli","status":"publish","type":"product","link":"https:\/\/roveyayinevi.com.tr\/index.php\/urun\/baron-bagge-ciltli\/","title":{"rendered":"Baron Bagge (Ciltli)"},"content":{"rendered":"<p>Alexander Lernet-Holenia, modern Avusturya edebiyat\u0131n\u0131n en \u00f6nemli yazarlar\u0131ndan biridir. \u00d6l\u00fcm ve ya\u015fam, ger\u00e7eklik ve fantezi aras\u0131ndaki \u00e7izgide ustal\u0131kla gezindi\u011fi, ger\u00e7ekd\u0131\u015f\u0131 deneyimlerin ger\u00e7ekli\u011fe m\u00fcdahale etti\u011fi yap\u0131tlar\u0131nda yaratt\u0131\u011f\u0131 b\u00fcy\u00fcl\u00fc \u201c\u00f6b\u00fcr d\u00fcnya\u201d atmosferi, ona edebiyat\u0131n \u201cb\u00fcy\u00fcc\u00fcs\u00fc\u201d olarak hakl\u0131 bir \u00fcn kazand\u0131rm\u0131\u015ft\u0131r. Jorge Luis Borges ve Stefan Zweig gibi yazarlar\u0131n da hayranl\u0131\u011f\u0131n\u0131 kazanan Lernet-Holenia, 1936 y\u0131l\u0131nda yay\u0131mlanan Baron Bagge adl\u0131 novellas\u0131nda, Birinci D\u00fcnya Sava\u015f\u0131\u2019nda orduda s\u00fcvari subay\u0131 olarak g\u00f6rev yapan Avusturyal\u0131 gen\u00e7 bir aristokrat\u0131n ak\u0131l s\u0131r ermez deneyimini anlat\u0131r. Baron Bagge\u2019nin de mensubu oldu\u011fu b\u00f6l\u00fck, ruhsal dengesi bozuk komutan\u0131ndan bir k\u00f6pr\u00fcye sald\u0131rma talimat\u0131 al\u0131r. Bu sald\u0131r\u0131n\u0131n onlar\u0131 Ruslarla burun buruna getirece\u011fine dair hi\u00e7bir ku\u015fku yoktur. Ancak sonras\u0131nda her \u015fey esrarengiz bir havaya b\u00fcr\u00fcn\u00fcr. Bu kitapta Lernet-Holenia ile Stefan Zweig\u2019\u0131n birbirlerine yazd\u0131klar\u0131 mektuplar\u0131n yan\u0131 s\u0131ra yazar\u0131n ya\u015fam\u0131n\u0131 ve aile ge\u00e7mi\u015fini kendi s\u00f6zc\u00fckleriyle anlatt\u0131\u011f\u0131 k\u0131sa otobiyografisini de bulacaks\u0131n\u0131z.  <\/p>\n","protected":false},"excerpt":{"rendered":"<p>Alexander Lernet-Holenia, modern Avusturya edebiyat\u0131n\u0131n en \u00f6nemli yazarlar\u0131ndan biridir. \u00d6l\u00fcm ve ya\u015fam, ger\u00e7eklik ve fantezi aras\u0131ndaki \u00e7izgide ustal\u0131kla gezindi\u011fi, ger\u00e7ekd\u0131\u015f\u0131 deneyimlerin ger\u00e7ekli\u011fe m\u00fcdahale etti\u011fi yap\u0131tlar\u0131nda yaratt\u0131\u011f\u0131<span class=\"excerpt-hellip\"> [\u2026]<\/span><\/p>\n","protected":false},"featured_media":0,"template":"","meta":{"_monsterinsights_skip_tracking":false,"_monsterinsights_sitenote_active":false,"_monsterinsights_sitenote_note":"","_monsterinsights_sitenote_category":0},"product_brand":[],"product_cat":[12291,13872],"product_tag":[],"class_list":{"0":"post-759915","1":"product","2":"type-product","3":"status-publish","5":"product_cat-edebiyat","6":"product_cat-klasikler","7":"pa_cilt-ciltli","8":"pa_tur-kitap","9":"pa_yayinevi-is-bankasi-kultur-yayinlari","10":"pa_yazar-alexander-lernet-holenia","12":"first","13":"instock","14":"sale","15":"shipping-taxable","16":"purchasable","17":"product-type-simple"},"_links":{"self":[{"href":"https:\/\/roveyayinevi.com.tr\/index.php\/wp-json\/wp\/v2\/product\/759915","targetHints":{"allow":["GET"]}}],"collection":[{"href":"https:\/\/roveyayinevi.com.tr\/index.php\/wp-json\/wp\/v2\/product"}],"about":[{"href":"https:\/\/roveyayinevi.com.tr\/index.php\/wp-json\/wp\/v2\/types\/product"}],"wp:attachment":[{"href":"https:\/\/roveyayinevi.com.tr\/index.php\/wp-json\/wp\/v2\/media?parent=759915"}],"wp:term":[{"taxonomy":"product_brand","embeddable":true,"href":"https:\/\/roveyayinevi.com.tr\/index.php\/wp-json\/wp\/v2\/product_brand?post=759915"},{"taxonomy":"product_cat","embeddable":true,"href":"https:\/\/roveyayinevi.com.tr\/index.php\/wp-json\/wp\/v2\/product_cat?post=759915"},{"taxonomy":"product_tag","embeddable":true,"href":"https:\/\/roveyayinevi.com.tr\/index.php\/wp-json\/wp\/v2\/product_tag?post=759915"}],"curies":[{"name":"wp","href":"https:\/\/api.w.org\/{rel}","templated":true}]}}