{"id":759911,"date":"2025-08-28T08:48:45","date_gmt":"2025-08-28T05:48:45","guid":{"rendered":"https:\/\/roveyayinevi.com.tr\/index.php\/urun\/aglama-kucuk-kamyoncu\/"},"modified":"2026-04-16T03:12:58","modified_gmt":"2026-04-16T00:12:58","slug":"aglama-kucuk-kamyoncu","status":"publish","type":"product","link":"https:\/\/roveyayinevi.com.tr\/index.php\/urun\/aglama-kucuk-kamyoncu\/","title":{"rendered":"A\u011flama K\u00fc\u00e7\u00fck Kamyoncu"},"content":{"rendered":"<p>A\u011flama k\u00fc\u00e7\u00fck kamyoncu, \u015fansl\u0131s\u0131n bak. Anneci\u011fin kaybolan oyuncak kamyonunu bulacak\u2026   K\u00fc\u00e7\u00fck \u00e7ocuk oyuncak kamyonunu kaybetti\u011finde annesiyle      birlikte kamyonu aramaya koyulurlar. Annesi arabadan kep\u00e7eye, damperli kamyondan vince kadar \u00e7e\u015fit \u00e7e\u015fit ta\u015f\u0131t\u0131 anlatarak o\u011flunu yat\u0131\u015ft\u0131r\u0131r. Ta\u015f\u0131tlar\u0131 \u00e7ok seven merakl\u0131 okurlar i\u00e7in Kim Norman\u2019\u0131n yazd\u0131\u011f\u0131 bu sevimli hik\u00e2yeyi Toshiki Nakamura resimledi. <\/p>\n","protected":false},"excerpt":{"rendered":"<p>A\u011flama k\u00fc\u00e7\u00fck kamyoncu, \u015fansl\u0131s\u0131n bak. Anneci\u011fin kaybolan oyuncak kamyonunu bulacak\u2026 K\u00fc\u00e7\u00fck \u00e7ocuk oyuncak kamyonunu kaybetti\u011finde annesiyle birlikte kamyonu aramaya koyulurlar. Annesi arabadan kep\u00e7eye, damperli kamyondan vince<span class=\"excerpt-hellip\"> [\u2026]<\/span><\/p>\n","protected":false},"featured_media":0,"template":"","meta":{"_monsterinsights_skip_tracking":false,"_monsterinsights_sitenote_active":false,"_monsterinsights_sitenote_note":"","_monsterinsights_sitenote_category":0},"product_brand":[],"product_cat":[12274,12284],"product_tag":[],"class_list":{"0":"post-759911","1":"product","2":"type-product","3":"status-publish","5":"product_cat-cocuk-ve-genclik-kitaplari","6":"product_cat-hikayeler","7":"pa_cilt-ciltsiz","8":"pa_tur-kitap","9":"pa_yayinevi-yapi-kredi-yayinlari","10":"pa_yazar-kim-norman","12":"first","13":"instock","14":"sale","15":"shipping-taxable","16":"purchasable","17":"product-type-simple"},"_links":{"self":[{"href":"https:\/\/roveyayinevi.com.tr\/index.php\/wp-json\/wp\/v2\/product\/759911","targetHints":{"allow":["GET"]}}],"collection":[{"href":"https:\/\/roveyayinevi.com.tr\/index.php\/wp-json\/wp\/v2\/product"}],"about":[{"href":"https:\/\/roveyayinevi.com.tr\/index.php\/wp-json\/wp\/v2\/types\/product"}],"wp:attachment":[{"href":"https:\/\/roveyayinevi.com.tr\/index.php\/wp-json\/wp\/v2\/media?parent=759911"}],"wp:term":[{"taxonomy":"product_brand","embeddable":true,"href":"https:\/\/roveyayinevi.com.tr\/index.php\/wp-json\/wp\/v2\/product_brand?post=759911"},{"taxonomy":"product_cat","embeddable":true,"href":"https:\/\/roveyayinevi.com.tr\/index.php\/wp-json\/wp\/v2\/product_cat?post=759911"},{"taxonomy":"product_tag","embeddable":true,"href":"https:\/\/roveyayinevi.com.tr\/index.php\/wp-json\/wp\/v2\/product_tag?post=759911"}],"curies":[{"name":"wp","href":"https:\/\/api.w.org\/{rel}","templated":true}]}}