{"id":759910,"date":"2025-08-28T08:48:44","date_gmt":"2025-08-28T05:48:44","guid":{"rendered":"https:\/\/roveyayinevi.com.tr\/index.php\/urun\/cogito-113-kadin-felsefeciler-ahlak-ve-siyaset-felsefesi-uzerine-yazilar\/"},"modified":"2026-04-16T03:12:57","modified_gmt":"2026-04-16T00:12:57","slug":"cogito-113-kadin-felsefeciler-ahlak-ve-siyaset-felsefesi-uzerine-yazilar","status":"publish","type":"product","link":"https:\/\/roveyayinevi.com.tr\/index.php\/urun\/cogito-113-kadin-felsefeciler-ahlak-ve-siyaset-felsefesi-uzerine-yazilar\/","title":{"rendered":"Cogito 113: Kad\u0131n Felsefeciler Ahlak ve Siyaset Felsefesi \u00dczerine Yaz\u0131lar"},"content":{"rendered":"<p>Cogito\u2019nun Bahar say\u0131s\u0131nda T\u00fcrkiye Kad\u0131n Felsefeciler Toplulu\u011fu\u2019nun (SWIP-TR) 6. Konferans\u0131nda sunulan ahlak ve siyaset felsefesi \u00fczerine makalelerden olu\u015fan bir se\u00e7ki var. Seniye Tilev ve Tu\u011fba Sevin\u00e7\u2019in haz\u0131rlad\u0131\u011f\u0131 Kad\u0131n Felsefeciler dosyas\u0131na, psikanalist ve tiyatro uzman\u0131 Maria G. Turri\u2019nin \u00e7al\u0131\u015fmalar\u0131 \u00fczerinden tiyatro ve psikanaliz aras\u0131ndaki ili\u015fkiyi irdeleyen bir Odak dosyas\u0131 e\u015flik ediyor. \u201cTiyatroyu Psikanalizle D\u00fc\u015f\u00fcnmek\u201d ba\u015fl\u0131kl\u0131 dosyay\u0131 \u00d6zg\u00fcl Ak\u0131nc\u0131 ve Hazal Hamarat haz\u0131rlad\u0131.   Bu say\u0131da 2024 ba\u015f\u0131nda hayat\u0131n\u0131 kaybeden ele\u015ftirel teorisyen ve sosyolog       Oskar Negt\u2019i, Frankfurt Okulu \u00fczerine bir s\u00f6yle\u015fi ve Alexander Kluge\u2019yle birlikte yazd\u0131\u011f\u0131 Tarih ve \u0130nat\u00e7\u0131l\u0131k kitab\u0131na dair bir incelemeyle u\u011furluyoruz.     \u0130\u00e7indekiler:   Cogito\u2019dan \u2022  Ahlak ve Siyaset Felsefesi, Tiyatro ve Psikanaliz, Deneyim ve Kar\u015f\u0131-Kamusall\u0131klar Yeni Pespektifler Lo\u00efc Wacquant \u2022 Irk Meselesinin \u00c7\u00f6z\u00fcm\u00fc Haldun G\u00fclalp \u2022 Laiklik Bir \u0130nsan Hakk\u0131 m\u0131d\u0131r? Arif \u00c7amo\u011flu \u2022 G\u00f6n\u00fcl Ferman Dinlerse: \u0130ktidar\u0131n A\u015fk Edebiyat\u0131 Dosya: Ahlak ve Siyaset Felsefesi \u00dczerine Yaz\u0131lar Seniye Tilev &amp; Tu\u011fba Sevin\u00e7 \u2022 Kad\u0131n Felsefeciler Ahlak ve Siyaset Felsefesi \u00dczerine Yaz\u0131lar Sandrine Berg\u00e8s \u2022  Kad\u0131nlar\u0131n Ev \u0130\u00e7i G\u00fcc\u00fcne Gerilemesi: Margaret Cavendish\u2019ten Laura Ingalls Wilder\u2019a               Chryssi Sidiropoulou \u2022 Wittgenstein, Etik ve De\u011ferin \u0130ndirgenemezli\u011fi                                                    Zeynep Esenyel \u2022 Simone de Beauvoir\u2019da Politik \u015eiddetin Etik \u0130\u00e7erimi: Ba\u015fkalar\u0131n\u0131n Kan\u0131 Asiye Rana Eraslan \u2022 Geleneksel Felsefenin Tefekk\u00fcr\u00fc ve Saf D\u00fc\u015f\u00fcnmenin    Kar\u015f\u0131s\u0131nda Arendt\u2019\u00e7i D\u00fc\u015f\u00fcnme Karun \u00c7ekem \u2022 Empatinin ve Duygular\u0131n Feminist Hayvan Eti\u011findeki  Tart\u0131\u015fmal\u0131 Rol\u00fc \u00dczerine Odak: Tiyatroyu Psikanalizle D\u00fc\u015f\u00fcnmek Maria Grazia Turri \u2022 Psikanaliz ve Tiyatroyu Yeniden D\u00fc\u015f\u00fcnmek: \u0130zleyicide Bilin\u00e7d\u0131\u015f\u0131 \u0130\u015flemleme Dolay\u0131m\u0131nda Karakterin \u0130\u015flevi Maria Grazia Turri \u2022 Aktar\u0131m ve Katharsis, Freud\u2019dan Aristoteles\u2019e \u00d6zg\u00fcl Ak\u0131nc\u0131 &amp; Hazal Hamarat \u2022 Tiyatrodan Psikanalize Bilin\u00e7d\u0131\u015f\u0131n\u0131         Esnetmek: Maria G. Turri ile S\u00f6yle\u015fi Oskar Negt\u2019in Ard\u0131ndan Stewart Martin \u2022 Ya\u015fam\u0131n Ekonomi Politi\u011fi: Negt ve Kluge\u2019nin Tarih ve      \u0130nat\u00e7\u0131l\u0131k\u2019\u0131 Johan F. Hartle &amp; Oskar Negt \u2022 Ele\u015ftirel Teori \u0130\u00e7inde Ortak \u00c7al\u0131\u015fmalar Ta\u015fk\u0131n Toprak \u0130pek \u2022 Kapitalizm ve Demokrasi: Perde Arkas\u0131ndaki           Oksimoron     <\/p>\n","protected":false},"excerpt":{"rendered":"<p>Cogito\u2019nun Bahar say\u0131s\u0131nda T\u00fcrkiye Kad\u0131n Felsefeciler Toplulu\u011fu\u2019nun (SWIP-TR) 6. Konferans\u0131nda sunulan ahlak ve siyaset felsefesi \u00fczerine makalelerden olu\u015fan bir se\u00e7ki var. Seniye Tilev ve Tu\u011fba Sevin\u00e7\u2019in<span class=\"excerpt-hellip\"> [\u2026]<\/span><\/p>\n","protected":false},"featured_media":0,"template":"","meta":{"_monsterinsights_skip_tracking":false,"_monsterinsights_sitenote_active":false,"_monsterinsights_sitenote_note":"","_monsterinsights_sitenote_category":0},"product_brand":[],"product_cat":[13527],"product_tag":[],"class_list":{"0":"post-759910","1":"product","2":"type-product","3":"status-publish","5":"product_cat-sureli-yayinlar","6":"pa_cilt-ciltsiz","7":"pa_tur-dergi","8":"pa_yayinevi-yapi-kredi-yayinlari-dergi","9":"pa_yazar-kolektif","11":"first","12":"instock","13":"sale","14":"shipping-taxable","15":"purchasable","16":"product-type-simple"},"_links":{"self":[{"href":"https:\/\/roveyayinevi.com.tr\/index.php\/wp-json\/wp\/v2\/product\/759910","targetHints":{"allow":["GET"]}}],"collection":[{"href":"https:\/\/roveyayinevi.com.tr\/index.php\/wp-json\/wp\/v2\/product"}],"about":[{"href":"https:\/\/roveyayinevi.com.tr\/index.php\/wp-json\/wp\/v2\/types\/product"}],"wp:attachment":[{"href":"https:\/\/roveyayinevi.com.tr\/index.php\/wp-json\/wp\/v2\/media?parent=759910"}],"wp:term":[{"taxonomy":"product_brand","embeddable":true,"href":"https:\/\/roveyayinevi.com.tr\/index.php\/wp-json\/wp\/v2\/product_brand?post=759910"},{"taxonomy":"product_cat","embeddable":true,"href":"https:\/\/roveyayinevi.com.tr\/index.php\/wp-json\/wp\/v2\/product_cat?post=759910"},{"taxonomy":"product_tag","embeddable":true,"href":"https:\/\/roveyayinevi.com.tr\/index.php\/wp-json\/wp\/v2\/product_tag?post=759910"}],"curies":[{"name":"wp","href":"https:\/\/api.w.org\/{rel}","templated":true}]}}