{"id":759908,"date":"2025-08-28T08:48:42","date_gmt":"2025-08-28T05:48:42","guid":{"rendered":"https:\/\/roveyayinevi.com.tr\/index.php\/urun\/ergen-ve-ayrilik\/"},"modified":"2026-04-16T03:12:57","modified_gmt":"2026-04-16T00:12:57","slug":"ergen-ve-ayrilik","status":"publish","type":"product","link":"https:\/\/roveyayinevi.com.tr\/index.php\/urun\/ergen-ve-ayrilik\/","title":{"rendered":"Ergen ve Ayr\u0131l\u0131k"},"content":{"rendered":"<p>Is\u00e9e Bernateau Ergen ve Ayr\u0131l\u0131k adl\u0131 \u00e7al\u0131\u015fmas\u0131nda bizzat dahil oldu\u011fu klinik uygulamalardan yola \u00e7\u0131karak, erginlikte ya\u015fanan yas, ayr\u0131l\u0131k, nesnenin kaybolmas\u0131, \u00f6l\u00fcm korkusu gibi deneyimlere odaklan\u0131yor. Bernateau\u2019nun bu \u00e7al\u0131\u015fmas\u0131, konuya h\u00e2kim olsun ya da olmas\u0131n, herkesi etkileyecek g\u00fcce sahip. \u201cErgen ve Ayr\u0131l\u0131k yaln\u0131zca ergen klinisyenleri i\u00e7in de\u011fil, ergenlerle \u00e7al\u0131\u015fan \u00f6\u011fretmenler, e\u011fitmenler, sosyal hizmet uzmanlar\u0131 gibi meslek insanlar\u0131 kadar ergenlik s\u00fcrecinden ge\u00e7en bireylerle ili\u015fki ve ileti\u015fim i\u00e7inde olanlar (Anne babalar m\u0131? Elbette) i\u00e7in de hayli yol g\u00f6sterici sorgulamalar i\u00e7ermektedir. Kitab\u0131n ister klinisyen olsun ister \u00f6\u011fretmen, e\u011fitmen, sosyal hizmet uzman\u0131 ya da annebaba, t\u00fcm eri\u015fkinlere verdi\u011fi en \u00f6nemli mesaj, ergenlik s\u00fcrecindeki bireyin ayr\u0131l\u0131k ba\u011flam\u0131nda ortaya \u00e7\u0131km\u0131\u015f olsa da, temel sorununun Bernateau\u2019nun kitab\u0131n son sat\u0131rlar\u0131nda da dedi\u011fi gibi, bir \u2018kendine do\u011fu\u015f alan\u0131 ve zaman\u0131 yaratmak\u2019 oldu\u011fudur.\u201d Talat Parman \u201cAyr\u0131l\u0131k olumlu ve olumsuz olmak \u00fczere bir \u00e7ifte de\u011fere sahiptir: \u00d6zne i\u00e7in hem son derece gerekli hem de son derece dayan\u0131lmazd\u0131r. Be\u015fikten mezara kadar, \u00f6zne ile nesne aras\u0131ndaki t\u00fcm ili\u015fkilere ayr\u0131l\u0131k ve birle\u015fmenin diyalektik mant\u0131\u011f\u0131 h\u00fckmeder. Ancak ayr\u0131l\u0131\u011f\u0131n tipik g\u00f6r\u00fcnt\u00fcs\u00fc, g\u00f6bek ba\u011f\u0131n\u0131n kesilmesi olarak kal\u0131r. Bu g\u00f6r\u00fcnt\u00fc, kaybedilmesi ergenlikte sonsuz bir nostaljiye yol a\u00e7an ve m\u00fckemmelli\u011fin simgesi olan bir teklik\/b\u00fct\u00fcnl\u00fck mitinin s\u00fcrmesini sa\u011flar.\u201d          Is\u00e9e Bernateau Is\u00e9e Bernateau Paris \u00dcniversitesi Klinik Psikoloji ve Psikopatoloji B\u00f6l\u00fcm\u00fc\u2019nde profes\u00f6r. Fransa Psikanaliz Derne\u011fi (APF) \u00fcyesi psikanalist. <\/p>\n","protected":false},"excerpt":{"rendered":"<p>Is\u00e9e Bernateau Ergen ve Ayr\u0131l\u0131k adl\u0131 \u00e7al\u0131\u015fmas\u0131nda bizzat dahil oldu\u011fu klinik uygulamalardan yola \u00e7\u0131karak, erginlikte ya\u015fanan yas, ayr\u0131l\u0131k, nesnenin kaybolmas\u0131, \u00f6l\u00fcm korkusu gibi deneyimlere odaklan\u0131yor. Bernateau\u2019nun<span class=\"excerpt-hellip\"> [\u2026]<\/span><\/p>\n","protected":false},"featured_media":0,"template":"","meta":{"_monsterinsights_skip_tracking":false,"_monsterinsights_sitenote_active":false,"_monsterinsights_sitenote_note":"","_monsterinsights_sitenote_category":0},"product_brand":[],"product_cat":[12358,12357],"product_tag":[],"class_list":{"0":"post-759908","1":"product","2":"type-product","3":"status-publish","5":"product_cat-genel-psikoloji","6":"product_cat-psikoloji","7":"pa_cilt-ciltsiz","8":"pa_tur-kitap","9":"pa_yayinevi-yapi-kredi-yayinlari","10":"pa_yazar-isee-bernateau","12":"first","13":"instock","14":"sale","15":"shipping-taxable","16":"purchasable","17":"product-type-simple"},"_links":{"self":[{"href":"https:\/\/roveyayinevi.com.tr\/index.php\/wp-json\/wp\/v2\/product\/759908","targetHints":{"allow":["GET"]}}],"collection":[{"href":"https:\/\/roveyayinevi.com.tr\/index.php\/wp-json\/wp\/v2\/product"}],"about":[{"href":"https:\/\/roveyayinevi.com.tr\/index.php\/wp-json\/wp\/v2\/types\/product"}],"wp:attachment":[{"href":"https:\/\/roveyayinevi.com.tr\/index.php\/wp-json\/wp\/v2\/media?parent=759908"}],"wp:term":[{"taxonomy":"product_brand","embeddable":true,"href":"https:\/\/roveyayinevi.com.tr\/index.php\/wp-json\/wp\/v2\/product_brand?post=759908"},{"taxonomy":"product_cat","embeddable":true,"href":"https:\/\/roveyayinevi.com.tr\/index.php\/wp-json\/wp\/v2\/product_cat?post=759908"},{"taxonomy":"product_tag","embeddable":true,"href":"https:\/\/roveyayinevi.com.tr\/index.php\/wp-json\/wp\/v2\/product_tag?post=759908"}],"curies":[{"name":"wp","href":"https:\/\/api.w.org\/{rel}","templated":true}]}}