{"id":759906,"date":"2025-08-28T08:48:39","date_gmt":"2025-08-28T05:48:39","guid":{"rendered":"https:\/\/roveyayinevi.com.tr\/index.php\/urun\/sozler-sozcukler\/"},"modified":"2026-04-16T03:12:57","modified_gmt":"2026-04-16T00:12:57","slug":"sozler-sozcukler","status":"publish","type":"product","link":"https:\/\/roveyayinevi.com.tr\/index.php\/urun\/sozler-sozcukler\/","title":{"rendered":"S\u00f6zler S\u00f6zc\u00fckler"},"content":{"rendered":"<p>\u201cKendimi bildim bileli hemen her \u015feye merak duyar\u0131m. Zaman zaman mesleki olarak beni \u00e7ok da ilgilendirmeyen konular\u0131 merak etti\u011fim i\u00e7in, \u00f6nce ara\u015ft\u0131r\u0131r okurum, okuduklar\u0131mla tatmin olmazsam bir bileni bulup onunla konu\u015fur ve bilgi sahibi olmaya \u00e7al\u0131\u015f\u0131r\u0131m. (\u2026) \u00c7ocuklu\u011fumdan beri s\u00f6zc\u00fcklerin anlam\u0131n\u0131, neyi ifade etmek i\u00e7in kullan\u0131ld\u0131klar\u0131n\u0131 merak ederdim. G\u00fcnl\u00fck dilde baz\u0131lar\u0131n\u0131 unuttu\u011fumuz, baz\u0131lar\u0131n\u0131 ise kolayca telaffuz etti\u011fimiz s\u00f6zc\u00fcklerin \u00e7ok daha derin anlamlar\u0131 oldu\u011funu g\u00f6rd\u00fcm ve bunlar\u0131 sizlerle payla\u015fmak istedim. Bir s\u00fcre sonra, \u00e7ok say\u0131da okur \u2018k\u00f6\u015fe yaz\u0131lar\u0131 ne zaman kitap olarak yay\u0131mlanacak?\u2019 diye sormaya ba\u015flad\u0131. Bu sorular baz\u0131 yaz\u0131lar\u0131m\u0131n bir kitap haline getirilmesine vesile oldu.\u201d M. Sinan Genim S\u00f6zler S\u00f6zc\u00fckler kitab\u0131nda, anlam\u0131n\u0131 ve g\u00fcndelik hayattaki \u201c\u00f6nemini\u201d unuttu\u011fumuz s\u00f6zc\u00fcklerin pe\u015fine d\u00fc\u015f\u00fcyor ve anlam\u0131n\u0131 unuttu\u011fumuz bu s\u00f6zc\u00fcklerle beraber hayat\u0131m\u0131zdan nelerin eksildi\u011fini ortaya koyuyor. <\/p>\n","protected":false},"excerpt":{"rendered":"<p>\u201cKendimi bildim bileli hemen her \u015feye merak duyar\u0131m. Zaman zaman mesleki olarak beni \u00e7ok da ilgilendirmeyen konular\u0131 merak etti\u011fim i\u00e7in, \u00f6nce ara\u015ft\u0131r\u0131r okurum, okuduklar\u0131mla tatmin olmazsam<span class=\"excerpt-hellip\"> [\u2026]<\/span><\/p>\n","protected":false},"featured_media":0,"template":"","meta":{"_monsterinsights_skip_tracking":false,"_monsterinsights_sitenote_active":false,"_monsterinsights_sitenote_note":"","_monsterinsights_sitenote_category":0},"product_brand":[],"product_cat":[13590,12337],"product_tag":[],"class_list":{"0":"post-759906","1":"product","2":"type-product","3":"status-publish","5":"product_cat-arastirma-inceleme-politika-siyaset","6":"product_cat-politika-siyaset","7":"pa_cilt-ciltsiz","8":"pa_tur-kitap","9":"pa_yayinevi-kirmizi-kedi-yayinevi","10":"pa_yazar-m-sinan-genim","12":"first","13":"instock","14":"sale","15":"shipping-taxable","16":"purchasable","17":"product-type-simple"},"_links":{"self":[{"href":"https:\/\/roveyayinevi.com.tr\/index.php\/wp-json\/wp\/v2\/product\/759906","targetHints":{"allow":["GET"]}}],"collection":[{"href":"https:\/\/roveyayinevi.com.tr\/index.php\/wp-json\/wp\/v2\/product"}],"about":[{"href":"https:\/\/roveyayinevi.com.tr\/index.php\/wp-json\/wp\/v2\/types\/product"}],"wp:attachment":[{"href":"https:\/\/roveyayinevi.com.tr\/index.php\/wp-json\/wp\/v2\/media?parent=759906"}],"wp:term":[{"taxonomy":"product_brand","embeddable":true,"href":"https:\/\/roveyayinevi.com.tr\/index.php\/wp-json\/wp\/v2\/product_brand?post=759906"},{"taxonomy":"product_cat","embeddable":true,"href":"https:\/\/roveyayinevi.com.tr\/index.php\/wp-json\/wp\/v2\/product_cat?post=759906"},{"taxonomy":"product_tag","embeddable":true,"href":"https:\/\/roveyayinevi.com.tr\/index.php\/wp-json\/wp\/v2\/product_tag?post=759906"}],"curies":[{"name":"wp","href":"https:\/\/api.w.org\/{rel}","templated":true}]}}