{"id":759901,"date":"2025-08-28T08:48:31","date_gmt":"2025-08-28T05:48:31","guid":{"rendered":"https:\/\/roveyayinevi.com.tr\/index.php\/urun\/calisan-anne-2\/"},"modified":"2026-04-16T03:12:57","modified_gmt":"2026-04-16T00:12:57","slug":"calisan-anne-2","status":"publish","type":"product","link":"https:\/\/roveyayinevi.com.tr\/index.php\/urun\/calisan-anne-2\/","title":{"rendered":"\u00c7al\u0131\u015fan Anne"},"content":{"rendered":"<p>Anneli\u011fimizle ilgili kendimizi neden yetersiz hissediyoruz? Cevap \u00e7ok basit: \u00c7\u00fcnk\u00fc yetemiyoruz. Kimimize az gelen kimimize \u00e7ok geliyor. E\u015fler yeterince sorumluluk almak konusunda isteksiz, sosyal destekler \u00e7o\u011fu zaman zay\u0131f. \u015eirketler ise \u00e7ocuk sahibi olan kad\u0131na destek olmaktan ziyade, anne oldu\u011fu i\u00e7in kad\u0131n\u0131 cezaland\u0131r\u0131r h\u00e2le gelmi\u015f durumda.   \u201c\u0130yi ve yeterli anne\u201d olmay\u0131 ev i\u015fleriyle u\u011fra\u015f\u0131p \u00e7ocu\u011fuyla en iyi \u015fekilde ilgilenmek olarak dayatan toplum, anneleri de kendilerine y\u00f6nelik yanl\u0131\u015f bir alg\u0131ya d\u00fc\u015f\u00fcr\u00fcyor. \u0130\u015fte tam da bu noktada her \u015feye yeten, m\u00fckemmel olan anneler de\u011fil de \u201cyeterince iyi\u201d, yani ihtiya\u00e7 kadar verebilen, destek olabilen anne olma konusu devreye giriyor.   2007\u2019den bu yana kurumsal hayatta bir\u00e7ok farkl\u0131 sekt\u00f6rde insan kaynaklar\u0131 profesyoneli olarak \u00e7al\u0131\u015fan Ezgi Feda, hem kendi deneyimlerini hem de dan\u0131\u015fanlar\u0131n\u0131n hik\u00e2yelerini harmanlayarak; m\u00fckemmeliyet\u00e7ili\u011fin de\u011fil, yeterli hissetmenin \u00f6n plana \u00e7\u0131kt\u0131\u011f\u0131 \u201cdaha yap\u0131c\u0131\u201d bir yol \u00e7iziyor. <\/p>\n","protected":false},"excerpt":{"rendered":"<p>Anneli\u011fimizle ilgili kendimizi neden yetersiz hissediyoruz? Cevap \u00e7ok basit: \u00c7\u00fcnk\u00fc yetemiyoruz. Kimimize az gelen kimimize \u00e7ok geliyor. E\u015fler yeterince sorumluluk almak konusunda isteksiz, sosyal destekler \u00e7o\u011fu<span class=\"excerpt-hellip\"> [\u2026]<\/span><\/p>\n","protected":false},"featured_media":0,"template":"","meta":{"_monsterinsights_skip_tracking":false,"_monsterinsights_sitenote_active":false,"_monsterinsights_sitenote_note":"","_monsterinsights_sitenote_category":0},"product_brand":[],"product_cat":[12831,12324],"product_tag":[],"class_list":{"0":"post-759901","1":"product","2":"type-product","3":"status-publish","5":"product_cat-aile-ve-cocuk","6":"product_cat-sosyoloji","7":"pa_cilt-ciltsiz","8":"pa_tur-kitap","9":"pa_yayinevi-nova-kitap","10":"pa_yazar-ezgi-feda","12":"first","13":"instock","14":"sale","15":"shipping-taxable","16":"purchasable","17":"product-type-simple"},"_links":{"self":[{"href":"https:\/\/roveyayinevi.com.tr\/index.php\/wp-json\/wp\/v2\/product\/759901","targetHints":{"allow":["GET"]}}],"collection":[{"href":"https:\/\/roveyayinevi.com.tr\/index.php\/wp-json\/wp\/v2\/product"}],"about":[{"href":"https:\/\/roveyayinevi.com.tr\/index.php\/wp-json\/wp\/v2\/types\/product"}],"wp:attachment":[{"href":"https:\/\/roveyayinevi.com.tr\/index.php\/wp-json\/wp\/v2\/media?parent=759901"}],"wp:term":[{"taxonomy":"product_brand","embeddable":true,"href":"https:\/\/roveyayinevi.com.tr\/index.php\/wp-json\/wp\/v2\/product_brand?post=759901"},{"taxonomy":"product_cat","embeddable":true,"href":"https:\/\/roveyayinevi.com.tr\/index.php\/wp-json\/wp\/v2\/product_cat?post=759901"},{"taxonomy":"product_tag","embeddable":true,"href":"https:\/\/roveyayinevi.com.tr\/index.php\/wp-json\/wp\/v2\/product_tag?post=759901"}],"curies":[{"name":"wp","href":"https:\/\/api.w.org\/{rel}","templated":true}]}}