{"id":759900,"date":"2025-08-28T08:48:30","date_gmt":"2025-08-28T05:48:30","guid":{"rendered":"https:\/\/roveyayinevi.com.tr\/index.php\/urun\/camur\/"},"modified":"2026-04-16T03:12:57","modified_gmt":"2026-04-16T00:12:57","slug":"camur","status":"publish","type":"product","link":"https:\/\/roveyayinevi.com.tr\/index.php\/urun\/camur\/","title":{"rendered":"\u00c7amur"},"content":{"rendered":"<p>\u201cT\u0131pk\u0131 bir korku filmi gibi hortlak, gen\u00e7 k\u0131za \u00e2\u015f\u0131k oluyor. Aylarca onu t\u0131pk\u0131 bir g\u00f6lge gibi takip ediyor. Sab\u0131rla ilgisini \u00e7ekmeyi, sayg\u0131s\u0131n\u0131 kazanmay\u0131 bekliyor onu tan\u0131mak tan\u0131mak i\u00e7in&#8230; Tabii onun yan\u0131na sokulmak i\u00e7in hortla\u011f\u0131n bir centilmen h\u00fcviyetiyle ortaya \u00e7\u0131kmas\u0131 laz\u0131m. Hortlak bunu da yap\u0131yor. G\u00fcn\u00fcn birinde \u015f\u0131k, ho\u015fsohbet, zengin ve kibar bir efendi gibi bir Bay Osman Elbatora olarak ona kendisini tan\u0131tt\u0131r\u0131yor, gen\u00e7 k\u0131z\u0131 tan\u0131d\u0131\u011f\u0131 bu k\u0131sa an i\u00e7inde ipnotize ediyor.\u201d   Suat Dervi\u015f, hayalden uzakla\u015f\u0131p hakikate y\u00f6neldi\u011fi, toplumcu ger\u00e7ek\u00e7i eserler vermeye ba\u015flad\u0131\u011f\u0131 s\u00fcre\u00e7te kaleme alm\u0131\u015f \u00c7amur\u2019u. Bu Roman Olan \u015eeylerin Roman\u0131d\u0131r ile \u0130stanbul\u2019un Bir Gecesi aras\u0131nda yer al\u0131yor kronolojik olarak. Ancak roman, yukar\u0131daki al\u0131nt\u0131dan da anla\u015f\u0131labilece\u011fi gibi Gotik d\u00f6neminden de izler ta\u015f\u0131yor.    Arkada\u015flar\u0131n\u0131n \u201cHortlak\u201d ad\u0131n\u0131 takt\u0131klar\u0131 Osman\u2019la tan\u0131\u015fan Mehlika, bu neredeyse babas\u0131 ya\u015f\u0131nda adamla evlendikten sonra kendisini bir t\u00fcrl\u00fc uyanamad\u0131\u011f\u0131, bazen de uyanmak istemedi\u011fi bir k\u00e2busun i\u00e7inde buluyor. Osman\u2019la birlikte hayat\u0131na giren alkol ve kokain, bu gen\u00e7 kad\u0131n\u0131n ruhunu, bedenini, t\u00fcm benli\u011fini etkisi alt\u0131na al\u0131yor. Fakat Suat Dervi\u015f, Mehlika\u2019y\u0131 kurtarmak isteyen, toplumu, aileyi ve ahlak\u0131 sorgulayan bir Salih de ekliyor roman\u0131na. Mehlika\u2019ya \u00e2\u015f\u0131k olan Salih, ba\u015fka bir d\u00fcnyan\u0131n, ba\u015fka bir d\u00fczenin hayalini kuruyor. \u201cBu hayat, i\u00e7inde yuvarland\u0131\u011f\u0131n\u0131z&#8230; \u00c7ok g\u00fczel zannetti\u011finiz bu hayat bir batakt\u0131r, bir \u00e7amur bata\u011f\u0131. \u00d6yle bir \u00e7amur ki her an ayaklar\u0131n\u0131z\u0131n biraz daha g\u00f6m\u00fcld\u00fc\u011f\u00fcn\u00fc, yap\u0131\u015fkan s\u0131rna\u015f\u0131kl\u0131\u011f\u0131 ile sizi biraz daha kirletti\u011fini g\u00f6receksiniz,\u201d diyor sevdi\u011fi kad\u0131na.   Saadet \u00d6zen Dalkaya\u2019ysa \u201cAn\u0131lar\u0131m\u0131n Suat Dervi\u015f\u2019i\u201d ba\u015fl\u0131kl\u0131 yaz\u0131s\u0131nda hem \u00c7amur\u2019dan hem de \u00e7ocuk denecek ya\u015fta Suat Dervi\u015f ve eserleriyle tan\u0131\u015fmas\u0131ndan bahsediyor.   <\/p>\n","protected":false},"excerpt":{"rendered":"<p>\u201cT\u0131pk\u0131 bir korku filmi gibi hortlak, gen\u00e7 k\u0131za \u00e2\u015f\u0131k oluyor. Aylarca onu t\u0131pk\u0131 bir g\u00f6lge gibi takip ediyor. Sab\u0131rla ilgisini \u00e7ekmeyi, sayg\u0131s\u0131n\u0131 kazanmay\u0131 bekliyor onu tan\u0131mak<span class=\"excerpt-hellip\"> [\u2026]<\/span><\/p>\n","protected":false},"featured_media":0,"template":"","meta":{"_monsterinsights_skip_tracking":false,"_monsterinsights_sitenote_active":false,"_monsterinsights_sitenote_note":"","_monsterinsights_sitenote_category":0},"product_brand":[],"product_cat":[12291,18202],"product_tag":[],"class_list":{"0":"post-759900","1":"product","2":"type-product","3":"status-publish","5":"product_cat-edebiyat","6":"product_cat-hikaye","7":"pa_cilt-ciltsiz","8":"pa_tur-kitap","9":"pa_yayinevi-ithaki-yayinlari","10":"pa_yazar-suat-dervis","12":"first","13":"instock","14":"sale","15":"shipping-taxable","16":"purchasable","17":"product-type-simple"},"_links":{"self":[{"href":"https:\/\/roveyayinevi.com.tr\/index.php\/wp-json\/wp\/v2\/product\/759900","targetHints":{"allow":["GET"]}}],"collection":[{"href":"https:\/\/roveyayinevi.com.tr\/index.php\/wp-json\/wp\/v2\/product"}],"about":[{"href":"https:\/\/roveyayinevi.com.tr\/index.php\/wp-json\/wp\/v2\/types\/product"}],"wp:attachment":[{"href":"https:\/\/roveyayinevi.com.tr\/index.php\/wp-json\/wp\/v2\/media?parent=759900"}],"wp:term":[{"taxonomy":"product_brand","embeddable":true,"href":"https:\/\/roveyayinevi.com.tr\/index.php\/wp-json\/wp\/v2\/product_brand?post=759900"},{"taxonomy":"product_cat","embeddable":true,"href":"https:\/\/roveyayinevi.com.tr\/index.php\/wp-json\/wp\/v2\/product_cat?post=759900"},{"taxonomy":"product_tag","embeddable":true,"href":"https:\/\/roveyayinevi.com.tr\/index.php\/wp-json\/wp\/v2\/product_tag?post=759900"}],"curies":[{"name":"wp","href":"https:\/\/api.w.org\/{rel}","templated":true}]}}