{"id":759899,"date":"2025-08-28T08:48:28","date_gmt":"2025-08-28T05:48:28","guid":{"rendered":"https:\/\/roveyayinevi.com.tr\/index.php\/urun\/insanlar-tarihlerini-kendileri-yazar\/"},"modified":"2026-04-16T03:12:57","modified_gmt":"2026-04-16T00:12:57","slug":"insanlar-tarihlerini-kendileri-yazar","status":"publish","type":"product","link":"https:\/\/roveyayinevi.com.tr\/index.php\/urun\/insanlar-tarihlerini-kendileri-yazar\/","title":{"rendered":"\u0130nsanlar Tarihlerini Kendileri Yazar"},"content":{"rendered":"<p>Radikal politik iktisat\u00e7\u0131 Samir Amin (1931-2018), ard\u0131nda Marksist yaz\u0131lardan olu\u015fan de\u011ferli bir ku\u0308lliyat b\u0131rakt\u0131. Amin\u2019in iktisattan ku\u0308ltu\u0308re uzanan entelektu\u0308el yelpazesi takdire \u015fayand\u0131 ve verdi\u011fi dersler h\u00e2l\u00e2 \u00f6nemini korumaktad\u0131r. Bu kitap, Monthly Review Press taraf\u0131ndan Samir Amin\u2019in yirmi birinci yu\u0308zy\u0131lda yazd\u0131\u011f\u0131 en \u00f6nemli on makalesinin Monthly Review dergisinden derlenerek yay\u0131mlanmas\u0131yla olu\u015fmu\u015ftur. Koleksiyonun \u201cGiri\u015f\u201d k\u0131sm\u0131, Amin\u2019in arkada\u015f\u0131 ve yolda\u015f\u0131 olan Marksist filozof Aijaz Ahmad taraf\u0131ndan yaz\u0131lm\u0131\u015ft\u0131r ve Amin\u2019in ya\u015fam\u0131 ile \u00e7\u0131\u011f\u0131r a\u00e7an \u00e7al\u0131\u015fmalar\u0131 hakk\u0131nda kapsaml\u0131 bir inceleme sunmaktad\u0131r. Ahmad ayr\u0131ca \u201cDevrim mi \u00c7\u00f6ku\u0308\u015f mu\u0308?\u201d ve \u201c\u00c7a\u011fda\u015f Emperyalizm\u201d gibi \u00e7arp\u0131c\u0131 ve zekice yaz\u0131lm\u0131\u015f makaleleri okumak i\u00e7in ba\u011flamsal bir odak noktas\u0131 sunmaktad\u0131r. \u201cAmin\u2019in yaz\u0131lar\u0131nda muhte\u015fem olan \u015fey \u2026ifadesinin berrakl\u0131\u011f\u0131, yakla\u015f\u0131m\u0131n\u0131n a\u00e7\u0131k tutarl\u0131l\u0131\u011f\u0131 ve hepsinden \u00f6nemlisi, sermayenin ve burjuva ideolojisinin tu\u0308m bi\u00e7imlerinin verdi\u011fi hasar\u0131 tereddu\u0308tsu\u0308z bir \u015fekilde k\u0131namas\u0131d\u0131r. \u2026Amin, temel bir referans noktas\u0131 ve bir ilham kayna\u011f\u0131 olmaya devam etmektedir.\u201d \u2014Bill Bowring, Marx &amp; Philosophy Review of Books<\/p>\n","protected":false},"excerpt":{"rendered":"<p>Radikal politik iktisat\u00e7\u0131 Samir Amin (1931-2018), ard\u0131nda Marksist yaz\u0131lardan olu\u015fan de\u011ferli bir ku\u0308lliyat b\u0131rakt\u0131. Amin\u2019in iktisattan ku\u0308ltu\u0308re uzanan entelektu\u0308el yelpazesi takdire \u015fayand\u0131 ve verdi\u011fi dersler h\u00e2l\u00e2<span class=\"excerpt-hellip\"> [\u2026]<\/span><\/p>\n","protected":false},"featured_media":0,"template":"","meta":{"_monsterinsights_skip_tracking":false,"_monsterinsights_sitenote_active":false,"_monsterinsights_sitenote_note":"","_monsterinsights_sitenote_category":0},"product_brand":[],"product_cat":[12337],"product_tag":[],"class_list":{"0":"post-759899","1":"product","2":"type-product","3":"status-publish","5":"product_cat-politika-siyaset","6":"pa_cilt-ciltsiz","7":"pa_tur-kitap","8":"pa_yayinevi-efil-yayinevi","9":"pa_yazar-samir-amin","11":"first","12":"instock","13":"sale","14":"shipping-taxable","15":"purchasable","16":"product-type-simple"},"_links":{"self":[{"href":"https:\/\/roveyayinevi.com.tr\/index.php\/wp-json\/wp\/v2\/product\/759899","targetHints":{"allow":["GET"]}}],"collection":[{"href":"https:\/\/roveyayinevi.com.tr\/index.php\/wp-json\/wp\/v2\/product"}],"about":[{"href":"https:\/\/roveyayinevi.com.tr\/index.php\/wp-json\/wp\/v2\/types\/product"}],"wp:attachment":[{"href":"https:\/\/roveyayinevi.com.tr\/index.php\/wp-json\/wp\/v2\/media?parent=759899"}],"wp:term":[{"taxonomy":"product_brand","embeddable":true,"href":"https:\/\/roveyayinevi.com.tr\/index.php\/wp-json\/wp\/v2\/product_brand?post=759899"},{"taxonomy":"product_cat","embeddable":true,"href":"https:\/\/roveyayinevi.com.tr\/index.php\/wp-json\/wp\/v2\/product_cat?post=759899"},{"taxonomy":"product_tag","embeddable":true,"href":"https:\/\/roveyayinevi.com.tr\/index.php\/wp-json\/wp\/v2\/product_tag?post=759899"}],"curies":[{"name":"wp","href":"https:\/\/api.w.org\/{rel}","templated":true}]}}