{"id":759898,"date":"2025-08-28T08:48:26","date_gmt":"2025-08-28T05:48:26","guid":{"rendered":"https:\/\/roveyayinevi.com.tr\/index.php\/urun\/defneler-kesildi\/"},"modified":"2026-04-08T03:21:32","modified_gmt":"2026-04-08T00:21:32","slug":"defneler-kesildi","status":"publish","type":"product","link":"https:\/\/roveyayinevi.com.tr\/index.php\/urun\/defneler-kesildi\/","title":{"rendered":"Defneler Kesildi"},"content":{"rendered":"<p>\u201cOrada [Defneler Kesildi kitab\u0131nda] sonu\u00e7ta tesad\u00fcfi bir mutluluktan dahas\u0131 var, hepimizin farkl\u0131 bi\u00e7imlerde ula\u015fmaya u\u011fra\u015ft\u0131\u011f\u0131na yakla\u015fan bir \u00e7al\u0131\u015fma s\u00f6z konusu.\u201d \u2014ST\u00c9PHANE MALLARM\u00c9   \u0130nsan\u0131n bir i\u00e7d\u00fcnyas\u0131n\u0131n oldu\u011funu ve bu d\u00fcnyay\u0131 dolduran g\u00fcr\u00fclt\u00fclerin neler oldu\u011funu 20. y\u00fczy\u0131l\u0131n modernist edebiyat yap\u0131tlar\u0131yla \u00f6\u011frendik, ama \u00f6nc\u00fcler 19. y\u00fczy\u0131ldayd\u0131; Daguerr\u00e9otype foto\u011fraf i\u00e7in neydiyse James Joyce i\u00e7in de \u00c9douard Dujardin \u00f6yleydi. Sembolist edebiyat\u0131n bu \u00f6nemli ismi, 1887\u2019de k\u00fc\u00e7\u00fck bir dergide 25 ya\u015f\u0131ndayken yay\u0131mlatt\u0131\u011f\u0131 Defneler Kesildi metninde sessiz sedas\u0131z bu g\u00fcr\u00fclt\u00fcy\u00fc yakalam\u0131\u015ft\u0131, James Joyce ve \u00e7a\u011fda\u015flar\u0131na kalan ise bu tekni\u011fin etkisini kuvvetlendirip okura g\u00fcmb\u00fcr g\u00fcmb\u00fcr modern insan\u0131n akl\u0131n\u0131 a\u00e7mas\u0131 olacakt\u0131.   Bir y\u0131ld\u0131za tutulan gen\u00e7 bir adam\u0131n kafas\u0131n\u0131n i\u00e7inde alt\u0131 saat boyunca olagelenlerin titiz bir anlat\u0131m\u0131 g\u00f6zler \u00f6n\u00fcne seriliyor Defneler Kesildi\u2019de. Bir opera sanat\u00e7\u0131s\u0131n\u0131n \u015fark\u0131s\u0131n\u0131n s\u00f6zleri e\u015fli\u011finde ba\u015flayan bu a\u015fk\u0131n insana ya\u015fatt\u0131klar\u0131n\u0131n, d\u00fc\u015f\u00fcnd\u00fcrtt\u00fcklerinin, hayattaki her \u015feyi nas\u0131l bast\u0131rd\u0131\u011f\u0131n\u0131n ve kapt\u0131r\u0131p nerelere kadar y\u00f6neltti\u011finin \u00f6yk\u00fcs\u00fc ortaya \u00e7\u0131k\u0131yor. A\u015fkla sanat\u0131n kesi\u015fti\u011fi bir min\u00f6r mucize&#8230; <\/p>\n","protected":false},"excerpt":{"rendered":"<p>\u201cOrada [Defneler Kesildi kitab\u0131nda] sonu\u00e7ta tesad\u00fcfi bir mutluluktan dahas\u0131 var, hepimizin farkl\u0131 bi\u00e7imlerde ula\u015fmaya u\u011fra\u015ft\u0131\u011f\u0131na yakla\u015fan bir \u00e7al\u0131\u015fma s\u00f6z konusu.\u201d \u2014ST\u00c9PHANE MALLARM\u00c9 \u0130nsan\u0131n bir i\u00e7d\u00fcnyas\u0131n\u0131n oldu\u011funu<span class=\"excerpt-hellip\"> [\u2026]<\/span><\/p>\n","protected":false},"featured_media":0,"template":"","meta":{"_monsterinsights_skip_tracking":false,"_monsterinsights_sitenote_active":false,"_monsterinsights_sitenote_note":"","_monsterinsights_sitenote_category":0},"product_brand":[],"product_cat":[12291,12711],"product_tag":[],"class_list":{"0":"post-759898","1":"product","2":"type-product","3":"status-publish","5":"product_cat-edebiyat","6":"product_cat-roman-oyku","7":"pa_cilt-ciltsiz","8":"pa_tur-kitap","9":"pa_yayinevi-ithaki-yayinlari","10":"pa_yazar-edouard-dujardin","12":"first","13":"instock","14":"sale","15":"shipping-taxable","16":"purchasable","17":"product-type-simple"},"_links":{"self":[{"href":"https:\/\/roveyayinevi.com.tr\/index.php\/wp-json\/wp\/v2\/product\/759898","targetHints":{"allow":["GET"]}}],"collection":[{"href":"https:\/\/roveyayinevi.com.tr\/index.php\/wp-json\/wp\/v2\/product"}],"about":[{"href":"https:\/\/roveyayinevi.com.tr\/index.php\/wp-json\/wp\/v2\/types\/product"}],"wp:attachment":[{"href":"https:\/\/roveyayinevi.com.tr\/index.php\/wp-json\/wp\/v2\/media?parent=759898"}],"wp:term":[{"taxonomy":"product_brand","embeddable":true,"href":"https:\/\/roveyayinevi.com.tr\/index.php\/wp-json\/wp\/v2\/product_brand?post=759898"},{"taxonomy":"product_cat","embeddable":true,"href":"https:\/\/roveyayinevi.com.tr\/index.php\/wp-json\/wp\/v2\/product_cat?post=759898"},{"taxonomy":"product_tag","embeddable":true,"href":"https:\/\/roveyayinevi.com.tr\/index.php\/wp-json\/wp\/v2\/product_tag?post=759898"}],"curies":[{"name":"wp","href":"https:\/\/api.w.org\/{rel}","templated":true}]}}