{"id":759897,"date":"2025-08-28T08:48:24","date_gmt":"2025-08-28T05:48:24","guid":{"rendered":"https:\/\/roveyayinevi.com.tr\/index.php\/urun\/sindbadin-gece-yolculuklari\/"},"modified":"2026-04-16T03:12:57","modified_gmt":"2026-04-16T00:12:57","slug":"sindbadin-gece-yolculuklari","status":"publish","type":"product","link":"https:\/\/roveyayinevi.com.tr\/index.php\/urun\/sindbadin-gece-yolculuklari\/","title":{"rendered":"Sindbad\u2019\u0131n Gece Yolculuklar\u0131"},"content":{"rendered":"<p>\u201cMacaristan\u2019\u0131n Proust\u2019u.\u201d \u2014THE NEW YORK TIMES   Modern Macar edebiyat\u0131n\u0131n en \u00f6nemli kalemlerinden Gyula Kr\u00fady\u2019nin Binbir Gece Masallar\u0131\u2019n\u0131n kahraman\u0131 Sindbad\u2019\u0131 ba\u015fkahraman\u0131 yapt\u0131\u011f\u0131, hayal d\u00fcnyas\u0131yla haf\u0131zan\u0131n birle\u015fimi denebilecek \u00f6yk\u00fclerinde Sindbad a\u015fk idealinin pe\u015finde bir gezgindir. Melankolik bir \u015fehvet d\u00fc\u015fk\u00fcn\u00fc de olsa, ba\u015ftan \u00e7\u0131kard\u0131\u011f\u0131 ve sevdi\u011fi kad\u0131nlar kendi arzusunun bir izd\u00fc\u015f\u00fcm\u00fc m\u00fcd\u00fcr yoksa kendisi mi o kad\u0131nlar\u0131n bir eseridir, bilinmez. Budape\u015fte\u2019nin kalabal\u0131k sokaklar\u0131ndan, hi\u00e7bir \u015feyin de\u011fi\u015fmedi\u011fi ta\u015fra kasabalar\u0131na kadar, bu gezgin Lothario gitti\u011fi her yerde eski a\u015fklar\u0131yla kar\u015f\u0131la\u015f\u0131r: Tuna k\u0131y\u0131s\u0131nda, bir zamanlar kur yapt\u0131\u011f\u0131 pencerelerin alt\u0131nda, Eros ve Thanatos\u2019un bulu\u015ftu\u011fu kiliselerde ve mezarl\u0131klarda&#8230;   Yalanlar, k\u00f6t\u00fcl\u00fckler, her t\u00fcrl\u00fc d\u00f6neklikler affedilir; ve a\u015fk, u\u011fruna sebat etmeye, a\u011flamaya ve ya\u015famaya de\u011fer tek \u015fey olarak yeniden tasdik edilir. Yank\u0131lar ve \u00e7a\u011fr\u0131\u015f\u0131mlarla dolu bu derin kitap, \u00f6lmekte olan Habsburg \u0130mparatorlu\u011fu\u2019na erotik bir a\u011f\u0131t. <\/p>\n","protected":false},"excerpt":{"rendered":"<p>\u201cMacaristan\u2019\u0131n Proust\u2019u.\u201d \u2014THE NEW YORK TIMES Modern Macar edebiyat\u0131n\u0131n en \u00f6nemli kalemlerinden Gyula Kr\u00fady\u2019nin Binbir Gece Masallar\u0131\u2019n\u0131n kahraman\u0131 Sindbad\u2019\u0131 ba\u015fkahraman\u0131 yapt\u0131\u011f\u0131, hayal d\u00fcnyas\u0131yla haf\u0131zan\u0131n birle\u015fimi denebilecek<span class=\"excerpt-hellip\"> [\u2026]<\/span><\/p>\n","protected":false},"featured_media":0,"template":"","meta":{"_monsterinsights_skip_tracking":false,"_monsterinsights_sitenote_active":false,"_monsterinsights_sitenote_note":"","_monsterinsights_sitenote_category":0},"product_brand":[],"product_cat":[12291,14777],"product_tag":[],"class_list":{"0":"post-759897","1":"product","2":"type-product","3":"status-publish","5":"product_cat-edebiyat","6":"product_cat-fantastik","7":"pa_cilt-ciltsiz","8":"pa_tur-kitap","9":"pa_yayinevi-ithaki-yayinlari","10":"pa_yazar-gyula-krudy","12":"first","13":"instock","14":"sale","15":"shipping-taxable","16":"purchasable","17":"product-type-simple"},"_links":{"self":[{"href":"https:\/\/roveyayinevi.com.tr\/index.php\/wp-json\/wp\/v2\/product\/759897","targetHints":{"allow":["GET"]}}],"collection":[{"href":"https:\/\/roveyayinevi.com.tr\/index.php\/wp-json\/wp\/v2\/product"}],"about":[{"href":"https:\/\/roveyayinevi.com.tr\/index.php\/wp-json\/wp\/v2\/types\/product"}],"wp:attachment":[{"href":"https:\/\/roveyayinevi.com.tr\/index.php\/wp-json\/wp\/v2\/media?parent=759897"}],"wp:term":[{"taxonomy":"product_brand","embeddable":true,"href":"https:\/\/roveyayinevi.com.tr\/index.php\/wp-json\/wp\/v2\/product_brand?post=759897"},{"taxonomy":"product_cat","embeddable":true,"href":"https:\/\/roveyayinevi.com.tr\/index.php\/wp-json\/wp\/v2\/product_cat?post=759897"},{"taxonomy":"product_tag","embeddable":true,"href":"https:\/\/roveyayinevi.com.tr\/index.php\/wp-json\/wp\/v2\/product_tag?post=759897"}],"curies":[{"name":"wp","href":"https:\/\/api.w.org\/{rel}","templated":true}]}}