{"id":759896,"date":"2025-08-28T08:48:22","date_gmt":"2025-08-28T05:48:22","guid":{"rendered":"https:\/\/roveyayinevi.com.tr\/index.php\/urun\/cadi-toplayicisi-ciltli\/"},"modified":"2026-04-16T03:12:57","modified_gmt":"2026-04-16T00:12:57","slug":"cadi-toplayicisi-ciltli","status":"publish","type":"product","link":"https:\/\/roveyayinevi.com.tr\/index.php\/urun\/cadi-toplayicisi-ciltli\/","title":{"rendered":"Cad\u0131 Toplay\u0131c\u0131s\u0131 (Ciltli)"},"content":{"rendered":"<p>Aram\u0131zdan birini alarak sonsuza dek ya\u015famak u\u0308zere \u00f6lu\u0308msu\u0308z Buz Kral\u0131\u2019n\u0131n topraklar\u0131na g\u00f6tu\u0308ru\u0308rdu\u0308. Bugu\u0308n o gu\u0308ndu\u0308. Toplama Gu\u0308nu\u0308. Ama Cad\u0131 Toplay\u0131c\u0131s\u0131 benim i\u00e7in gelmiyordu. Ben, Raina Bloodgood, yirmi d\u00f6rt y\u0131ld\u0131r bu k\u00f6yde ya\u015f\u0131yorum ve yirmi d\u00f6rt y\u0131ld\u0131r Cad\u0131 Toplay\u0131c\u0131s\u0131 beni es ge\u00e7iyor. Ama bu\u0308yu\u0308k hata yap\u0131yor. Raina Bloodgood\u2019un tek bir arzusu vard\u0131: Buz Kral\u0131\u2019n\u0131 ve ablas\u0131n\u0131 onlardan koparan Cad\u0131 Toplay\u0131c\u0131s\u0131\u2019n\u0131 \u00f6ldu\u0308rmek. Toplama Gu\u0308nu\u0308\u2019nde ondan intikam\u0131n\u0131 almaya haz\u0131rlan\u0131rken \u00f6lu\u0308mcu\u0308l bir tehdit bu\u0308tu\u0308n du\u0308nyas\u0131n\u0131 ate\u015fe vermi\u015fti. K\u00f6ye yap\u0131lan bask\u0131nda aniden ortaya \u00e7\u0131k\u0131p onlara yard\u0131m etmeye \u00e7al\u0131\u015fan Cad\u0131 Toplay\u0131c\u0131s\u0131 Alexus Thibault, \u00f6ldu\u0308rmeye yemin etti\u011fi o adam, \u015fu anda ablas\u0131n\u0131 kurtarmas\u0131 i\u00e7in Raina\u2019ya yard\u0131m edebilecek tek ki\u015fiydi. Buz, ate\u015f ve kadim tanr\u0131larla dolu as\u0131rl\u0131k bir husumetin i\u00e7ine su\u0308ru\u0308klenen Raina, intikamdan vazge\u00e7ip Cad\u0131 Toplay\u0131c\u0131s\u0131\u2019na yard\u0131m etmek, imparatorluklar\u0131n\u0131n ve ablas\u0131n\u0131n du\u0308\u015fman\u0131n eline ge\u00e7mesini engellemek zorundayd\u0131. Ancak iyi ve k\u00f6tu\u0308 aras\u0131ndaki \u00e7izgi bulan\u0131kla\u015f\u0131rken Raina tahmin etti\u011finden daha bu\u0308yu\u0308k kay\u0131plar verecekti. Peki Cad\u0131 Toplay\u0131c\u0131s\u0131 art\u0131k ablas\u0131n\u0131 onlardan \u00e7alan k\u00f6tu\u0308 adam de\u011fil de kalbini \u00e7alan kahraman oldu\u011funda ne yapacakt\u0131?<\/p>\n","protected":false},"excerpt":{"rendered":"<p>Aram\u0131zdan birini alarak sonsuza dek ya\u015famak u\u0308zere \u00f6lu\u0308msu\u0308z Buz Kral\u0131\u2019n\u0131n topraklar\u0131na g\u00f6tu\u0308ru\u0308rdu\u0308. Bugu\u0308n o gu\u0308ndu\u0308. Toplama Gu\u0308nu\u0308. Ama Cad\u0131 Toplay\u0131c\u0131s\u0131 benim i\u00e7in gelmiyordu. Ben, Raina Bloodgood,<span class=\"excerpt-hellip\"> [\u2026]<\/span><\/p>\n","protected":false},"featured_media":0,"template":"","meta":{"_monsterinsights_skip_tracking":false,"_monsterinsights_sitenote_active":false,"_monsterinsights_sitenote_note":"","_monsterinsights_sitenote_category":0},"product_brand":[],"product_cat":[12291,14777],"product_tag":[],"class_list":{"0":"post-759896","1":"product","2":"type-product","3":"status-publish","5":"product_cat-edebiyat","6":"product_cat-fantastik","7":"pa_cilt-ciltli","8":"pa_tur-kitap","9":"pa_yayinevi-olimpos-yayinlari","10":"pa_yazar-charissa-weaks","12":"first","13":"instock","14":"sale","15":"shipping-taxable","16":"purchasable","17":"product-type-simple"},"_links":{"self":[{"href":"https:\/\/roveyayinevi.com.tr\/index.php\/wp-json\/wp\/v2\/product\/759896","targetHints":{"allow":["GET"]}}],"collection":[{"href":"https:\/\/roveyayinevi.com.tr\/index.php\/wp-json\/wp\/v2\/product"}],"about":[{"href":"https:\/\/roveyayinevi.com.tr\/index.php\/wp-json\/wp\/v2\/types\/product"}],"wp:attachment":[{"href":"https:\/\/roveyayinevi.com.tr\/index.php\/wp-json\/wp\/v2\/media?parent=759896"}],"wp:term":[{"taxonomy":"product_brand","embeddable":true,"href":"https:\/\/roveyayinevi.com.tr\/index.php\/wp-json\/wp\/v2\/product_brand?post=759896"},{"taxonomy":"product_cat","embeddable":true,"href":"https:\/\/roveyayinevi.com.tr\/index.php\/wp-json\/wp\/v2\/product_cat?post=759896"},{"taxonomy":"product_tag","embeddable":true,"href":"https:\/\/roveyayinevi.com.tr\/index.php\/wp-json\/wp\/v2\/product_tag?post=759896"}],"curies":[{"name":"wp","href":"https:\/\/api.w.org\/{rel}","templated":true}]}}