{"id":759895,"date":"2025-08-28T08:48:21","date_gmt":"2025-08-28T05:48:21","guid":{"rendered":"https:\/\/roveyayinevi.com.tr\/index.php\/urun\/girisimcinin-el-kitabi-2\/"},"modified":"2026-04-16T03:12:57","modified_gmt":"2026-04-16T00:12:57","slug":"girisimcinin-el-kitabi-2","status":"publish","type":"product","link":"https:\/\/roveyayinevi.com.tr\/index.php\/urun\/girisimcinin-el-kitabi-2\/","title":{"rendered":"Giri\u015fimcinin El Kitab\u0131"},"content":{"rendered":"<p>Giri\u015fimcilik, \u00f6nce giri\u015fimci olmay\u0131 d\u00fc\u015f\u00fcnmekle ba\u015flar. Hangi alanda giri\u015fimci olunaca\u011f\u0131, nas\u0131l bir gelecek \u00f6ng\u00f6r\u00fcld\u00fc\u011f\u00fc, ne kadarl\u0131k bir kayna\u011fa ihtiya\u00e7 duyulaca\u011f\u0131 d\u00fc\u015f\u00fcnmenin devam\u0131nda gelecek olan eylemlerdir.   Giri\u015fimcinin El Kitab\u0131, giri\u015fimcilere, giri\u015fimci olmak isteyenlere, giri\u015fimlerini gelece\u011fe ta\u015f\u0131mak isteyenlere bir rehber olmas\u0131 amac\u0131yla haz\u0131rlanm\u0131\u015ft\u0131r. Giri\u015fimcilik kavram\u0131ndan, giri\u015fimcilik ad\u0131mlar\u0131na, yasal s\u00fcre\u00e7lerden uygulama ad\u0131mlar\u0131na kadar \u00f6nemli ba\u015fl\u0131klarla derlenmi\u015f bir ba\u015fucu kitab\u0131d\u0131r. <\/p>\n","protected":false},"excerpt":{"rendered":"<p>Giri\u015fimcilik, \u00f6nce giri\u015fimci olmay\u0131 d\u00fc\u015f\u00fcnmekle ba\u015flar. Hangi alanda giri\u015fimci olunaca\u011f\u0131, nas\u0131l bir gelecek \u00f6ng\u00f6r\u00fcld\u00fc\u011f\u00fc, ne kadarl\u0131k bir kayna\u011fa ihtiya\u00e7 duyulaca\u011f\u0131 d\u00fc\u015f\u00fcnmenin devam\u0131nda gelecek olan eylemlerdir. Giri\u015fimcinin<span class=\"excerpt-hellip\"> [\u2026]<\/span><\/p>\n","protected":false},"featured_media":0,"template":"","meta":{"_monsterinsights_skip_tracking":false,"_monsterinsights_sitenote_active":false,"_monsterinsights_sitenote_note":"","_monsterinsights_sitenote_category":0},"product_brand":[],"product_cat":[13043,17647],"product_tag":[],"class_list":{"0":"post-759895","1":"product","2":"type-product","3":"status-publish","5":"product_cat-ekonomi","6":"product_cat-is-dunyasi","7":"pa_cilt-ciltsiz","8":"pa_tur-kitap","9":"pa_yayinevi-elma-yayinevi","10":"pa_yazar-kolektif","12":"first","13":"instock","14":"sale","15":"shipping-taxable","16":"purchasable","17":"product-type-simple"},"_links":{"self":[{"href":"https:\/\/roveyayinevi.com.tr\/index.php\/wp-json\/wp\/v2\/product\/759895","targetHints":{"allow":["GET"]}}],"collection":[{"href":"https:\/\/roveyayinevi.com.tr\/index.php\/wp-json\/wp\/v2\/product"}],"about":[{"href":"https:\/\/roveyayinevi.com.tr\/index.php\/wp-json\/wp\/v2\/types\/product"}],"wp:attachment":[{"href":"https:\/\/roveyayinevi.com.tr\/index.php\/wp-json\/wp\/v2\/media?parent=759895"}],"wp:term":[{"taxonomy":"product_brand","embeddable":true,"href":"https:\/\/roveyayinevi.com.tr\/index.php\/wp-json\/wp\/v2\/product_brand?post=759895"},{"taxonomy":"product_cat","embeddable":true,"href":"https:\/\/roveyayinevi.com.tr\/index.php\/wp-json\/wp\/v2\/product_cat?post=759895"},{"taxonomy":"product_tag","embeddable":true,"href":"https:\/\/roveyayinevi.com.tr\/index.php\/wp-json\/wp\/v2\/product_tag?post=759895"}],"curies":[{"name":"wp","href":"https:\/\/api.w.org\/{rel}","templated":true}]}}