{"id":759894,"date":"2025-08-28T08:48:19","date_gmt":"2025-08-28T05:48:19","guid":{"rendered":"https:\/\/roveyayinevi.com.tr\/index.php\/urun\/asya-afrikada\/"},"modified":"2026-04-16T03:12:57","modified_gmt":"2026-04-16T00:12:57","slug":"asya-afrikada","status":"publish","type":"product","link":"https:\/\/roveyayinevi.com.tr\/index.php\/urun\/asya-afrikada\/","title":{"rendered":"Asya Afrika\u2019da"},"content":{"rendered":"<p>\u00c7ocuk edebiyat\u0131n\u0131n sevilen yazarlar\u0131ndan Elif \u00d6zmenek \u00c7arm\u0131kl\u0131 yeni roman\u0131nda okurlar\u0131n\u0131 gizem, macera ve e\u011flence dolu bir kurguyla yaban hayat\u0131 \u00fczerine d\u00fc\u015f\u00fcnmeye, ara\u015ft\u0131rmaya ve \u00f6\u011frenmeye davet ediyor.Asya\u2019n\u0131n en b\u00fcy\u00fck hayali Afrika\u2019ya gitmek ve B\u00fcy\u00fck Be\u015fli\u2019yle tan\u0131\u015fmak. Do\u011fum g\u00fcn\u00fc hediyesi olarak Afrika\u2019ya gidece\u011fini \u00f6\u011frendi\u011finde havalara u\u00e7uyor. Ailesi ve kuzeniyle \u00e7\u0131kt\u0131\u011f\u0131 bu yolculuk ona bamba\u015fka d\u00fcnyalar\u0131n kap\u0131lar\u0131n\u0131 a\u00e7\u0131yor.Asya hem hayvanlar\u0131n \u00f6zg\u00fcrce dola\u015fabildi\u011fi milli parkta hem de \u00e7\u0131kt\u0131klar\u0131 safarilerde B\u00fcy\u00fck Be\u015fli\u2019yi ve daha pek \u00e7ok hayvan\u0131 g\u00f6rme \u015fans\u0131n\u0131 yakal\u0131yor.Benjamin, William ve Mishak\u2019\u0131n anlatt\u0131\u011f\u0131 yaban hayat\u0131na dair ger\u00e7ekler, an\u0131lar ve hik\u00e2yeler Asya\u2019y\u0131 derinden etkiliyor ve gelece\u011fini \u015fekillendirecek hayaller kurmas\u0131n\u0131 sa\u011fl\u0131yor.Asya ya\u015fad\u0131\u011f\u0131 hi\u00e7bir \u015feyi unutmak istemedi\u011fi i\u00e7in bir g\u00fcnl\u00fck tutuyor. Karde\u015fi ve kuzeniyle ya\u015fad\u0131\u011f\u0131 birbirinden ilgin\u00e7, e\u011flenceli ve yer yer gerilim dolu maceralarla \u00f6\u011frendiklerini ve ara\u015ft\u0131rd\u0131klar\u0131n\u0131 g\u00fcnl\u00fc\u011f\u00fcne yaz\u0131yor.\u0130nsanlar\u0131n yaban hayat\u0131 \u00fczerindeki etkisi, soyu t\u00fckenen ve t\u00fckenme tehlikesi alt\u0131nda olan hayvanlar hakk\u0131nda bilgi sahibi olma, \u00e7evremizdeki yaban hayat\u0131n\u0131 tan\u0131ma ve koruma, bu konuda bireysel olarak sorumluluk alma ile meslek se\u00e7imi ve meslek se\u00e7iminde cinsiyet konular\u0131n\u0131n i\u015flendi\u011fi macera dolu bu ke\u015fif hik\u00e2yesi, 8 ya\u015f ve \u00fcst\u00fc okurlara keyifli bir okuma deneyimi sunuyor.\u2018\u2018Nerede olursam olay\u0131m, d\u00fcnyay\u0131 korumak i\u00e7in belki bir k\u00e2\u015fif, belki bir primatolog, belki bir belgeselci, belki bir korucu ya da sadece Asya olarak elimden geleni yapmaya haz\u0131r\u0131m! Sana Asya s\u00f6z\u00fc!\u2019\u2019<\/p>\n","protected":false},"excerpt":{"rendered":"<p>\u00c7ocuk edebiyat\u0131n\u0131n sevilen yazarlar\u0131ndan Elif \u00d6zmenek \u00c7arm\u0131kl\u0131 yeni roman\u0131nda okurlar\u0131n\u0131 gizem, macera ve e\u011flence dolu bir kurguyla yaban hayat\u0131 \u00fczerine d\u00fc\u015f\u00fcnmeye, ara\u015ft\u0131rmaya ve \u00f6\u011frenmeye davet ediyor.Asya\u2019n\u0131n<span class=\"excerpt-hellip\"> [\u2026]<\/span><\/p>\n","protected":false},"featured_media":0,"template":"","meta":{"_monsterinsights_skip_tracking":false,"_monsterinsights_sitenote_active":false,"_monsterinsights_sitenote_note":"","_monsterinsights_sitenote_category":0},"product_brand":[],"product_cat":[12274],"product_tag":[],"class_list":{"0":"post-759894","1":"product","2":"type-product","3":"status-publish","5":"product_cat-cocuk-ve-genclik-kitaplari","6":"pa_cilt-ciltsiz","7":"pa_tur-kitap","8":"pa_yayinevi-potikare-yayincilik","9":"pa_yazar-elif-ozmenek-carmikli","11":"first","12":"instock","13":"sale","14":"shipping-taxable","15":"purchasable","16":"product-type-simple"},"_links":{"self":[{"href":"https:\/\/roveyayinevi.com.tr\/index.php\/wp-json\/wp\/v2\/product\/759894","targetHints":{"allow":["GET"]}}],"collection":[{"href":"https:\/\/roveyayinevi.com.tr\/index.php\/wp-json\/wp\/v2\/product"}],"about":[{"href":"https:\/\/roveyayinevi.com.tr\/index.php\/wp-json\/wp\/v2\/types\/product"}],"wp:attachment":[{"href":"https:\/\/roveyayinevi.com.tr\/index.php\/wp-json\/wp\/v2\/media?parent=759894"}],"wp:term":[{"taxonomy":"product_brand","embeddable":true,"href":"https:\/\/roveyayinevi.com.tr\/index.php\/wp-json\/wp\/v2\/product_brand?post=759894"},{"taxonomy":"product_cat","embeddable":true,"href":"https:\/\/roveyayinevi.com.tr\/index.php\/wp-json\/wp\/v2\/product_cat?post=759894"},{"taxonomy":"product_tag","embeddable":true,"href":"https:\/\/roveyayinevi.com.tr\/index.php\/wp-json\/wp\/v2\/product_tag?post=759894"}],"curies":[{"name":"wp","href":"https:\/\/api.w.org\/{rel}","templated":true}]}}