{"id":759893,"date":"2025-08-28T08:48:18","date_gmt":"2025-08-28T05:48:18","guid":{"rendered":"https:\/\/roveyayinevi.com.tr\/index.php\/urun\/almanca-gramer-a1-seviyesi\/"},"modified":"2026-04-16T03:12:57","modified_gmt":"2026-04-16T00:12:57","slug":"almanca-gramer-a1-seviyesi","status":"publish","type":"product","link":"https:\/\/roveyayinevi.com.tr\/index.php\/urun\/almanca-gramer-a1-seviyesi\/","title":{"rendered":"Almanca Gramer: A1 Seviyesi"},"content":{"rendered":"<p>Bu kitapta Almanca A1 dil seviyesi i\u00e7in gerekli olan b\u00fct\u00fcn konular ve dilbilgisi kurallar\u0131 bol \u00f6rneklerle detayl\u0131 bir bi\u00e7imde ele al\u0131nmaktad\u0131r. Konular tamamen yeni s\u0131nav sistemine ve Goethe Enstit\u00fcs\u00fc\u2019ndeki kurs ve s\u0131navlara g\u00f6re haz\u0131rlanm\u0131\u015ft\u0131r. Dolay\u0131s\u0131yla adaylar elinizdeki kitapla s\u0131nava haz\u0131rland\u0131klar\u0131nda, konulara hakim olacaklard\u0131r. Ayr\u0131ca Almanca kursunda dil e\u011fitimi alanlar, ayn\u0131 konular\u0131 bu kitapta da i\u015fleyecekleri i\u00e7in, kitap yard\u0131m\u0131yla daha kolay ve \u00e7abuk ilerleyeceklerdir. Bu kitaptan, ba\u015fta Aile Birle\u015fimi Kurslar\u0131 olmak \u00fczere Almancay\u0131 yeni \u00f6\u011frenen herkes yararlanabilir.  K\u0131saca, elinizdeki kitapta A1 seviyesinde Almanca \u00f6\u011frenmek isteyenler i\u00e7in gerekli olan b\u00fct\u00fcn konular yer almaktad\u0131r. Konu ve i\u00e7erikler belli bir s\u0131raya g\u00f6re d\u00fczenlenmi\u015f ve \u00f6ncelik, sonral\u0131k s\u0131ras\u0131na g\u00f6re basitten zora do\u011fru bir bi\u00e7im alm\u0131\u015ft\u0131r. Temel kurallar, a\u00e7\u0131klay\u0131c\u0131 \u00e7ok say\u0131da \u00f6rnekle, k\u0131sa ve \u00f6z bir bi\u00e7imde ele al\u0131nm\u0131\u015ft\u0131r. B\u00fct\u00fcn kavram, s\u00f6zc\u00fck, ifade ve c\u00fcmlelerin hem Almancalar hem de T\u00fcrk\u00e7eleri verilmektedir. Ayr\u0131ca m\u00fcmk\u00fcn olan her yerde konulara ili\u015fkin tablolar yer almaktad\u0131r. \u00d6rne\u011fin \u00e7ekimler, zamanlar, Pr\u00e4position\u2019lar, ba\u011fla\u00e7lar vs. Bununla birlikte kitab\u0131n sonunda b\u00fct\u00fcn fiiller, fiil ve s\u00f6zc\u00fcklerle ilgili \u00e7ekim tablolar\u0131 yer almaktad\u0131r. Ku\u015fkusuz b\u00fct\u00fcn bu \u00f6zellikler \u00f6\u011frenmeyi olduk\u00e7a kolayla\u015ft\u0131rmakta ve \u00f6\u011frenme s\u00fcrecini h\u0131zland\u0131rmaktad\u0131r. Elinizdeki kitap, y\u0131llard\u0131r verdi\u011fim dersler s\u0131ras\u0131nda edindi\u011fim bilgi ve deneyimlerimin bir \u00fcr\u00fcn\u00fcd\u00fcr ve ayn\u0131 zamanda Almancan\u0131n yeni yaz\u0131m kurallar\u0131na g\u00f6re haz\u0131rlanm\u0131\u015ft\u0131r. <\/p>\n","protected":false},"excerpt":{"rendered":"<p>Bu kitapta Almanca A1 dil seviyesi i\u00e7in gerekli olan b\u00fct\u00fcn konular ve dilbilgisi kurallar\u0131 bol \u00f6rneklerle detayl\u0131 bir bi\u00e7imde ele al\u0131nmaktad\u0131r. Konular tamamen yeni s\u0131nav sistemine<span class=\"excerpt-hellip\"> [\u2026]<\/span><\/p>\n","protected":false},"featured_media":0,"template":"","meta":{"_monsterinsights_skip_tracking":false,"_monsterinsights_sitenote_active":false,"_monsterinsights_sitenote_note":"","_monsterinsights_sitenote_category":0},"product_brand":[],"product_cat":[14597,12566],"product_tag":[],"class_list":{"0":"post-759893","1":"product","2":"type-product","3":"status-publish","5":"product_cat-dil-ogrenimi","6":"product_cat-egitim","7":"pa_cilt-ciltsiz","8":"pa_tur-kitap","9":"pa_yayinevi-nika-yayinevi","10":"pa_yazar-dursun-zengin","12":"first","13":"instock","14":"sale","15":"shipping-taxable","16":"purchasable","17":"product-type-simple"},"_links":{"self":[{"href":"https:\/\/roveyayinevi.com.tr\/index.php\/wp-json\/wp\/v2\/product\/759893","targetHints":{"allow":["GET"]}}],"collection":[{"href":"https:\/\/roveyayinevi.com.tr\/index.php\/wp-json\/wp\/v2\/product"}],"about":[{"href":"https:\/\/roveyayinevi.com.tr\/index.php\/wp-json\/wp\/v2\/types\/product"}],"wp:attachment":[{"href":"https:\/\/roveyayinevi.com.tr\/index.php\/wp-json\/wp\/v2\/media?parent=759893"}],"wp:term":[{"taxonomy":"product_brand","embeddable":true,"href":"https:\/\/roveyayinevi.com.tr\/index.php\/wp-json\/wp\/v2\/product_brand?post=759893"},{"taxonomy":"product_cat","embeddable":true,"href":"https:\/\/roveyayinevi.com.tr\/index.php\/wp-json\/wp\/v2\/product_cat?post=759893"},{"taxonomy":"product_tag","embeddable":true,"href":"https:\/\/roveyayinevi.com.tr\/index.php\/wp-json\/wp\/v2\/product_tag?post=759893"}],"curies":[{"name":"wp","href":"https:\/\/api.w.org\/{rel}","templated":true}]}}