{"id":759892,"date":"2025-08-28T08:48:17","date_gmt":"2025-08-28T05:48:17","guid":{"rendered":"https:\/\/roveyayinevi.com.tr\/index.php\/urun\/bagimlilikta-iyilesme\/"},"modified":"2026-04-16T03:12:57","modified_gmt":"2026-04-16T00:12:57","slug":"bagimlilikta-iyilesme","status":"publish","type":"product","link":"https:\/\/roveyayinevi.com.tr\/index.php\/urun\/bagimlilikta-iyilesme\/","title":{"rendered":"Ba\u011f\u0131ml\u0131l\u0131kta \u0130yile\u015fme"},"content":{"rendered":"<p>\u201cBu kitap, canl\u0131, g\u00fcl\u00fcmseyen ve sizi okumaya davet eden bir bilim kitab\u0131d\u0131r. Bu kitapta i\u00e7ine girdi\u011finizde anlaml\u0131 ve etkileyici bir yolculu\u011fa e\u015flik edebilece\u011finiz, \u00f6\u011frenebilece\u011finiz, \u00e7ok \u00e7e\u015fitli duygular ve d\u00fc\u015f\u00fcncelerle sizde izler b\u0131rakacak, sonras\u0131nda da zihninizde ya\u015famaya devam edecek bir ara\u015ft\u0131rma s\u00fcreci ve sonu\u00e7lar\u0131 yer almaktad\u0131r.Dr. K\u00fcbra Do\u011fanc\u0131\u2019n\u0131n Do\u00e7.Dr. Gonca Polat\u2019\u0131n dan\u0131\u015fmanl\u0131\u011f\u0131nda y\u00fcr\u00fctt\u00fc\u011f\u00fc doktora tezinin \u00fcr\u00fcn\u00fc olan bu kitap, ba\u011f\u0131ml\u0131l\u0131k sorunu ya\u015fayan ancak \u00e7o\u011fu konularda oldu\u011fu gibi, iyile\u015fme konusunda da haklar\u0131 ihmal edilmi\u015f olan kad\u0131nlar\u0131n deneyimlerini, toplumsal cinsiyet, ba\u011f\u0131ml\u0131l\u0131k, iyile\u015fme, akran deste\u011fi kavramlar\u0131 \u00e7er\u00e7evesinde incelemektedir. Kitab\u0131n giri\u015f b\u00f6l\u00fcm\u00fc bu incelemeyi sa\u011flayacak temel kavramlar\u0131 ve ilgili litarat\u00fcr bilgilerini titizlikle ve kapsaml\u0131 bi\u00e7imde a\u00e7\u0131klamaktad\u0131r. Y\u00f6ntem b\u00f6l\u00fcm\u00fc ise, bu ara\u015ft\u0131rman\u0131n \u00f6znesi olan kad\u0131nlar\u0131n deneyimlerini anlamak \u00fczere bir bilimsel ara\u015ft\u0131rman\u0131n nas\u0131l bir metodolojiye sahip olmas\u0131 gerekti\u011fini \u00e7arp\u0131c\u0131 bir bi\u00e7imde ortaya koymaktad\u0131r. Yazar bu ama\u00e7la, \u201cbilin\u00e7li tarafl\u0131l\u0131k, \u201ckar\u015f\u0131l\u0131kl\u0131 bilin\u00e7lenme\u201d ve kat\u0131l\u0131mc\u0131lar\u0131n \u201caktif kat\u0131l\u0131m\u0131\u201d ilkelerini i\u00e7eren feminist ara\u015ft\u0131rma metodolojisini ve anlay\u0131\u015f\u0131n\u0131 i\u00e7selle\u015ftirerek ustal\u0131kla kurgulam\u0131\u015f ve kendisini de bu kurgu i\u00e7inde konumland\u0131rm\u0131\u015ft\u0131r. Bu kurgulamada kat\u0131l\u0131mc\u0131 kad\u0131nlar\u0131n safir, lapis, mercan gibi do\u011fan\u0131n de\u011ferli g\u00f6r\u00fclen ta\u015f adlar\u0131 olarak kodlanmas\u0131 bir tesad\u00fcf de\u011fildir. Ara\u015ft\u0131rma s\u00fcreci gibi sonu\u00e7lar da ola\u011fan\u00fcst\u00fc bir duyarl\u0131l\u0131kla ele al\u0131nm\u0131\u015f, g\u00fcncel literat\u00fcr \u0131\u015f\u0131\u011f\u0131nda ve ele\u015ftirel d\u00fc\u015f\u00fcnme yoluyla objektif bir bi\u00e7imde ara\u015ft\u0131rman\u0131n konusu olan kad\u0131nlar\u0131n deneyimlerindeki anlam\u0131 ortaya \u00e7\u0131karmay\u0131 sa\u011flam\u0131\u015ft\u0131r.Bu kitap ola\u011fan\u00fcst\u00fc i\u00e7eri\u011finin yan\u0131 s\u0131ra, bilginin ortaya \u00e7\u0131kar\u0131l\u0131\u015f s\u00fcrecinde \u00e7ok cazip bir s\u00fcre\u00e7 \u00f6rne\u011fi ve akademik yaz\u0131m bi\u00e7imi sunmaktad\u0131r. Bir bilim insan\u0131, \u00e7al\u0131\u015fma yaparken nereden nas\u0131l, hangi motivasyonla yola \u00e7\u0131kar, bir bilimsel \u00e7al\u0131\u015fma nas\u0131l kurgulan\u0131r, nas\u0131l ger\u00e7ekle\u015ftirilir ve nas\u0131l yaz\u0131l\u0131r sorular\u0131n\u0131n cevab\u0131n\u0131 verirken akla gelebilecek etik, felsefi, metodolojik ve literat\u00fcre ili\u015fkin \u00e7ok \u00e7e\u015fitli boyutlar hakk\u0131nda fikir veren bu kitab\u0131, insan\u0131 anlamay\u0131 hedefleyen her bilim alan\u0131nda \u00e7al\u0131\u015fan meslek \u00fcyelerinin ya da bu konulara merak salan herkesin yararlanabilece\u011fi bir eser olarak g\u00f6r\u00fcyorum.\u201dProf.Dr. G\u00fcls\u00fcm AN\u00c7EL <\/p>\n","protected":false},"excerpt":{"rendered":"<p>\u201cBu kitap, canl\u0131, g\u00fcl\u00fcmseyen ve sizi okumaya davet eden bir bilim kitab\u0131d\u0131r. Bu kitapta i\u00e7ine girdi\u011finizde anlaml\u0131 ve etkileyici bir yolculu\u011fa e\u015flik edebilece\u011finiz, \u00f6\u011frenebilece\u011finiz, \u00e7ok \u00e7e\u015fitli<span class=\"excerpt-hellip\"> [\u2026]<\/span><\/p>\n","protected":false},"featured_media":0,"template":"","meta":{"_monsterinsights_skip_tracking":false,"_monsterinsights_sitenote_active":false,"_monsterinsights_sitenote_note":"","_monsterinsights_sitenote_category":0},"product_brand":[],"product_cat":[12324],"product_tag":[],"class_list":{"0":"post-759892","1":"product","2":"type-product","3":"status-publish","5":"product_cat-sosyoloji","6":"pa_cilt-ciltsiz","7":"pa_tur-kitap","8":"pa_yayinevi-nika-yayinevi","9":"pa_yazar-hatice-kubra-doganci-gonca-polat","11":"first","12":"instock","13":"sale","14":"shipping-taxable","15":"purchasable","16":"product-type-simple"},"_links":{"self":[{"href":"https:\/\/roveyayinevi.com.tr\/index.php\/wp-json\/wp\/v2\/product\/759892","targetHints":{"allow":["GET"]}}],"collection":[{"href":"https:\/\/roveyayinevi.com.tr\/index.php\/wp-json\/wp\/v2\/product"}],"about":[{"href":"https:\/\/roveyayinevi.com.tr\/index.php\/wp-json\/wp\/v2\/types\/product"}],"wp:attachment":[{"href":"https:\/\/roveyayinevi.com.tr\/index.php\/wp-json\/wp\/v2\/media?parent=759892"}],"wp:term":[{"taxonomy":"product_brand","embeddable":true,"href":"https:\/\/roveyayinevi.com.tr\/index.php\/wp-json\/wp\/v2\/product_brand?post=759892"},{"taxonomy":"product_cat","embeddable":true,"href":"https:\/\/roveyayinevi.com.tr\/index.php\/wp-json\/wp\/v2\/product_cat?post=759892"},{"taxonomy":"product_tag","embeddable":true,"href":"https:\/\/roveyayinevi.com.tr\/index.php\/wp-json\/wp\/v2\/product_tag?post=759892"}],"curies":[{"name":"wp","href":"https:\/\/api.w.org\/{rel}","templated":true}]}}