{"id":759886,"date":"2025-08-28T08:48:07","date_gmt":"2025-08-28T05:48:07","guid":{"rendered":"https:\/\/roveyayinevi.com.tr\/index.php\/urun\/eylul-yalnizliginda\/"},"modified":"2026-04-16T03:12:57","modified_gmt":"2026-04-16T00:12:57","slug":"eylul-yalnizliginda","status":"publish","type":"product","link":"https:\/\/roveyayinevi.com.tr\/index.php\/urun\/eylul-yalnizliginda\/","title":{"rendered":"Eyl\u00fcl Yaln\u0131zl\u0131\u011f\u0131nda"},"content":{"rendered":"<p>Vurulmu\u015f yerlerimde Eyl\u00fcl gibi bakan g\u00f6zleri Ona bakarak b\u00fcy\u00fcd\u00fc, \u00e7i\u00e7ekleri vadilerimin G\u00f6\u011f\u00fc ekip, \u00fc\u015f\u00fcterek ya\u011fmuru   Sar\u0131ld\u0131 d\u00f6rt yan\u0131 ba\u011f\u0131m\u0131n, g\u00fclleri amans\u0131z Zengin dert ve fakir bir d\u00fc\u015f Bilmem ne eyler y\u00fcre\u011fimde \u00e7ocuk atlar\u0131m Sanki vadi g\u00f6rmeyen, kanatlar\u0131 \u00e7ekilmi\u015f ku\u015f   E\u011fildi, vadiye nergis dal\u0131 Elbet kanatlar\u0131 uzayacak ku\u015fun Ve u\u00e7aca\u011f\u0131m bir g\u00fcn sevdi\u011fim Bir eyl\u00fcl saban\u0131, g\u00f6zlerine konmak i\u00e7in <\/p>\n","protected":false},"excerpt":{"rendered":"<p>Vurulmu\u015f yerlerimde Eyl\u00fcl gibi bakan g\u00f6zleri Ona bakarak b\u00fcy\u00fcd\u00fc, \u00e7i\u00e7ekleri vadilerimin G\u00f6\u011f\u00fc ekip, \u00fc\u015f\u00fcterek ya\u011fmuru Sar\u0131ld\u0131 d\u00f6rt yan\u0131 ba\u011f\u0131m\u0131n, g\u00fclleri amans\u0131z Zengin dert ve fakir bir<span class=\"excerpt-hellip\"> [\u2026]<\/span><\/p>\n","protected":false},"featured_media":0,"template":"","meta":{"_monsterinsights_skip_tracking":false,"_monsterinsights_sitenote_active":false,"_monsterinsights_sitenote_note":"","_monsterinsights_sitenote_category":0},"product_brand":[],"product_cat":[12291,12509],"product_tag":[],"class_list":{"0":"post-759886","1":"product","2":"type-product","3":"status-publish","5":"product_cat-edebiyat","6":"product_cat-siir","7":"pa_cilt-ciltsiz","8":"pa_tur-kitap","9":"pa_yayinevi-sinirsiz-kitap","10":"pa_yazar-necip-eren","12":"first","13":"instock","14":"sale","15":"shipping-taxable","16":"purchasable","17":"product-type-simple"},"_links":{"self":[{"href":"https:\/\/roveyayinevi.com.tr\/index.php\/wp-json\/wp\/v2\/product\/759886","targetHints":{"allow":["GET"]}}],"collection":[{"href":"https:\/\/roveyayinevi.com.tr\/index.php\/wp-json\/wp\/v2\/product"}],"about":[{"href":"https:\/\/roveyayinevi.com.tr\/index.php\/wp-json\/wp\/v2\/types\/product"}],"wp:attachment":[{"href":"https:\/\/roveyayinevi.com.tr\/index.php\/wp-json\/wp\/v2\/media?parent=759886"}],"wp:term":[{"taxonomy":"product_brand","embeddable":true,"href":"https:\/\/roveyayinevi.com.tr\/index.php\/wp-json\/wp\/v2\/product_brand?post=759886"},{"taxonomy":"product_cat","embeddable":true,"href":"https:\/\/roveyayinevi.com.tr\/index.php\/wp-json\/wp\/v2\/product_cat?post=759886"},{"taxonomy":"product_tag","embeddable":true,"href":"https:\/\/roveyayinevi.com.tr\/index.php\/wp-json\/wp\/v2\/product_tag?post=759886"}],"curies":[{"name":"wp","href":"https:\/\/api.w.org\/{rel}","templated":true}]}}