{"id":759885,"date":"2025-08-28T08:48:06","date_gmt":"2025-08-28T05:48:06","guid":{"rendered":"https:\/\/roveyayinevi.com.tr\/index.php\/urun\/yeni-nesil-siniflar-ve-yonetimi\/"},"modified":"2026-04-06T13:32:21","modified_gmt":"2026-04-06T10:32:21","slug":"yeni-nesil-siniflar-ve-yonetimi","status":"publish","type":"product","link":"https:\/\/roveyayinevi.com.tr\/index.php\/urun\/yeni-nesil-siniflar-ve-yonetimi\/","title":{"rendered":"Yeni Nesil S\u0131n\u0131flar ve Y\u00f6netimi"},"content":{"rendered":"<p>S\u0131n\u0131f y\u00f6netimi, \u00f6\u011fretmenlerin s\u0131n\u0131f ortam\u0131nda \u00f6\u011frencilerin uygun davran\u0131\u015flar\u0131n\u0131 olu\u015fturdu\u011fu ve s\u00fcrd\u00fcrd\u00fc\u011f\u00fc s\u00fcre\u00e7tir. Bu s\u00fcrecin etkili bir \u015fekilde s\u00fcrd\u00fcr\u00fclmesi i\u00e7in \u00f6\u011fretmenlerin uygulamalar\u0131 gereken baz\u0131 yakla\u015f\u0131m ve stratejiler bulunmaktad\u0131r. S\u00f6z konusu yakla\u015f\u0131m ve stratejileri ba\u015far\u0131l\u0131 bir \u015fekilde uygulayabilmek i\u00e7in \u00f6\u011fretmenlerin s\u0131n\u0131f y\u00f6netimi becerilerinin geli\u015ftirilmesine ihtiya\u00e7 vard\u0131r. Ancak son zamanlarda \u00f6zellikle ya\u015famak zorunda kald\u0131\u011f\u0131m\u0131z pandemi, geleneksel s\u0131n\u0131flar\u0131n teknoloji arac\u0131l\u0131 ya da sanal s\u0131n\u0131flara d\u00f6n\u00fc\u015f\u00fcm\u00fcn\u00fcn h\u0131zlanmas\u0131na neden olmu\u015f ve bu s\u0131n\u0131f y\u00f6netiminde yeni nesil yakla\u015f\u0131mlar\u0131n kullan\u0131lmas\u0131n\u0131 zorunlu hale getirmi\u015ftir. Geleneksel s\u0131n\u0131flarda dersler, fiziksel olarak ayn\u0131 ortamda y\u00fcz y\u00fcze y\u00fcr\u00fct\u00fcl\u00fcrken, teknoloji destekli s\u0131n\u0131flarda teknolojik ara\u00e7lardan destek al\u0131nmakta, sanal s\u0131n\u0131flarda ise farkl\u0131 ortamlarda e\u015f zamanl\u0131 (senkron) ve e\u015f zamans\u0131z (asenkron) teknolojik ara\u00e7lar ve yaz\u0131l\u0131mlar arac\u0131l\u0131\u011f\u0131yla y\u00fcr\u00fct\u00fclmeye \u00e7al\u0131\u015f\u0131lmaktad\u0131r. S\u0131n\u0131f ortamlar\u0131nda meydana gelen de\u011fi\u015fimler, s\u0131n\u0131f y\u00f6netimine de farkl\u0131 bir bak\u0131\u015f a\u00e7\u0131s\u0131 getirilmesi ihtiyac\u0131n\u0131 ortaya \u00e7\u0131karm\u0131\u015ft\u0131r. Bu anlamda Yeni Nesil S\u0131n\u0131flar ve Y\u00f6netimleri kitab\u0131 \u00f6\u011fretmenlerin bu s\u00fcre\u00e7te ve gelecekte kar\u015f\u0131la\u015facaklar\u0131 farkl\u0131 s\u0131n\u0131flar\u0131n y\u00f6netimi ba\u011flam\u0131nda s\u0131n\u0131f y\u00f6netimi disiplinine farkl\u0131 bir pencereden bakmalar\u0131n\u0131 sa\u011flamay\u0131 ama\u00e7lamaktad\u0131r.<\/p>\n","protected":false},"excerpt":{"rendered":"<p>S\u0131n\u0131f y\u00f6netimi, \u00f6\u011fretmenlerin s\u0131n\u0131f ortam\u0131nda \u00f6\u011frencilerin uygun davran\u0131\u015flar\u0131n\u0131 olu\u015fturdu\u011fu ve s\u00fcrd\u00fcrd\u00fc\u011f\u00fc s\u00fcre\u00e7tir. Bu s\u00fcrecin etkili bir \u015fekilde s\u00fcrd\u00fcr\u00fclmesi i\u00e7in \u00f6\u011fretmenlerin uygulamalar\u0131 gereken baz\u0131 yakla\u015f\u0131m ve stratejiler<span class=\"excerpt-hellip\"> [\u2026]<\/span><\/p>\n","protected":false},"featured_media":0,"template":"","meta":{"_monsterinsights_skip_tracking":false,"_monsterinsights_sitenote_active":false,"_monsterinsights_sitenote_note":"","_monsterinsights_sitenote_category":0},"product_brand":[],"product_cat":[12566],"product_tag":[],"class_list":{"0":"post-759885","1":"product","2":"type-product","3":"status-publish","5":"product_cat-egitim","6":"pa_cilt-ciltsiz","7":"pa_tur-kitap","8":"pa_yayinevi-ani-yayincilik","9":"pa_yazar-kolektif","11":"first","12":"instock","13":"sale","14":"shipping-taxable","15":"purchasable","16":"product-type-simple"},"_links":{"self":[{"href":"https:\/\/roveyayinevi.com.tr\/index.php\/wp-json\/wp\/v2\/product\/759885","targetHints":{"allow":["GET"]}}],"collection":[{"href":"https:\/\/roveyayinevi.com.tr\/index.php\/wp-json\/wp\/v2\/product"}],"about":[{"href":"https:\/\/roveyayinevi.com.tr\/index.php\/wp-json\/wp\/v2\/types\/product"}],"wp:attachment":[{"href":"https:\/\/roveyayinevi.com.tr\/index.php\/wp-json\/wp\/v2\/media?parent=759885"}],"wp:term":[{"taxonomy":"product_brand","embeddable":true,"href":"https:\/\/roveyayinevi.com.tr\/index.php\/wp-json\/wp\/v2\/product_brand?post=759885"},{"taxonomy":"product_cat","embeddable":true,"href":"https:\/\/roveyayinevi.com.tr\/index.php\/wp-json\/wp\/v2\/product_cat?post=759885"},{"taxonomy":"product_tag","embeddable":true,"href":"https:\/\/roveyayinevi.com.tr\/index.php\/wp-json\/wp\/v2\/product_tag?post=759885"}],"curies":[{"name":"wp","href":"https:\/\/api.w.org\/{rel}","templated":true}]}}